{"id":356,"date":"2020-06-22T14:36:00","date_gmt":"2020-06-22T14:36:00","guid":{"rendered":"https:\/\/presto.fr\/fr\/?page_id=356"},"modified":"2021-07-19T14:13:07","modified_gmt":"2021-07-19T14:13:07","slug":"technologies","status":"publish","type":"page","link":"https:\/\/presto.fr\/fr\/entreprise\/technologies\/","title":{"rendered":"TECHNOLOGIES"},"content":{"rendered":"<div class=\"wpb-content-wrapper\"><p>[vc_row full_width=\u00a0\u00bbstretch_row_content_no_spaces\u00a0\u00bb el_class=\u00a0\u00bbrangee-slider\u00a0\u00bb][vc_column][rev_slider_vc alias=\u00a0\u00bbtechnologie\u00a0\u00bb][vc_column_text el_class=\u00a0\u00bbresponsivenone responsive496 text-bottom-slide\u00a0\u00bb]Inventeur du robinet temporis\u00e9, PRESTO a de l\u2019audace technologique dans ses g\u00e8nes. Pr\u00e9curseur dans la robinetterie \u00e9cologique et \u00e9conomique, nous avons d\u00e9velopp\u00e9 depuis 1927 des milliers de mod\u00e8les de robinets innovants. Nos inventions et brevets ont jalonn\u00e9 notre histoire et celle des lieux accueillant du public dont les besoins sp\u00e9cifiques \u00e9voluent en permanence.[\/vc_column_text][\/vc_column][\/vc_row][vc_row full_width=\u00a0\u00bbstretch_row_content_no_spaces\u00a0\u00bb css=\u00a0\u00bb.vc_custom_1602511158407{background-image: url(http:\/\/presto.fr\/wp-content\/uploads\/2020\/06\/fond-rayer-haut.png?id=301) !important;}\u00a0\u00bb el_class=\u00a0\u00bbrow_gouttes_eau row_exigences\u00a0\u00bb][vc_column][vc_row_inner el_class=\u00a0\u00bbbloc-exigences\u00a0\u00bb][vc_column_inner el_class=\u00a0\u00bbborder-right\u00a0\u00bb css=\u00a0\u00bb.vc_custom_1601623834243{padding-top: 0px !important;background-position: center !important;background-repeat: no-repeat !important;background-size: contain !important;}\u00a0\u00bb][vc_column_text el_class=\u00a0\u00bbtexte-2019-charte\u00a0\u00bb]<\/p>\n<p style=\"text-align: center;\"><span style=\"color: #000000;\"><strong>NOS EXIGENCES<\/strong><\/span><\/p>\n<p>[\/vc_column_text][vc_column_text el_class=\u00a0\u00bbbloc-piliers\u00a0\u00bb]<\/p>\n<div class=\"picto-test\">\n<p><strong><img loading=\"lazy\" decoding=\"async\" class=\"alignnone wp-image-730\" src=\"http:\/\/presto.fr\/wp-content\/uploads\/2020\/07\/economie-eau.png\" alt=\"\" width=\"71\" height=\"71\" srcset=\"https:\/\/presto.fr\/wp-content\/uploads\/2020\/07\/economie-eau.png 150w, https:\/\/presto.fr\/wp-content\/uploads\/2020\/07\/economie-eau-79x79.png 79w\" sizes=\"auto, (max-width: 71px) 100vw, 71px\" \/><\/strong><\/p>\n<p><strong>\u00c9CONOMIE D\u2019EAU<\/strong><\/p>\n<\/div>\n<div class=\"picto-test\">\n<p><strong><img loading=\"lazy\" decoding=\"async\" class=\"alignnone wp-image-734\" src=\"http:\/\/presto.fr\/wp-content\/uploads\/2020\/07\/durabilit\u00e9.png\" alt=\"\" width=\"77\" height=\"77\" srcset=\"https:\/\/presto.fr\/wp-content\/uploads\/2020\/07\/durabilit\u00e9.png 150w, https:\/\/presto.fr\/wp-content\/uploads\/2020\/07\/durabilit\u00e9-79x79.png 79w\" sizes=\"auto, (max-width: 77px) 100vw, 77px\" \/><\/strong><\/p>\n<p><strong>DURABILIT\u00c9<\/strong><\/p>\n<\/div>\n<div class=\"picto-test\">\n<p><strong><img loading=\"lazy\" decoding=\"async\" class=\"alignnone wp-image-731\" src=\"http:\/\/presto.fr\/wp-content\/uploads\/2020\/07\/hygiene.png\" alt=\"\" width=\"80\" height=\"80\" srcset=\"https:\/\/presto.fr\/wp-content\/uploads\/2020\/07\/hygiene.png 150w, https:\/\/presto.fr\/wp-content\/uploads\/2020\/07\/hygiene-79x79.png 79w\" sizes=\"auto, (max-width: 80px) 100vw, 80px\" \/><\/strong><\/p>\n<p><strong>HYGI\u00c8NE<\/strong><\/p>\n<\/div>\n<div class=\"picto-test\">\n<p><strong><img loading=\"lazy\" decoding=\"async\" class=\"alignnone wp-image-733\" src=\"http:\/\/presto.fr\/wp-content\/uploads\/2020\/07\/design.png\" alt=\"\" width=\"77\" height=\"77\" srcset=\"https:\/\/presto.fr\/wp-content\/uploads\/2020\/07\/design.png 150w, https:\/\/presto.fr\/wp-content\/uploads\/2020\/07\/design-79x79.png 79w\" sizes=\"auto, (max-width: 77px) 100vw, 77px\" \/><\/strong><\/p>\n<p><strong>DESIGN<\/strong><\/p>\n<\/div>\n<p>[\/vc_column_text][\/vc_column_inner][\/vc_row_inner][\/vc_column][\/vc_row][vc_row full_width=\u00a0\u00bbstretch_row\u00a0\u00bb][vc_column][vc_row_inner el_class=\u00a0\u00bbnos-techno-row\u00a0\u00bb][vc_column_inner el_class=\u00a0\u00bbborder-right\u00a0\u00bb css=\u00a0\u00bb.vc_custom_1594901652425{background-position: center !important;background-repeat: no-repeat !important;background-size: contain !important;}\u00a0\u00bb][vc_column_text el_class=\u00a0\u00bbtexte-2019-charte\u00a0\u00bb]<\/p>\n<p style=\"text-align: center;\"><strong>NOS TECHNOLOGIES<\/strong><\/p>\n<p>[\/vc_column_text][\/vc_column_inner][\/vc_row_inner][\/vc_column][\/vc_row][vc_row el_class=\u00a0\u00bbrow_onglets\u00a0\u00bb][vc_column][vc_tta_tabs][vc_tta_section title=\u00a0\u00bbROBINETTERIE<br \/>\nTEMPORIS\u00c9E M\u00c9CANIQUE\u00a0\u00bb tab_id=\u00a0\u00bb1594901946821-5e1e4b7f-669e\u00a0\u00bb][vc_column_text]<\/p>\n<h3><span style=\"color: #ffffff;\">Le 1<sup>er<\/sup> <b>robinet<\/b> \u00e0 bouton-poussoir<\/span><\/h3>\n<p><span style=\"color: #ffffff;\">Une simple pression de l\u2019utilisateur sur le bouton-poussoir suffit \u00e0 d\u00e9clencher l\u2019eau et \u00e0 l\u2019arr\u00eater automatiquement apr\u00e8s une dur\u00e9e d\u00e9termin\u00e9e.<\/span><\/p>\n<p>&nbsp;<\/p>\n<p><span style=\"color: #ffffff;\">Nos\u00a0robinets temporis\u00e9s\u00a0m\u00e9caniques sont tous \u00e9quip\u00e9s d\u2019une cartouche avec fil frein et d\u2019un rubis synth\u00e9tique autonettoyant. Cette technologie brevet\u00e9e assure la fiabilit\u00e9 de la temporisation et du d\u00e9bit d\u2019une part et garantit l\u2019int\u00e9grit\u00e9 du m\u00e9canisme et sa durabilit\u00e9 d\u2019autre part. Les\u00a0robinets PRESTO\u00a0sont les plus fiables sur leur march\u00e9. Gr\u00e2ce \u00e0 ses performances exceptionnelles, la technologie\u00a0PRESTO\u00a0a obtenu un certain nombre de normes et certifications \u00e0 travers le monde, \u00e0 commencer par la France, son pays d\u2019origine.<\/span><\/p>\n<p><span style=\"color: #ffffff;\">\u00a0PRESTO\u00a0est, en France, la marque de\u00a0robinetterie de collectivit\u00e9s\u00a0dont l\u2019offre propose le plus grand nombre de\u00a0robinets\u00a0certifi\u00e9s NF. C\u2019est le seul label fran\u00e7ais garantissant un produit de qualit\u00e9 aux installateurs, aux exploitants et aux utilisateurs.<\/span><\/p>\n<p>&nbsp;<\/p>\n<p><span style=\"color: #ffffff;\"><b>+ \u00e9conomique\u00a0:<\/b> le\u00a0robinet\u00a0s\u2019arr\u00eate automatiquement apr\u00e8s une temporisation r\u00e9gl\u00e9e en usine<\/span><br \/>\n<span style=\"color: #ffffff;\"><b>+ robuste\u00a0:<\/b> cette solution est adapt\u00e9e \u00e0 un usage intensif et aux lieux sujets au vandalisme<\/span><br \/>\n<span style=\"color: #ffffff;\"><b>+ durable\u00a0:<\/b> garantie 10 ans<\/span>[\/vc_column_text][\/vc_tta_section][vc_tta_section title=\u00a0\u00bbROBINETTERIE<br \/>\nTEMPORIS\u00c9E SENSITIVE\u00a0\u00bb tab_id=\u00a0\u00bb1594901946847-e4750eeb-8dc8&Prime;][vc_column_text]<\/p>\n<h3><span style=\"color: #ffffff;\">Le <b>robinet <\/b>Start and Stop<\/span><\/h3>\n<p><span style=\"color: #ffffff;\">Pour optimiser la quantit\u00e9 d\u2019eau utilis\u00e9e, nous avons d\u00e9velopp\u00e9 la fonction Start\/Stop.<\/span><\/p>\n<p><span style=\"color: #ffffff;\"><br \/>\nLe d\u00e9clenchement de l\u2019eau se commande par simple effleurement de la piste de d\u00e9clenchement. L\u2019arr\u00eat se produit apr\u00e8s un temps programm\u00e9 ou \u00e0 tout moment par un second effleurement de la piste de d\u00e9clenchement.<\/span><span style=\"color: #ffffff;\">On parle de \u00ab piste de d\u00e9clenchement \u00bb plut\u00f4t que de \u00ab bouton \u00bb car il n\u2019y a pas d\u2019action m\u00e9canique n\u00e9cessaire pour ouvrir le\u00a0robinet. Ce mode de d\u00e9clenchement permet une utilisation sans effort et compr\u00e9hensible par toutes les populations.<\/span><\/p>\n<p><span style=\"color: #ffffff;\">Cette technologie permet d\u2019\u00e9quiper les \u00e9tablissements pour un budget interm\u00e9diaire entre le\u00a0temporis\u00e9 m\u00e9canique\u00a0et\u00a0l\u2019\u00e9lectronique \u00e0 infrarouge.<\/span><\/p>\n<p>&nbsp;<\/p>\n<p><span style=\"color: #ffffff;\"><b>+ \u00e9conomique\u00a0:<\/b> le\u00a0robinet\u00a0s\u2019arr\u00eate automatiquement apr\u00e8s un temps d\u2019\u00e9coulement pr\u00e9cis<\/span><br \/>\n<span style=\"color: #ffffff;\"><b>+ hygi\u00e9nique\u00a0\u2013\u00a0anti-bact\u00e9ries\u00a0:<\/b> l\u2019arr\u00eat automatique du\u00a0robinet\u00a0\u00e9vite aux utilisateurs de le toucher une fois leurs mains propres<\/span><br \/>\n<span style=\"color: #ffffff;\"><b>+ s\u00fbre\u00a0:<\/b> s\u00e9curit\u00e9 anti-d\u00e9bordement en cas de coupure de l\u2019alimentation \u00e9lectrique<\/span><br \/>\n<span style=\"color: #ffffff;\"><b>+ ma\u00eetrisable\u00a0:<\/b> rin\u00e7age automatique programmable<\/span>[\/vc_column_text][\/vc_tta_section][vc_tta_section title=\u00a0\u00bbROBINETTERIE<br \/>\nTEMPORIS\u00c9E \u00c9LECTRONIQUE\u00a0\u00bb tab_id=\u00a0\u00bb1594901979143-3ff53a69-2258&Prime;][vc_column_text]<\/p>\n<h3><span style=\"color: #ffffff;\">Le <b>robinet <\/b>sans contact, depuis 40 ans chez PRESTO<\/span><\/h3>\n<p><span style=\"color: #ffffff;\">Encore plus hygi\u00e9nique, notre robinetterie \u00e9lectronique d\u00e9livre pr\u00e9cis\u00e9ment la juste quantit\u00e9 d\u2019eau n\u00e9cessaire \u00e0 chaque utilisation. Sans contact avec le robinet, l\u2019\u00e9coulement de l\u2019eau se d\u00e9clenche \u00e0 la d\u00e9tection d\u2019un mouvement des mains et s\u2019arr\u00eate automatiquement \u00e0 leur retrait.<\/span><\/p>\n<p><span style=\"color: #ffffff;\"><br \/>\nLes robinets \u00e9lectroniques \u00e0 infrarouge, \u00e9galement appel\u00e9s robinets sans contact, b\u00e9n\u00e9ficient de plus de 40 ans d\u2019exp\u00e9rience PRESTO. Nous proposons ces robinets sur nos gammes de lavabo, les douche, urinoir et chasse. <\/span><span style=\"color: #ffffff;\">\u00c9vitant ainsi tout contact entre l\u2019utilisateur et l\u2019appareil, ce principe limite consid\u00e9rablement le d\u00e9veloppement et la transmission de bact\u00e9ries entre les utilisateurs. La\u00a0robinetterie \u00e9lectronique\u00a0r\u00e9pond parfaitement aux crit\u00e8res les plus exigeants d\u2019hygi\u00e8ne dans les \u00e9tablissements sensibles ou en p\u00e9riode d\u2019\u00e9pid\u00e9mies fortement contagieuses.<\/span><\/p>\n<p><span style=\"color: #ffffff;\">Les\u00a0robinets\u00a0\u00e9lectroniques \u00e0\u00a0infrarouge\u00a0\u00ab haut de gamme \u00bb\u00a0PRESTO\u00a0sont privil\u00e9gi\u00e9s par les cabinets d\u2019architecture et \u00e9quipent ainsi depuis leur apparition les plus grands lieux : a\u00e9roports, h\u00f4tels de luxe, tours de bureaux et si\u00e8ges sociaux des plus grandes compagnies \u00e0 travers le monde.<\/span><span style=\"color: #ffffff;\">La derni\u00e8re g\u00e9n\u00e9ration de cellule appel\u00e9e LYNX, d\u00e9velopp\u00e9e par\u00a0PRESTO, offre une d\u00e9tection plus pr\u00e9cise des mouvements et interagit avec les\u00a0robinets\u00a0gr\u00e2ce \u00e0 une interface permettant de contr\u00f4ler et de param\u00e9trer les diff\u00e9rents r\u00e9glages.<\/span><\/p>\n<p>&nbsp;<\/p>\n<p><span style=\"color: #ffffff;\"><b>+ \u00e9conomique :<\/b> le robinet\u00a0d\u00e9livre la juste quantit\u00e9 d\u2019eau n\u00e9cessaire \u00e0 l\u2019utilisation (livr\u00e9e en s\u00e9rie avec r\u00e9gulateur de d\u00e9bit 3 l\/mn)<\/span><br \/>\n<span style=\"color: #ffffff;\"><b>+ hygi\u00e9nique \u2013 anti-bact\u00e9ries\u00a0:<\/b> l\u2019arr\u00eat automatique du\u00a0robinet\u00a0\u00e9vite aux utilisateurs de le toucher une fois les mains propres<\/span><br \/>\n<span style=\"color: #ffffff;\"><b>+ s\u00fbre\u00a0:<\/b> s\u00e9curit\u00e9 anti-d\u00e9bordement en cas de coupure de l\u2019alimentation \u00e9lectrique<\/span><br \/>\n<span style=\"color: #ffffff;\"><b>+ adaptable\u00a0:<\/b> interchangeable avec tous types de\u00a0robinetteries<\/span>[\/vc_column_text][\/vc_tta_section][vc_tta_section title=\u00a0\u00bbLA TECHNOLOGIE<br \/>\nMASTERMIX <sup>\u00ae<\/sup>\u00a0\u00bb tab_id=\u00a0\u00bb1595603001794-94cd7e21-5294&Prime;][vc_column_text]<\/p>\n<p><span style=\"color: #ffffff;\">La nouvelle g\u00e9n\u00e9ration de mitigeurs thermostatiques SANIFIRST <sup>\u00ae<\/sup> embarque la technologie unique et brevet\u00e9e MasterMix<sup>\u00ae<\/sup> qui limite les risques de br\u00fblure et de contamination pour les patients et le personnel soignant.<\/span><\/p>\n<p><span style=\"color: #ffffff;\">Elle se d\u00e9cline d\u00e9sormais sur tous les supports :<br \/>\n<\/span><span style=\"color: #ffffff;\">\u2022 Lavabo (avec et sans douchette extractible)<br \/>\n\u2022 Douche applique (sortie haute et basse)<br \/>\n\u2022 Douche coffret (m\u00e9canique et sensitif Touch<sup>\u00ae<\/sup>)<br \/>\n<\/span><span style=\"color: #ffffff;\">\u2022 Panneau de douche PRESTOTEM 2<sup>\u00ae<\/sup> (m\u00e9canique et sensitif TOUCH)<\/span><\/p>\n<p>&nbsp;<\/p>\n<p><span style=\"color: #ffffff;\">La technologie MasterMix<sup>\u00ae<\/sup> \u00e9vite toute intercommunication entre l\u2019ECS (eau chaude sanitaire) et l\u2019EFS (eau froide sanitaire) nous permettant de nous affranchir des clapets anti-retour, tr\u00e8s souvent \u00e0 l\u2019origine d\u2019intercommunications.<\/span><\/p>\n<p>&nbsp;<\/p>\n<p><span style=\"color: #ffffff;\">La temp\u00e9rature est ma\u00eetris\u00e9e car la cartouche thermostatique emp\u00eache tout \u00e9coulement de l\u2019eau en cas de coupure instantan\u00e9e (conformit\u00e9 norme NF EN 1111). La double but\u00e9e de temp\u00e9rature limite la temp\u00e9rature mitig\u00e9e de sortie \u00e0 38\u00b0C et 41\u00b0C. Le corps reste froid.<\/span><\/p>\n<p>&nbsp;<\/p>\n<p><span style=\"color: #ffffff;\">La cartouche thermostatique peut \u00eatre chang\u00e9e sans couper l\u2019eau. Il suffit de laisser la manette en position \u00ab ferm\u00e9e \u00bb.<\/span><\/p>\n<p><span style=\"color: #ffffff;\">La technologie MasterMix<sup>\u00ae<\/sup> est LA technologie \u00e0 privil\u00e9gier pour tout public sensible, du nouveau-n\u00e9 \u00e0 la personne \u00e2g\u00e9e, en passant par les personnes immunod\u00e9pressives.<\/span><\/p>\n<p>&nbsp;<\/p>\n<p><span style=\"color: #ffffff;\"><b>+ hygi\u00e9nique \u2013 anti-bact\u00e9ries\u00a0:<\/b> la suppression d\u2019environnements favorables \u00e0 la prolif\u00e9ration bact\u00e9rienne limite les risques de contaminations des patients et utilisateurs<br \/>\n<strong>+ s\u00fbre :<\/strong>\u00a0gr\u00e2ce \u00e0 sa s\u00e9curit\u00e9 anti br\u00fblure, les patients ne prennent pas de risques quelle que soit la sensibilit\u00e9 de leur peau<\/span><br \/>\n<span style=\"color: #ffffff;\"><b>+ <strong>s\u00fbre \u2013 r\u00e9seau ECS<\/strong> :<\/b> gr\u00e2ce \u00e0 la non intercommunication ECS EFS, pas de r\u00e9tro-contamination possible \u00e0 cause du robinet de lavabo ou de douche<\/span><\/p>\n<p>[\/vc_column_text][\/vc_tta_section][\/vc_tta_tabs][\/vc_column][\/vc_row]<\/p>\n<\/div>","protected":false},"excerpt":{"rendered":"<p>[vc_row full_width=\u00a0\u00bbstretch_row_content_no_spaces\u00a0\u00bb el_class=\u00a0\u00bbrangee-slider\u00a0\u00bb][vc_column][rev_slider_vc alias=\u00a0\u00bbtechnologie\u00a0\u00bb][vc_column_text el_class=\u00a0\u00bbresponsivenone responsive496 text-bottom-slide\u00a0\u00bb]Inventeur du robinet temporis\u00e9, PRESTO a de l\u2019audace technologique dans ses g\u00e8nes. Pr\u00e9curseur dans la robinetterie \u00e9cologique et \u00e9conomique, nous avons d\u00e9velopp\u00e9 depuis 1927 des milliers de mod\u00e8les de robinets innovants. Nos inventions et brevets ont jalonn\u00e9 notre histoire et celle des lieux accueillant du public dont les besoins<\/p>\n","protected":false},"author":1,"featured_media":0,"parent":11,"menu_order":45,"comment_status":"closed","ping_status":"closed","template":"","meta":{"_acf_changed":false,"footnotes":""},"class_list":["post-356","page","type-page","status-publish","hentry"],"acf":[],"yoast_head":"<!-- This site is optimized with the Yoast SEO plugin v27.5 - https:\/\/yoast.com\/product\/yoast-seo-wordpress\/ -->\n<title>Expertise et technologies | D\u00e9couvrez la maison PRESTO | PRESTO<\/title>\n<meta name=\"description\" content=\"Inventeur du robinet temporis\u00e9, PRESTO a de l\u2019audace technologique. Pr\u00e9curseur dans la robinetterie \u00e9cologique et\u00e9conomique...\" \/>\n<meta name=\"robots\" content=\"index, follow, max-snippet:-1, max-image-preview:large, max-video-preview:-1\" \/>\n<link rel=\"canonical\" href=\"https:\/\/presto.fr\/fr\/entreprise\/technologies\/\" \/>\n<meta property=\"og:locale\" content=\"fr_FR\" \/>\n<meta property=\"og:type\" content=\"article\" \/>\n<meta property=\"og:title\" content=\"Expertise et technologies | D\u00e9couvrez la maison PRESTO | PRESTO\" \/>\n<meta property=\"og:description\" content=\"Inventeur du robinet temporis\u00e9, PRESTO a de l\u2019audace technologique. Pr\u00e9curseur dans la robinetterie \u00e9cologique et\u00e9conomique...\" \/>\n<meta property=\"og:url\" content=\"https:\/\/presto.fr\/fr\/entreprise\/technologies\/\" \/>\n<meta property=\"og:site_name\" content=\"Presto\" \/>\n<meta property=\"article:modified_time\" content=\"2021-07-19T14:13:07+00:00\" \/>\n<meta property=\"og:image\" content=\"http:\/\/presto.fr\/wp-content\/uploads\/2020\/07\/economie-eau.png\" \/>\n<meta name=\"twitter:card\" content=\"summary_large_image\" \/>\n<meta name=\"twitter:label1\" content=\"Dur\u00e9e de lecture estim\u00e9e\" \/>\n\t<meta name=\"twitter:data1\" content=\"5 minutes\" \/>\n<script type=\"application\/ld+json\" class=\"yoast-schema-graph\">{\"@context\":\"https:\\\/\\\/schema.org\",\"@graph\":[{\"@type\":\"WebPage\",\"@id\":\"https:\\\/\\\/presto.fr\\\/fr\\\/entreprise\\\/technologies\\\/\",\"url\":\"https:\\\/\\\/presto.fr\\\/fr\\\/entreprise\\\/technologies\\\/\",\"name\":\"Expertise et technologies | D\u00e9couvrez la maison PRESTO | PRESTO\",\"isPartOf\":{\"@id\":\"https:\\\/\\\/presto.fr\\\/fr\\\/#website\"},\"primaryImageOfPage\":{\"@id\":\"https:\\\/\\\/presto.fr\\\/fr\\\/entreprise\\\/technologies\\\/#primaryimage\"},\"image\":{\"@id\":\"https:\\\/\\\/presto.fr\\\/fr\\\/entreprise\\\/technologies\\\/#primaryimage\"},\"thumbnailUrl\":\"http:\\\/\\\/presto.fr\\\/wp-content\\\/uploads\\\/2020\\\/07\\\/economie-eau.png\",\"datePublished\":\"2020-06-22T14:36:00+00:00\",\"dateModified\":\"2021-07-19T14:13:07+00:00\",\"description\":\"Inventeur du robinet temporis\u00e9, PRESTO a de l\u2019audace technologique. Pr\u00e9curseur dans la robinetterie \u00e9cologique et\u00e9conomique...\",\"breadcrumb\":{\"@id\":\"https:\\\/\\\/presto.fr\\\/fr\\\/entreprise\\\/technologies\\\/#breadcrumb\"},\"inLanguage\":\"fr-FR\",\"potentialAction\":[{\"@type\":\"ReadAction\",\"target\":[\"https:\\\/\\\/presto.fr\\\/fr\\\/entreprise\\\/technologies\\\/\"]}]},{\"@type\":\"ImageObject\",\"inLanguage\":\"fr-FR\",\"@id\":\"https:\\\/\\\/presto.fr\\\/fr\\\/entreprise\\\/technologies\\\/#primaryimage\",\"url\":\"http:\\\/\\\/presto.fr\\\/wp-content\\\/uploads\\\/2020\\\/07\\\/economie-eau.png\",\"contentUrl\":\"http:\\\/\\\/presto.fr\\\/wp-content\\\/uploads\\\/2020\\\/07\\\/economie-eau.png\"},{\"@type\":\"BreadcrumbList\",\"@id\":\"https:\\\/\\\/presto.fr\\\/fr\\\/entreprise\\\/technologies\\\/#breadcrumb\",\"itemListElement\":[{\"@type\":\"ListItem\",\"position\":1,\"name\":\"Accueil\",\"item\":\"https:\\\/\\\/presto.fr\\\/fr\\\/\"},{\"@type\":\"ListItem\",\"position\":2,\"name\":\"Entreprise\",\"item\":\"https:\\\/\\\/presto.fr\\\/fr\\\/entreprise\\\/\"},{\"@type\":\"ListItem\",\"position\":3,\"name\":\"TECHNOLOGIES\"}]},{\"@type\":\"WebSite\",\"@id\":\"https:\\\/\\\/presto.fr\\\/fr\\\/#website\",\"url\":\"https:\\\/\\\/presto.fr\\\/fr\\\/\",\"name\":\"Presto\",\"description\":\"Robinetterie\",\"potentialAction\":[{\"@type\":\"SearchAction\",\"target\":{\"@type\":\"EntryPoint\",\"urlTemplate\":\"https:\\\/\\\/presto.fr\\\/fr\\\/?s={search_term_string}\"},\"query-input\":{\"@type\":\"PropertyValueSpecification\",\"valueRequired\":true,\"valueName\":\"search_term_string\"}}],\"inLanguage\":\"fr-FR\"}]}<\/script>\n<!-- \/ Yoast SEO plugin. -->","yoast_head_json":{"title":"Expertise et technologies | D\u00e9couvrez la maison PRESTO | PRESTO","description":"Inventeur du robinet temporis\u00e9, PRESTO a de l\u2019audace technologique. Pr\u00e9curseur dans la robinetterie \u00e9cologique et\u00e9conomique...","robots":{"index":"index","follow":"follow","max-snippet":"max-snippet:-1","max-image-preview":"max-image-preview:large","max-video-preview":"max-video-preview:-1"},"canonical":"https:\/\/presto.fr\/fr\/entreprise\/technologies\/","og_locale":"fr_FR","og_type":"article","og_title":"Expertise et technologies | D\u00e9couvrez la maison PRESTO | PRESTO","og_description":"Inventeur du robinet temporis\u00e9, PRESTO a de l\u2019audace technologique. Pr\u00e9curseur dans la robinetterie \u00e9cologique et\u00e9conomique...","og_url":"https:\/\/presto.fr\/fr\/entreprise\/technologies\/","og_site_name":"Presto","article_modified_time":"2021-07-19T14:13:07+00:00","og_image":[{"url":"http:\/\/presto.fr\/wp-content\/uploads\/2020\/07\/economie-eau.png","type":"","width":"","height":""}],"twitter_card":"summary_large_image","twitter_misc":{"Dur\u00e9e de lecture estim\u00e9e":"5 minutes"},"schema":{"@context":"https:\/\/schema.org","@graph":[{"@type":"WebPage","@id":"https:\/\/presto.fr\/fr\/entreprise\/technologies\/","url":"https:\/\/presto.fr\/fr\/entreprise\/technologies\/","name":"Expertise et technologies | D\u00e9couvrez la maison PRESTO | PRESTO","isPartOf":{"@id":"https:\/\/presto.fr\/fr\/#website"},"primaryImageOfPage":{"@id":"https:\/\/presto.fr\/fr\/entreprise\/technologies\/#primaryimage"},"image":{"@id":"https:\/\/presto.fr\/fr\/entreprise\/technologies\/#primaryimage"},"thumbnailUrl":"http:\/\/presto.fr\/wp-content\/uploads\/2020\/07\/economie-eau.png","datePublished":"2020-06-22T14:36:00+00:00","dateModified":"2021-07-19T14:13:07+00:00","description":"Inventeur du robinet temporis\u00e9, PRESTO a de l\u2019audace technologique. Pr\u00e9curseur dans la robinetterie \u00e9cologique et\u00e9conomique...","breadcrumb":{"@id":"https:\/\/presto.fr\/fr\/entreprise\/technologies\/#breadcrumb"},"inLanguage":"fr-FR","potentialAction":[{"@type":"ReadAction","target":["https:\/\/presto.fr\/fr\/entreprise\/technologies\/"]}]},{"@type":"ImageObject","inLanguage":"fr-FR","@id":"https:\/\/presto.fr\/fr\/entreprise\/technologies\/#primaryimage","url":"http:\/\/presto.fr\/wp-content\/uploads\/2020\/07\/economie-eau.png","contentUrl":"http:\/\/presto.fr\/wp-content\/uploads\/2020\/07\/economie-eau.png"},{"@type":"BreadcrumbList","@id":"https:\/\/presto.fr\/fr\/entreprise\/technologies\/#breadcrumb","itemListElement":[{"@type":"ListItem","position":1,"name":"Accueil","item":"https:\/\/presto.fr\/fr\/"},{"@type":"ListItem","position":2,"name":"Entreprise","item":"https:\/\/presto.fr\/fr\/entreprise\/"},{"@type":"ListItem","position":3,"name":"TECHNOLOGIES"}]},{"@type":"WebSite","@id":"https:\/\/presto.fr\/fr\/#website","url":"https:\/\/presto.fr\/fr\/","name":"Presto","description":"Robinetterie","potentialAction":[{"@type":"SearchAction","target":{"@type":"EntryPoint","urlTemplate":"https:\/\/presto.fr\/fr\/?s={search_term_string}"},"query-input":{"@type":"PropertyValueSpecification","valueRequired":true,"valueName":"search_term_string"}}],"inLanguage":"fr-FR"}]}},"_links":{"self":[{"href":"https:\/\/presto.fr\/fr\/wp-json\/wp\/v2\/pages\/356","targetHints":{"allow":["GET"]}}],"collection":[{"href":"https:\/\/presto.fr\/fr\/wp-json\/wp\/v2\/pages"}],"about":[{"href":"https:\/\/presto.fr\/fr\/wp-json\/wp\/v2\/types\/page"}],"author":[{"embeddable":true,"href":"https:\/\/presto.fr\/fr\/wp-json\/wp\/v2\/users\/1"}],"replies":[{"embeddable":true,"href":"https:\/\/presto.fr\/fr\/wp-json\/wp\/v2\/comments?post=356"}],"version-history":[{"count":4,"href":"https:\/\/presto.fr\/fr\/wp-json\/wp\/v2\/pages\/356\/revisions"}],"predecessor-version":[{"id":6013,"href":"https:\/\/presto.fr\/fr\/wp-json\/wp\/v2\/pages\/356\/revisions\/6013"}],"up":[{"embeddable":true,"href":"https:\/\/presto.fr\/fr\/wp-json\/wp\/v2\/pages\/11"}],"wp:attachment":[{"href":"https:\/\/presto.fr\/fr\/wp-json\/wp\/v2\/media?parent=356"}],"curies":[{"name":"wp","href":"https:\/\/api.w.org\/{rel}","templated":true}]}}