{"id":3855,"date":"2020-10-27T09:32:11","date_gmt":"2020-10-27T09:32:11","guid":{"rendered":"https:\/\/presto.fr\/fr\/?page_id=3855"},"modified":"2021-07-20T07:55:29","modified_gmt":"2021-07-20T07:55:29","slug":"en-savoir-plus-sur-les-cookies","status":"publish","type":"page","link":"https:\/\/presto.fr\/fr\/en-savoir-plus-sur-les-cookies\/","title":{"rendered":"En savoir plus sur les cookies"},"content":{"rendered":"<div class=\"wpb-content-wrapper\"><p>[vc_row][vc_column][rev_slider_vc alias=\u00a0\u00bbcookie\u00a0\u00bb][\/vc_column][\/vc_row][vc_row][vc_column][vc_column_text]<\/p>\n<h2><span style=\"color: #000000;\"><strong>Qu&rsquo;est-ce qu&rsquo;un cookie ?<\/strong><\/span><\/h2>\n<p><span style=\"color: #000000;\">Un cookie est un petit fichier texte plac\u00e9 sur votre navigateur (ordinateur, tablette ou t\u00e9l\u00e9phone portable) lorsque vous visitez un site ou visualisez une publicit\u00e9. Les cookies ne vous reconnaissent pas personnellement en tant qu&rsquo;individu, ils reconnaissent uniquement l&rsquo;appareil que vous utilisez. Leur but est de recueillir des informations relatives \u00e0 votre navigation sur les sites. Lors de votre premi\u00e8re visite sur ijkoa.com \u00ab\u00a0le site\u00a0\u00bb, une banni\u00e8re de cookie appara\u00eetra sur la page d&rsquo;accueil. Un lien cliquable vous permet d&rsquo;en savoir plus sur l&rsquo;objectif et le fonctionnement des cookies. La poursuite de la navigation sur une autre page du Site ou la s\u00e9lection d&rsquo;un \u00e9l\u00e9ment du Site (notamment : image, texte, lien, etc.) mat\u00e9rialise votre acceptation du d\u00e9p\u00f4t des cookies en question sur votre ordinateur. Lorsque vous visitez notre Site, un cookie peut \u00eatre enregistr\u00e9 sur votre ordinateur (si votre ordinateur accepte les cookies) et si vous revenez sur le Site, le cookie peut \u00eatre lu. Nous utilisons les cookies pour faciliter la collecte de donn\u00e9es sur les visites de notre site et, dans certains cas, pour fournir un contenu sp\u00e9cialis\u00e9. Un cookie ne peut pas lire les donn\u00e9es de votre disque dur ni les fichiers de cookies cr\u00e9\u00e9s par d&rsquo;autres sites. Certaines parties de notre site utilisent des cookies pour suivre les habitudes de navigation des utilisateurs. Nous le faisons afin de d\u00e9terminer la pertinence des informations propos\u00e9es sur notre site et de voir dans quelle mesure notre structure de navigation permet aux utilisateurs d&rsquo;y acc\u00e9der. Nous ne corr\u00e9lons pas ces informations avec les donn\u00e9es des utilisateurs, nous ne partageons pas ces informations avec des tiers et nous ne les vendons pas. Si vous pr\u00e9f\u00e9rez ne pas recevoir de cookies sur notre site, vous pouvez configurer votre navigateur pour qu&rsquo;il vous avertisse de l&rsquo;arriv\u00e9e d&rsquo;un cookie et vous donne la possibilit\u00e9 de refuser chaque cookie. Vous pouvez \u00e9galement refuser tous les cookies en les d\u00e9sactivant dans votre navigateur. L&rsquo;activation des cookies n&rsquo;est requise dans aucune zone de notre site.<\/span><\/p>\n<h2><span style=\"color: #000000;\"><strong>Types de cookies que nous pouvons d\u00e9poser sur votre terminal<\/strong><\/span><\/h2>\n<p><span style=\"color: #000000;\">Nous utilisons GOOGLE ANALYTICS pour am\u00e9liorer le fonctionnement de notre site et votre exp\u00e9rience de navigation. Deux types de cookies sont utilis\u00e9s sur le site :<\/span><\/p>\n<ul>\n<li><span style=\"color: #000000;\">Le cookie _ga, dur\u00e9e de vie 2 ans<\/span><\/li>\n<li><span style=\"color: #000000;\">Le cookie _gid, dur\u00e9e de vie 24 heures.<\/span><\/li>\n<\/ul>\n<p><span style=\"color: #000000;\">Ces cookies de mesure d&rsquo;audience nous permettent de mesurer l&rsquo;audience des diff\u00e9rents contenus et sections de notre site, votre exp\u00e9rience de navigation sur notre site ainsi que les \u00e9ventuels incidents de navigation, afin d&rsquo;am\u00e9liorer la mani\u00e8re dont nous pr\u00e9sentons le contenu. Ces cookies ne collectent pas d&rsquo;informations nominatives sans le consentement de l&rsquo;utilisateur. Ils ne sont pas exploitables par IJKOA autrement que dans le cadre d\u00e9crit par la pr\u00e9sente politique et ne repr\u00e9sentent pas une menace telle que la transmission de virus informatiques. Cela signifie que dans le cas o\u00f9 l&rsquo;utilisateur a accept\u00e9 l&rsquo;installation de cookies, ceux-ci seront automatiquement d\u00e9sactiv\u00e9s \u00e0 la fin de la p\u00e9riode indiqu\u00e9e. Au-del\u00e0 de ce d\u00e9lai, son consentement devra \u00eatre recueilli \u00e0 nouveau pour qu&rsquo;il puisse \u00eatre r\u00e9install\u00e9.<\/span><\/p>\n<h2><span style=\"color: #000000;\"><strong>Gestion des cookies<\/strong><\/span><\/h2>\n<p><span style=\"color: #000000;\">L&rsquo;utilisateur a la possibilit\u00e9 de s&rsquo;opposer \u00e0 l&rsquo;installation et \u00e0 l&rsquo;utilisation de cookies. Ce choix peut \u00eatre fait \u00e0 tout moment et l&rsquo;utilisateur est libre de le modifier. Pour une meilleure connaissance et un meilleur contr\u00f4le des cookies de toute origine, vous pouvez consulter le site de la CNIL (Commission Nationale de l&rsquo;Informatique et des Libert\u00e9s) : http:\/\/www.cnil.fr\/vos-droits\/vos-traces\/les-cookies\/. Pour modifier vos pr\u00e9f\u00e9rences en mati\u00e8re de cookies, veuillez vous r\u00e9f\u00e9rer \u00e0 l&rsquo;aide en ligne de vos navigateurs (Microsoft Internet Explorer, Safari, Firefox, Google Chrome&#8230;).<\/span>[\/vc_column_text][\/vc_column][\/vc_row]<\/p>\n<\/div>","protected":false},"excerpt":{"rendered":"<p>[vc_row][vc_column][rev_slider_vc alias=\u00a0\u00bbcookie\u00a0\u00bb][\/vc_column][\/vc_row][vc_row][vc_column][vc_column_text] Qu&rsquo;est-ce qu&rsquo;un cookie ? Un cookie est un petit fichier texte plac\u00e9 sur votre navigateur (ordinateur, tablette ou t\u00e9l\u00e9phone portable) lorsque vous visitez un site ou visualisez une publicit\u00e9. Les cookies ne vous reconnaissent pas personnellement en tant qu&rsquo;individu, ils reconnaissent uniquement l&rsquo;appareil que vous utilisez. Leur but est de recueillir des informations<\/p>\n","protected":false},"author":1,"featured_media":0,"parent":0,"menu_order":1,"comment_status":"closed","ping_status":"closed","template":"","meta":{"_acf_changed":false,"footnotes":""},"class_list":["post-3855","page","type-page","status-publish","hentry"],"acf":[],"yoast_head":"<!-- This site is optimized with the Yoast SEO plugin v27.5 - https:\/\/yoast.com\/product\/yoast-seo-wordpress\/ -->\n<title>En savoir plus sur les cookies - Presto<\/title>\n<meta name=\"robots\" content=\"index, follow, max-snippet:-1, max-image-preview:large, max-video-preview:-1\" \/>\n<link rel=\"canonical\" href=\"https:\/\/presto.fr\/fr\/en-savoir-plus-sur-les-cookies\/\" \/>\n<meta property=\"og:locale\" content=\"fr_FR\" \/>\n<meta property=\"og:type\" content=\"article\" \/>\n<meta property=\"og:title\" content=\"En savoir plus sur les cookies - Presto\" \/>\n<meta property=\"og:description\" content=\"[vc_row][vc_column][rev_slider_vc alias=\u00a0\u00bbcookie\u00a0\u00bb][\/vc_column][\/vc_row][vc_row][vc_column][vc_column_text] Qu&rsquo;est-ce qu&rsquo;un cookie ? Un cookie est un petit fichier texte plac\u00e9 sur votre navigateur (ordinateur, tablette ou t\u00e9l\u00e9phone portable) lorsque vous visitez un site ou visualisez une publicit\u00e9. Les cookies ne vous reconnaissent pas personnellement en tant qu&rsquo;individu, ils reconnaissent uniquement l&rsquo;appareil que vous utilisez. Leur but est de recueillir des informations\" \/>\n<meta property=\"og:url\" content=\"https:\/\/presto.fr\/fr\/en-savoir-plus-sur-les-cookies\/\" \/>\n<meta property=\"og:site_name\" content=\"Presto\" \/>\n<meta property=\"article:modified_time\" content=\"2021-07-20T07:55:29+00:00\" \/>\n<meta name=\"twitter:card\" content=\"summary_large_image\" \/>\n<meta name=\"twitter:label1\" content=\"Dur\u00e9e de lecture estim\u00e9e\" \/>\n\t<meta name=\"twitter:data1\" content=\"3 minutes\" \/>\n<script type=\"application\/ld+json\" class=\"yoast-schema-graph\">{\"@context\":\"https:\\\/\\\/schema.org\",\"@graph\":[{\"@type\":\"WebPage\",\"@id\":\"https:\\\/\\\/presto.fr\\\/fr\\\/en-savoir-plus-sur-les-cookies\\\/\",\"url\":\"https:\\\/\\\/presto.fr\\\/fr\\\/en-savoir-plus-sur-les-cookies\\\/\",\"name\":\"En savoir plus sur les cookies - Presto\",\"isPartOf\":{\"@id\":\"https:\\\/\\\/presto.fr\\\/fr\\\/#website\"},\"datePublished\":\"2020-10-27T09:32:11+00:00\",\"dateModified\":\"2021-07-20T07:55:29+00:00\",\"breadcrumb\":{\"@id\":\"https:\\\/\\\/presto.fr\\\/fr\\\/en-savoir-plus-sur-les-cookies\\\/#breadcrumb\"},\"inLanguage\":\"fr-FR\",\"potentialAction\":[{\"@type\":\"ReadAction\",\"target\":[\"https:\\\/\\\/presto.fr\\\/fr\\\/en-savoir-plus-sur-les-cookies\\\/\"]}]},{\"@type\":\"BreadcrumbList\",\"@id\":\"https:\\\/\\\/presto.fr\\\/fr\\\/en-savoir-plus-sur-les-cookies\\\/#breadcrumb\",\"itemListElement\":[{\"@type\":\"ListItem\",\"position\":1,\"name\":\"Accueil\",\"item\":\"https:\\\/\\\/presto.fr\\\/fr\\\/\"},{\"@type\":\"ListItem\",\"position\":2,\"name\":\"En savoir plus sur les cookies\"}]},{\"@type\":\"WebSite\",\"@id\":\"https:\\\/\\\/presto.fr\\\/fr\\\/#website\",\"url\":\"https:\\\/\\\/presto.fr\\\/fr\\\/\",\"name\":\"Presto\",\"description\":\"Robinetterie\",\"potentialAction\":[{\"@type\":\"SearchAction\",\"target\":{\"@type\":\"EntryPoint\",\"urlTemplate\":\"https:\\\/\\\/presto.fr\\\/fr\\\/?s={search_term_string}\"},\"query-input\":{\"@type\":\"PropertyValueSpecification\",\"valueRequired\":true,\"valueName\":\"search_term_string\"}}],\"inLanguage\":\"fr-FR\"}]}<\/script>\n<!-- \/ Yoast SEO plugin. -->","yoast_head_json":{"title":"En savoir plus sur les cookies - Presto","robots":{"index":"index","follow":"follow","max-snippet":"max-snippet:-1","max-image-preview":"max-image-preview:large","max-video-preview":"max-video-preview:-1"},"canonical":"https:\/\/presto.fr\/fr\/en-savoir-plus-sur-les-cookies\/","og_locale":"fr_FR","og_type":"article","og_title":"En savoir plus sur les cookies - Presto","og_description":"[vc_row][vc_column][rev_slider_vc alias=\u00a0\u00bbcookie\u00a0\u00bb][\/vc_column][\/vc_row][vc_row][vc_column][vc_column_text] Qu&rsquo;est-ce qu&rsquo;un cookie ? Un cookie est un petit fichier texte plac\u00e9 sur votre navigateur (ordinateur, tablette ou t\u00e9l\u00e9phone portable) lorsque vous visitez un site ou visualisez une publicit\u00e9. Les cookies ne vous reconnaissent pas personnellement en tant qu&rsquo;individu, ils reconnaissent uniquement l&rsquo;appareil que vous utilisez. Leur but est de recueillir des informations","og_url":"https:\/\/presto.fr\/fr\/en-savoir-plus-sur-les-cookies\/","og_site_name":"Presto","article_modified_time":"2021-07-20T07:55:29+00:00","twitter_card":"summary_large_image","twitter_misc":{"Dur\u00e9e de lecture estim\u00e9e":"3 minutes"},"schema":{"@context":"https:\/\/schema.org","@graph":[{"@type":"WebPage","@id":"https:\/\/presto.fr\/fr\/en-savoir-plus-sur-les-cookies\/","url":"https:\/\/presto.fr\/fr\/en-savoir-plus-sur-les-cookies\/","name":"En savoir plus sur les cookies - Presto","isPartOf":{"@id":"https:\/\/presto.fr\/fr\/#website"},"datePublished":"2020-10-27T09:32:11+00:00","dateModified":"2021-07-20T07:55:29+00:00","breadcrumb":{"@id":"https:\/\/presto.fr\/fr\/en-savoir-plus-sur-les-cookies\/#breadcrumb"},"inLanguage":"fr-FR","potentialAction":[{"@type":"ReadAction","target":["https:\/\/presto.fr\/fr\/en-savoir-plus-sur-les-cookies\/"]}]},{"@type":"BreadcrumbList","@id":"https:\/\/presto.fr\/fr\/en-savoir-plus-sur-les-cookies\/#breadcrumb","itemListElement":[{"@type":"ListItem","position":1,"name":"Accueil","item":"https:\/\/presto.fr\/fr\/"},{"@type":"ListItem","position":2,"name":"En savoir plus sur les cookies"}]},{"@type":"WebSite","@id":"https:\/\/presto.fr\/fr\/#website","url":"https:\/\/presto.fr\/fr\/","name":"Presto","description":"Robinetterie","potentialAction":[{"@type":"SearchAction","target":{"@type":"EntryPoint","urlTemplate":"https:\/\/presto.fr\/fr\/?s={search_term_string}"},"query-input":{"@type":"PropertyValueSpecification","valueRequired":true,"valueName":"search_term_string"}}],"inLanguage":"fr-FR"}]}},"_links":{"self":[{"href":"https:\/\/presto.fr\/fr\/wp-json\/wp\/v2\/pages\/3855","targetHints":{"allow":["GET"]}}],"collection":[{"href":"https:\/\/presto.fr\/fr\/wp-json\/wp\/v2\/pages"}],"about":[{"href":"https:\/\/presto.fr\/fr\/wp-json\/wp\/v2\/types\/page"}],"author":[{"embeddable":true,"href":"https:\/\/presto.fr\/fr\/wp-json\/wp\/v2\/users\/1"}],"replies":[{"embeddable":true,"href":"https:\/\/presto.fr\/fr\/wp-json\/wp\/v2\/comments?post=3855"}],"version-history":[{"count":4,"href":"https:\/\/presto.fr\/fr\/wp-json\/wp\/v2\/pages\/3855\/revisions"}],"predecessor-version":[{"id":6033,"href":"https:\/\/presto.fr\/fr\/wp-json\/wp\/v2\/pages\/3855\/revisions\/6033"}],"wp:attachment":[{"href":"https:\/\/presto.fr\/fr\/wp-json\/wp\/v2\/media?parent=3855"}],"curies":[{"name":"wp","href":"https:\/\/api.w.org\/{rel}","templated":true}]}}