{"id":397,"date":"2020-07-27T14:19:50","date_gmt":"2020-07-27T14:19:50","guid":{"rendered":"https:\/\/presto.fr\/fr\/?page_id=397"},"modified":"2020-10-27T08:13:05","modified_gmt":"2020-10-27T08:13:05","slug":"architectes","status":"publish","type":"page","link":"https:\/\/presto.fr\/fr\/partenaires\/architectes\/","title":{"rendered":"Architectes"},"content":{"rendered":"<div class=\"wpb-content-wrapper\"><p>[vc_row full_width=\u00a0\u00bbstretch_row_content_no_spaces\u00a0\u00bb el_class=\u00a0\u00bbrangee-slider\u00a0\u00bb][vc_column][rev_slider_vc alias=\u00a0\u00bbarchitectes\u00a0\u00bb][vc_column_text el_class=\u00a0\u00bbresponsivenone responsive496 text-bottom-slide\u00a0\u00bb]\u00c0 l\u2019origine des lieux, vous \u00eates notre premier prescripteur.<br \/>\nConcevoir des espaces ou des b\u00e2timents destin\u00e9s \u00e0 l\u2019accueil de publics divers, sensibles et en nombre, impose souvent les plus hautes exigences techniques, \u00e9cologiques et \u00e9conomiques. Un robinet n\u2019est pas un d\u00e9tail car vous voulez offrir une exp\u00e9rience de qualit\u00e9 aux usagers de passage ou \u00e0 ceux qui vivront et travailleront au c\u0153ur de vos constructions.[\/vc_column_text][\/vc_column][\/vc_row][vc_row el_class=\u00a0\u00bbbot_slide_part\u00a0\u00bb][vc_column][vc_empty_space height=\u00a0\u00bb40px\u00a0\u00bb][vc_row_inner][vc_column_inner el_class=\u00a0\u00bbpro-distrib\u00a0\u00bb width=\u00a0\u00bb1\/2&Prime;][vc_column_text el_class=\u00a0\u00bbpresto-rayonne\u00a0\u00bb]Nous vous\u00a0proposons\u00a0des robinets innovants et durables, \u00e0 haute performance \u00e9conomique et \u00e9nerg\u00e9tique. Nos\u00a0solutions de\u00a0robinetteries\u00a0sont dignes des exigences actuelles et futures de la construction et du bien-\u00eatre des utilisateurs.<\/p>\n<p>Nous vous devons des \u00e9quipements d\u2019excellence pens\u00e9s et con\u00e7us pour r\u00e9pondre aux syst\u00e8mes sanitaires que vous pr\u00e9conisez. Des robinets design au sens de la forme, de la finition, de l\u2019adaptabilit\u00e9 et de la conformit\u00e9. Des robinets de collectivit\u00e9 qui assurent le confort des installateurs et des utilisateurs, tout en garantissant les performances attendues et adapt\u00e9es pour tous les types de lieux. Une robinetterie de haute durabilit\u00e9 pour qu\u2019elle r\u00e9ponde au mieux \u00e0 vos enjeux.[\/vc_column_text][\/vc_column_inner][vc_column_inner width=\u00a0\u00bb1\/2&Prime;][vc_column_text el_class=\u00a0\u00bbpresto-rayonne\u00a0\u00bb]Nous vous accompagnons dans la r\u00e9alisation de vos concepts, dans le choix des \u00e9quipements et des syst\u00e8mes sanitaires les mieux adapt\u00e9s par typologie de lieux : enseignement, sant\u00e9, h\u00f4tellerie, commerce, etc.<\/p>\n<p>Nous mettons\u00a0aussi\u00a0\u00e0 votre disposition toutes les informations techniques et financi\u00e8res n\u00e9cessaires et de\u00a0nombreux\u00a0outils de travail en libre-service pour compl\u00e9ter vos cahiers des charges d\u2019architectes.[\/vc_column_text][\/vc_column_inner][\/vc_row_inner][vc_empty_space height=\u00a0\u00bb40px\u00a0\u00bb][\/vc_column][\/vc_row][vc_row full_width=\u00a0\u00bbstretch_row_content_no_spaces\u00a0\u00bb css=\u00a0\u00bb.vc_custom_1601561296795{background-image: url(http:\/\/presto.fr\/wp-content\/uploads\/2020\/06\/fond-rayer.png?id=297) !important;}\u00a0\u00bb el_class=\u00a0\u00bbbibi\u00a0\u00bb][vc_column][vc_empty_space][\/vc_column][\/vc_row][vc_row el_class=\u00a0\u00bbranger-temoin\u00a0\u00bb][vc_column][vc_column_text el_class=\u00a0\u00bbtitre-projets title-tem\u00a0\u00bb]<\/p>\n<h2>Vos t\u00e9moignages<\/h2>\n<p>[\/vc_column_text]    \n\n            <div class=\"row_temoignage\">\n\t\t\t\t                    <div class=\"untemoignage\">\n                        <div class=\"texte_temoignage\">\n                            \" La soci\u00e9t\u00e9 Presto-Sanifirst pr\u00e9sente, de longue date,  une gamme de produits \u00e9volutifs et adapt\u00e9s \u00e0 la plupart de nos besoins (neuf ou r\u00e9habilitation). Tous les projets con\u00e7us par le BATI ont mis en \u00e9vidence le professionnalisme, l'\u00e9coute, la comp\u00e9tence et la disponibilit\u00e9 de toute l'\u00e9quipe Presto-Sanifirst  Bretagne P.D.L. \"                        <\/div>\n                        <div class=\"texte_auteur\">\n                            Michel Le Gohebel, Responsable du BET Climatique en MOe interne du d\u00e9partement BATI de la Direction G\u00e9n\u00e9rale Ressources de Nantes M\u00e9tropole, Nantes (44)                        <\/div>\n                    <\/div>\n                                    <div class=\"untemoignage\">\n                        <div class=\"texte_temoignage\">\n                            \" J\u2019utilise les produits de la marque Presto et en suis pleinement satisfait. Je tiens \u00e0 f\u00e9liciter le service commercial pour leur  r\u00e9activit\u00e9 et leur efficacit\u00e9 dans les probl\u00e8mes rencontr\u00e9s et solutionn\u00e9s. \"                        <\/div>\n                        <div class=\"texte_auteur\">\n                            Olivier Roy, Responsable du Service Plomberie d\u2019\u00c9vry Courcouronnes (91)                        <\/div>\n                    <\/div>\n                            <\/div>\n\n    [\/vc_column][\/vc_row][vc_row full_width=\u00a0\u00bbstretch_row_content_no_spaces\u00a0\u00bb css=\u00a0\u00bb.vc_custom_1591025092595{background-image: url(http:\/\/presto.fr\/wp-content\/uploads\/2020\/06\/fond-rayer.png?id=297) !important;}\u00a0\u00bb][vc_column][vc_row_inner][vc_column_inner width=\u00a0\u00bb1\/3&Prime;][\/vc_column_inner][vc_column_inner width=\u00a0\u00bb1\/3&Prime;][vc_btn title=\u00a0\u00bbT\u00e9l\u00e9charger notre brochure d\u2019entreprise\u00a0\u00bb link=\u00a0\u00bburl:http%3A%2F%2Fpresto.fr%2Fwp-content%2Fuploads%2F2020%2F10%2FPRESTO%C2%AE_BROCHURE-ENTREPRISE-2020.pdf||target:%20_blank|\u00a0\u00bb el_class=\u00a0\u00bbbtn-simple btn-vert-simple\u00a0\u00bb][\/vc_column_inner][vc_column_inner width=\u00a0\u00bb1\/3&Prime;][\/vc_column_inner][\/vc_row_inner][\/vc_column][\/vc_row][vc_row full_width=\u00a0\u00bbstretch_row_content_no_spaces\u00a0\u00bb css=\u00a0\u00bb.vc_custom_1589827027069{background-color: #008c76 !important;}\u00a0\u00bb][vc_column][vc_row_inner el_class=\u00a0\u00bbrangee-info architectes\u00a0\u00bb][vc_column_inner el_class=\u00a0\u00bbencart-quatre\u00a0\u00bb width=\u00a0\u00bb1\/4&Prime; css=\u00a0\u00bb.vc_custom_1596722992992{padding-right: 40px !important;}\u00a0\u00bb][vc_single_image image=\u00a0\u00bb728&Prime; img_size=\u00a0\u00bbfull\u00a0\u00bb alignment=\u00a0\u00bbcenter\u00a0\u00bb onclick=\u00a0\u00bbcustom_link\u00a0\u00bb img_link_target=\u00a0\u00bb_blank\u00a0\u00bb link=\u00a0\u00bbhttps:\/\/www.polantis.com\/presto\u00a0\u00bb][vc_column_text]<\/p>\n<p style=\"text-align: center;\"><strong>Nos outils en libre-service<\/strong><\/p>\n<p style=\"text-align: center;\"><span style=\"color: #ffffff;\"><a style=\"color: #ffffff;\" href=\"http:\/\/www.prestobim.com\">Consultez et t\u00e9l\u00e9chargez l\u2019int\u00e9gralit\u00e9 de nos documents utiles\u00a0: donn\u00e9es techniques et<br \/>\nnormatives, photographies, sch\u00e9mas <\/a><\/span>disponibles et r\u00e9pertori\u00e9s sur notre plateforme<span style=\"color: #ffffff;\"><em>\u00a0<\/em><a class=\"text_underline\" style=\"color: #ffffff;\" href=\"http:\/\/www.prestodatashare.com\/centretelechargement\/index.php?lang=FR\" target=\"_blank\" rel=\"noopener noreferrer\">PRESTODATASHARE<\/a> .<\/span><\/p>\n<p>[\/vc_column_text][\/vc_column_inner][vc_column_inner el_class=\u00a0\u00bbencart-quatre centregauche\u00a0\u00bb width=\u00a0\u00bb1\/4&Prime;][vc_single_image image=\u00a0\u00bb726&Prime; img_size=\u00a0\u00bbfull\u00a0\u00bb alignment=\u00a0\u00bbcenter\u00a0\u00bb onclick=\u00a0\u00bbcustom_link\u00a0\u00bb link=\u00a0\u00bbhttps:\/\/presto.fr\/fr\/?page_id=509&Prime;][vc_column_text]<\/p>\n<p style=\"text-align: center;\"><strong>Notre r\u00e9seau de distributeurs<\/strong><\/p>\n<p style=\"text-align: center;\">Retrouvez les contacts et la localisation de notre r\u00e9seau de distributeurs sur le <a href=\"http:\/\/presto.fr\/fr\/store-locator\/\"><u>store locator<\/u><\/a>.<\/p>\n<p>[\/vc_column_text][\/vc_column_inner][vc_column_inner el_class=\u00a0\u00bbencart-quatre centredroite\u00a0\u00bb width=\u00a0\u00bb1\/4&Prime; css=\u00a0\u00bb.vc_custom_1596723005162{padding-right: 40px !important;padding-left: 40px !important;}\u00a0\u00bb][vc_single_image image=\u00a0\u00bb1931&Prime; img_size=\u00a0\u00bbfull\u00a0\u00bb alignment=\u00a0\u00bbcenter\u00a0\u00bb][vc_column_text]<\/p>\n<p style=\"text-align: center;\"><strong>Nos r\u00e9alisations embl\u00e9matiques<\/strong><\/p>\n<p style=\"text-align: center;\">D\u00e9couvrez <span class=\"openprojets\">nos r\u00e9alisations<\/span>\u00a0par typologie de lieux\u00a0: enseignement, h\u00f4pitaux, a\u00e9roports, loisirs\u2026<br \/>\nNos <span class=\"openprojets text_underline\">pages projets<\/span> vous permettent d\u2019en savoir plus sur la sp\u00e9cificit\u00e9 de nos produits.<\/p>\n<p>[\/vc_column_text][\/vc_column_inner][vc_column_inner el_class=\u00a0\u00bbencart-quatre\u00a0\u00bb width=\u00a0\u00bb1\/4&Prime; css=\u00a0\u00bb.vc_custom_1596723013870{padding-left: 40px !important;}\u00a0\u00bb][vc_single_image image=\u00a0\u00bb729&Prime; img_size=\u00a0\u00bbfull\u00a0\u00bb alignment=\u00a0\u00bbcenter\u00a0\u00bb onclick=\u00a0\u00bbcustom_link\u00a0\u00bb link=\u00a0\u00bbhttps:\/\/presto.fr\/fr\/?page_id=15&Prime;][vc_column_text]<\/p>\n<p style=\"text-align: center;\"><strong>Nous contacter pour vos projets<\/strong><\/p>\n<p style=\"text-align: center;\">Nous sommes \u00e0 votre \u00e9coute pour vous aider dans l\u2019\u00e9laboration de vos projets. Appelez-nous au<br \/>\n+33 (0)1 46 12 34 56, utilisez notre <span style=\"color: #ffffff;\"> <a class=\"text_underline\" style=\"color: #ffffff;\" href=\"https:\/\/presto.fr\/fr\/?page_id=15\">formulaire d\u00e9di\u00e9<\/a>.<\/span><\/p>\n<p>[\/vc_column_text][\/vc_column_inner][\/vc_row_inner][vc_empty_space height=\u00a0\u00bb40px\u00a0\u00bb][\/vc_column][\/vc_row]<\/p>\n<\/div>","protected":false},"excerpt":{"rendered":"<p>[vc_row full_width=\u00a0\u00bbstretch_row_content_no_spaces\u00a0\u00bb el_class=\u00a0\u00bbrangee-slider\u00a0\u00bb][vc_column][rev_slider_vc alias=\u00a0\u00bbarchitectes\u00a0\u00bb][vc_column_text el_class=\u00a0\u00bbresponsivenone responsive496 text-bottom-slide\u00a0\u00bb]\u00c0 l\u2019origine des lieux, vous \u00eates notre premier prescripteur. Concevoir des espaces ou des b\u00e2timents destin\u00e9s \u00e0 l\u2019accueil de publics divers, sensibles et en nombre, impose souvent les plus hautes exigences techniques, \u00e9cologiques et \u00e9conomiques. Un robinet n\u2019est pas un d\u00e9tail car vous voulez offrir une exp\u00e9rience de qualit\u00e9<\/p>\n","protected":false},"author":1,"featured_media":0,"parent":13,"menu_order":1,"comment_status":"closed","ping_status":"closed","template":"","meta":{"_acf_changed":false,"footnotes":""},"class_list":["post-397","page","type-page","status-publish","hentry"],"acf":[],"yoast_head":"<!-- This site is optimized with the Yoast SEO plugin v27.5 - https:\/\/yoast.com\/product\/yoast-seo-wordpress\/ -->\n<title>Architectes | D\u00e9couvrez nos partenaires | PRESTO<\/title>\n<meta name=\"description\" content=\"Nous vous accompagnons dans la r\u00e9alisation de vos concepts, dans le choix des \u00e9quipements et des syst\u00e8mes sanitaires les plus adapt\u00e9s.\" \/>\n<meta name=\"robots\" content=\"index, follow, max-snippet:-1, max-image-preview:large, max-video-preview:-1\" \/>\n<link rel=\"canonical\" href=\"https:\/\/presto.fr\/fr\/partenaires\/architectes\/\" \/>\n<meta property=\"og:locale\" content=\"fr_FR\" \/>\n<meta property=\"og:type\" content=\"article\" \/>\n<meta property=\"og:title\" content=\"Architectes | D\u00e9couvrez nos partenaires | PRESTO\" \/>\n<meta property=\"og:description\" content=\"Nous vous accompagnons dans la r\u00e9alisation de vos concepts, dans le choix des \u00e9quipements et des syst\u00e8mes sanitaires les plus adapt\u00e9s.\" \/>\n<meta property=\"og:url\" content=\"https:\/\/presto.fr\/fr\/partenaires\/architectes\/\" \/>\n<meta property=\"og:site_name\" content=\"Presto\" \/>\n<meta property=\"article:modified_time\" content=\"2020-10-27T08:13:05+00:00\" \/>\n<meta name=\"twitter:card\" content=\"summary_large_image\" \/>\n<meta name=\"twitter:label1\" content=\"Dur\u00e9e de lecture estim\u00e9e\" \/>\n\t<meta name=\"twitter:data1\" content=\"5 minutes\" \/>\n<script type=\"application\/ld+json\" class=\"yoast-schema-graph\">{\"@context\":\"https:\\\/\\\/schema.org\",\"@graph\":[{\"@type\":\"WebPage\",\"@id\":\"https:\\\/\\\/presto.fr\\\/fr\\\/partenaires\\\/architectes\\\/\",\"url\":\"https:\\\/\\\/presto.fr\\\/fr\\\/partenaires\\\/architectes\\\/\",\"name\":\"Architectes | D\u00e9couvrez nos partenaires | PRESTO\",\"isPartOf\":{\"@id\":\"https:\\\/\\\/presto.fr\\\/fr\\\/#website\"},\"datePublished\":\"2020-07-27T14:19:50+00:00\",\"dateModified\":\"2020-10-27T08:13:05+00:00\",\"description\":\"Nous vous accompagnons dans la r\u00e9alisation de vos concepts, dans le choix des \u00e9quipements et des syst\u00e8mes sanitaires les plus adapt\u00e9s.\",\"breadcrumb\":{\"@id\":\"https:\\\/\\\/presto.fr\\\/fr\\\/partenaires\\\/architectes\\\/#breadcrumb\"},\"inLanguage\":\"fr-FR\",\"potentialAction\":[{\"@type\":\"ReadAction\",\"target\":[\"https:\\\/\\\/presto.fr\\\/fr\\\/partenaires\\\/architectes\\\/\"]}]},{\"@type\":\"BreadcrumbList\",\"@id\":\"https:\\\/\\\/presto.fr\\\/fr\\\/partenaires\\\/architectes\\\/#breadcrumb\",\"itemListElement\":[{\"@type\":\"ListItem\",\"position\":1,\"name\":\"Accueil\",\"item\":\"https:\\\/\\\/presto.fr\\\/fr\\\/\"},{\"@type\":\"ListItem\",\"position\":2,\"name\":\"Partenaires\",\"item\":\"https:\\\/\\\/presto.fr\\\/fr\\\/partenaires\\\/\"},{\"@type\":\"ListItem\",\"position\":3,\"name\":\"Architectes\"}]},{\"@type\":\"WebSite\",\"@id\":\"https:\\\/\\\/presto.fr\\\/fr\\\/#website\",\"url\":\"https:\\\/\\\/presto.fr\\\/fr\\\/\",\"name\":\"Presto\",\"description\":\"Robinetterie\",\"potentialAction\":[{\"@type\":\"SearchAction\",\"target\":{\"@type\":\"EntryPoint\",\"urlTemplate\":\"https:\\\/\\\/presto.fr\\\/fr\\\/?s={search_term_string}\"},\"query-input\":{\"@type\":\"PropertyValueSpecification\",\"valueRequired\":true,\"valueName\":\"search_term_string\"}}],\"inLanguage\":\"fr-FR\"}]}<\/script>\n<!-- \/ Yoast SEO plugin. -->","yoast_head_json":{"title":"Architectes | D\u00e9couvrez nos partenaires | PRESTO","description":"Nous vous accompagnons dans la r\u00e9alisation de vos concepts, dans le choix des \u00e9quipements et des syst\u00e8mes sanitaires les plus adapt\u00e9s.","robots":{"index":"index","follow":"follow","max-snippet":"max-snippet:-1","max-image-preview":"max-image-preview:large","max-video-preview":"max-video-preview:-1"},"canonical":"https:\/\/presto.fr\/fr\/partenaires\/architectes\/","og_locale":"fr_FR","og_type":"article","og_title":"Architectes | D\u00e9couvrez nos partenaires | PRESTO","og_description":"Nous vous accompagnons dans la r\u00e9alisation de vos concepts, dans le choix des \u00e9quipements et des syst\u00e8mes sanitaires les plus adapt\u00e9s.","og_url":"https:\/\/presto.fr\/fr\/partenaires\/architectes\/","og_site_name":"Presto","article_modified_time":"2020-10-27T08:13:05+00:00","twitter_card":"summary_large_image","twitter_misc":{"Dur\u00e9e de lecture estim\u00e9e":"5 minutes"},"schema":{"@context":"https:\/\/schema.org","@graph":[{"@type":"WebPage","@id":"https:\/\/presto.fr\/fr\/partenaires\/architectes\/","url":"https:\/\/presto.fr\/fr\/partenaires\/architectes\/","name":"Architectes | D\u00e9couvrez nos partenaires | PRESTO","isPartOf":{"@id":"https:\/\/presto.fr\/fr\/#website"},"datePublished":"2020-07-27T14:19:50+00:00","dateModified":"2020-10-27T08:13:05+00:00","description":"Nous vous accompagnons dans la r\u00e9alisation de vos concepts, dans le choix des \u00e9quipements et des syst\u00e8mes sanitaires les plus adapt\u00e9s.","breadcrumb":{"@id":"https:\/\/presto.fr\/fr\/partenaires\/architectes\/#breadcrumb"},"inLanguage":"fr-FR","potentialAction":[{"@type":"ReadAction","target":["https:\/\/presto.fr\/fr\/partenaires\/architectes\/"]}]},{"@type":"BreadcrumbList","@id":"https:\/\/presto.fr\/fr\/partenaires\/architectes\/#breadcrumb","itemListElement":[{"@type":"ListItem","position":1,"name":"Accueil","item":"https:\/\/presto.fr\/fr\/"},{"@type":"ListItem","position":2,"name":"Partenaires","item":"https:\/\/presto.fr\/fr\/partenaires\/"},{"@type":"ListItem","position":3,"name":"Architectes"}]},{"@type":"WebSite","@id":"https:\/\/presto.fr\/fr\/#website","url":"https:\/\/presto.fr\/fr\/","name":"Presto","description":"Robinetterie","potentialAction":[{"@type":"SearchAction","target":{"@type":"EntryPoint","urlTemplate":"https:\/\/presto.fr\/fr\/?s={search_term_string}"},"query-input":{"@type":"PropertyValueSpecification","valueRequired":true,"valueName":"search_term_string"}}],"inLanguage":"fr-FR"}]}},"_links":{"self":[{"href":"https:\/\/presto.fr\/fr\/wp-json\/wp\/v2\/pages\/397","targetHints":{"allow":["GET"]}}],"collection":[{"href":"https:\/\/presto.fr\/fr\/wp-json\/wp\/v2\/pages"}],"about":[{"href":"https:\/\/presto.fr\/fr\/wp-json\/wp\/v2\/types\/page"}],"author":[{"embeddable":true,"href":"https:\/\/presto.fr\/fr\/wp-json\/wp\/v2\/users\/1"}],"replies":[{"embeddable":true,"href":"https:\/\/presto.fr\/fr\/wp-json\/wp\/v2\/comments?post=397"}],"version-history":[{"count":0,"href":"https:\/\/presto.fr\/fr\/wp-json\/wp\/v2\/pages\/397\/revisions"}],"up":[{"embeddable":true,"href":"https:\/\/presto.fr\/fr\/wp-json\/wp\/v2\/pages\/13"}],"wp:attachment":[{"href":"https:\/\/presto.fr\/fr\/wp-json\/wp\/v2\/media?parent=397"}],"curies":[{"name":"wp","href":"https:\/\/api.w.org\/{rel}","templated":true}]}}