{"id":403,"date":"2020-06-23T14:29:55","date_gmt":"2020-06-23T14:29:55","guid":{"rendered":"https:\/\/presto.fr\/fr\/?page_id=403"},"modified":"2021-07-22T12:34:29","modified_gmt":"2021-07-22T12:34:29","slug":"installateurs","status":"publish","type":"page","link":"https:\/\/presto.fr\/fr\/partenaires\/installateurs\/","title":{"rendered":"INSTALLATEURS"},"content":{"rendered":"<div class=\"wpb-content-wrapper\"><p>[vc_row full_width=\u00a0\u00bbstretch_row_content_no_spaces\u00a0\u00bb el_class=\u00a0\u00bbrangee-slider\u00a0\u00bb][vc_column][rev_slider_vc alias=\u00a0\u00bbinstallateurs\u00a0\u00bb][vc_column_text el_class=\u00a0\u00bbresponsivenone responsive496 text-bottom-slide\u00a0\u00bb]Vous \u00eates notre premier utilisateur.<br \/>\nNous vous devons donc un robinet conditionn\u00e9 avec soin, pour qu\u2019il arrive dans son \u00e9tat d\u2019origine et intact. Un produit parfaitement adapt\u00e9 \u00e0 l\u2019installation, simple \u00e0 poser et \u00e0 conserver, qui vous permet de r\u00e9aliser votre travail avec efficacit\u00e9 et pr\u00e9cision. Nous vous devons des services pratiques qui facilitent votre travail au quotidien. Nous accompagnons tous nos produits de notices d\u2019installations claires et d\u00e9taill\u00e9es.[\/vc_column_text][\/vc_column][\/vc_row][vc_row el_class=\u00a0\u00bbbot_slide_part\u00a0\u00bb][vc_column][vc_empty_space height=\u00a0\u00bb40px\u00a0\u00bb][vc_row_inner][vc_column_inner el_class=\u00a0\u00bbpro-distrib\u00a0\u00bb width=\u00a0\u00bb1\/2&Prime;][vc_column_text el_class=\u00a0\u00bbpresto-rayonne\u00a0\u00bb]<strong>Nous vous devons aussi le\u00a0meilleur\u00a0rapport qualit\u00e9\/prix.<\/strong><\/p>\n<p>PRESTO\u00a0veille\u00a0toujours\u00a0\u00e0 vous offrir des tarifs\u00a0comp\u00e9titifs\u00a0et vous accompagne\u00a0techniquement\u00a0lors de votre s\u00e9lection de produits, de leur installation ou de vos op\u00e9rations de maintenance et de r\u00e9novation.<\/p>\n<p><strong>R\u00e9novation et construction.<\/strong><\/p>\n<p>Nous savons bien que vos chantiers de r\u00e9novation ou de construction ne rel\u00e8vent pas des m\u00eames besoins, ni des m\u00eames difficult\u00e9s. Nous vous devons le meilleur dans ces deux domaines, des conseils et des \u00e9quipes d\u00e9di\u00e9es.[\/vc_column_text][\/vc_column_inner][vc_column_inner width=\u00a0\u00bb1\/2&Prime;][vc_column_text el_class=\u00a0\u00bbpresto-rayonne\u00a0\u00bb]L\u2019exp\u00e9rience centenaire et la ma\u00eetrise technologique\u00a0de\u00a0PRESTO\u00a0en font le partenaire de choix pour la r\u00e9novation technique, la remise aux normes environnementales ou de s\u00e9curit\u00e9 des syst\u00e8mes de\u00a0robinetterie.<\/p>\n<p>C\u00f4t\u00e9 construction, notre expertise fran\u00e7aise et notre ma\u00eetrise des nouvelles technologies vous garantit ce qui se fait de mieux aujourd\u2019hui pour que vous puissiez offrir \u00e0 vos clients une installation et une maintenance \u00e9conomiques et durables.[\/vc_column_text][\/vc_column_inner][\/vc_row_inner][vc_empty_space height=\u00a0\u00bb40px\u00a0\u00bb][\/vc_column][\/vc_row][vc_row full_width=\u00a0\u00bbstretch_row_content_no_spaces\u00a0\u00bb css=\u00a0\u00bb.vc_custom_1602832708050{background-image: url(http:\/\/presto.fr\/wp-content\/uploads\/2020\/06\/fond-rayer-haut.png?id=301) !important;background-position: center !important;background-repeat: no-repeat !important;background-size: cover !important;}\u00a0\u00bb el_class=\u00a0\u00bbencart-video-install\u00a0\u00bb][vc_column][vc_row_inner][vc_column_inner][vc_video link=\u00a0\u00bbhttps:\/\/www.youtube.com\/watch?v=4kR5KnodtWo\u00a0\u00bb el_width=\u00a0\u00bb40&Prime; align=\u00a0\u00bbcenter\u00a0\u00bb][\/vc_column_inner][\/vc_row_inner][vc_btn title=\u00a0\u00bbD\u00e9couvrir nos tutoriels d\u2019installation, de remplacement et de maintenance\u00a0\u00bb el_class=\u00a0\u00bbbtn-simple btn-vert-simple\u00a0\u00bb link=\u00a0\u00bburl:https%3A%2F%2Fwww.youtube.com%2Fchannel%2FUCbTtspYPo6_dM3pI1xelxag||target:%20_blank|\u00a0\u00bb][\/vc_column][\/vc_row][vc_row][vc_column][vc_column_text el_class=\u00a0\u00bbpresto-rayonne\u00a0\u00bb]<strong>Notre appli mobile <\/strong><\/p>\n<p>Cette nouvelle appli mobile vous permet d\u2019identifier et de s\u00e9lectionner rapidement les t\u00eates et les cartouches des\u00a0robinets temporis\u00e9s PRESTO. Pour toutes les applications et parcs de\u00a0robinets\u00a0de lavabos,\u00a0urinoirs, chasses ou douches.[\/vc_column_text][vc_raw_html el_class=\u00a0\u00bbbtn_googleplay\u00a0\u00bb css=\u00a0\u00bb.vc_custom_1603707374239{margin-bottom: 0px !important;}\u00a0\u00bb]JTNDYSUyMGhyZWYlM0QlMjdodHRwcyUzQSUyRiUyRnBsYXkuZ29vZ2xlLmNvbSUyRnN0b3JlJTJGYXBwcyUyRmRldGFpbHMlM0ZpZCUzRGNvbS5wcmVzdG8uYXBwJTI2aGwlM0RmciUyNyUyMHRhcmdldCUzRCUyMl9ibGFuayUyMiUyMCUzRSUzQ2ltZyUyMGFsdCUzRCUyN0Rpc3BvbmlibGUlMjBzdXIlMjBHb29nbGUlMjBQbGF5JTI3JTIwc3JjJTNEJTI3aHR0cHMlM0ElMkYlMkZwbGF5Lmdvb2dsZS5jb20lMkZpbnRsJTJGZW5fdXMlMkZiYWRnZXMlMkZzdGF0aWMlMkZpbWFnZXMlMkZiYWRnZXMlMkZmcl9iYWRnZV93ZWJfZ2VuZXJpYy5wbmclMjclMkYlM0UlM0MlMkZhJTNF[\/vc_raw_html][vc_raw_html el_class=\u00a0\u00bbbtn_googleplay\u00a0\u00bb]JTNDYSUyMGhyZWYlM0QlMjdodHRwcyUzQSUyRiUyRmFwcHMuYXBwbGUuY29tJTJGZnIlMkZhcHAlMkZwcmVzdG8lMkZpZDE0Nzg5MDY4NTQlMjclMjB0YXJnZXQlM0QlMjJfYmxhbmslMjIlMjAlM0UlM0NpbWclMjBhbHQlM0QlMjdEaXNwb25pYmxlJTIwc3VyJTIwQXBwJTIwc3RvcmUlMjclMjBzcmMlM0QlMjclMkZ3cC1jb250ZW50JTJGdXBsb2FkcyUyRjIwMjAlMkYwOCUyRmFwcC1zdG9yZS1iYWRnZS5wbmclMjclMkYlM0UlM0MlMkZhJTNF[\/vc_raw_html][vc_column_text el_class=\u00a0\u00bbpresto-rayonne\u00a0\u00bb]<strong>Nos certifications &amp; dossiers techniques<\/strong><\/p>\n<p>Pour pour vous aider \u00e0 \u00e9laborer vos dossiers techniques, contactez-nous au +33 (0)1 46 12 34 56[\/vc_column_text][vc_empty_space height=\u00a0\u00bb40px\u00a0\u00bb][\/vc_column][\/vc_row][vc_row full_width=\u00a0\u00bbstretch_row_content_no_spaces\u00a0\u00bb css=\u00a0\u00bb.vc_custom_1601561607615{background-image: url(http:\/\/presto.fr\/wp-content\/uploads\/2020\/06\/fond-rayer.png?id=297) !important;}\u00a0\u00bb][vc_column][vc_empty_space][\/vc_column][\/vc_row][vc_row el_class=\u00a0\u00bbranger-temoin\u00a0\u00bb][vc_column][vc_column_text el_class=\u00a0\u00bbtitre-projets title-tem\u00a0\u00bb]<\/p>\n<h2>Vos t\u00e9moignages<\/h2>\n<p>[\/vc_column_text]    \n\n            <div class=\"row_temoignage\">\n\t\t\t\t                    <div class=\"untemoignage\">\n                        <div class=\"texte_temoignage\">\n                            \" Les produits PRESTO et SANIFIRST sont des produits de tr\u00e8s bonne qualit\u00e9 ce qui est tr\u00e8s important dans un \u00e9tablissement recevant du public. La r\u00e9activit\u00e9 du responsable commercial local pour r\u00e9pondre \u00e0 mes questions est une aussi une chose que j\u2019appr\u00e9cie beaucoup. \"                        <\/div>\n                        <div class=\"texte_auteur\">\n                            Serge Rouill\u00e9, Responsable Plomberie CVC, Direction des Investissements et de la Maintenance H\u00f4pitaux universitaires, Paris-Seine-Saint-Denis, H.U.P.S.S.D - H\u00f4pital Jean Verdier, Bondy (93)                        <\/div>\n                    <\/div>\n                                    <div class=\"untemoignage\">\n                        <div class=\"texte_temoignage\">\n                            \" Nous sommes depuis plusieurs ann\u00e9es partenaires sur les produits PRESTO que nous mettons en \u0153uvre sur nos chantiers. Depuis ces derni\u00e8res ann\u00e9es notre partenariat \u00e0 \u00e9volu\u00e9, notamment le lien de proximit\u00e9 avec le Responsable commercial local. Particuli\u00e8rement, vos produits sont de bonne qualit\u00e9 (\u2026). De plus nous choisissons vos produits parce qu'au niveau de la partie technique et commerciale vos services sont r\u00e9actifs et comp\u00e9tents (\u2026). \"                        <\/div>\n                        <div class=\"texte_auteur\">\n                            Fa\u00efssal Chetibi, Responsable Commercial, soci\u00e9t\u00e9 Gapen\u00e7aise de Chauffage, Gap (05)                        <\/div>\n                    <\/div>\n                            <\/div>\n\n    [\/vc_column][\/vc_row][vc_row css=\u00a0\u00bb.vc_custom_1602698328213{background-image: url(http:\/\/presto.fr\/wp-content\/uploads\/2020\/09\/fond-focus.png?id=2497) !important;}\u00a0\u00bb][vc_column][vc_btn title=\u00a0\u00bbT\u00e9l\u00e9chargez la brochure d&rsquo;entreprise\u00a0\u00bb el_class=\u00a0\u00bbbtn-simple btn-vert-simple\u00a0\u00bb link=\u00a0\u00bburl:http%3A%2F%2Fpresto.fr%2Fwp-content%2Fuploads%2F2020%2F10%2FPRESTO%C2%AE_BROCHURE-ENTREPRISE-2020.pdf||target:%20_blank|\u00a0\u00bb][\/vc_column][\/vc_row][vc_row full_width=\u00a0\u00bbstretch_row_content_no_spaces\u00a0\u00bb css=\u00a0\u00bb.vc_custom_1589827027069{background-color: #008c76 !important;}\u00a0\u00bb][vc_column][vc_row_inner el_class=\u00a0\u00bbrangee-info architectes\u00a0\u00bb css=\u00a0\u00bb.vc_custom_1598951210095{padding-left: 40px !important;}\u00a0\u00bb][vc_column_inner el_class=\u00a0\u00bbencart-quatre\u00a0\u00bb width=\u00a0\u00bb1\/4&Prime; css=\u00a0\u00bb.vc_custom_1598951239296{padding-right: 40px !important;}\u00a0\u00bb][vc_single_image image=\u00a0\u00bb728&Prime; img_size=\u00a0\u00bbfull\u00a0\u00bb alignment=\u00a0\u00bbcenter\u00a0\u00bb onclick=\u00a0\u00bbcustom_link\u00a0\u00bb img_link_target=\u00a0\u00bb_blank\u00a0\u00bb link=\u00a0\u00bbhttps:\/\/www.polantis.com\/presto\u00a0\u00bb][vc_column_text]<\/p>\n<p style=\"text-align: center;\"><strong>Nos outils en libre-service<\/strong><\/p>\n<p style=\"text-align: center;\"><span style=\"color: #ffffff;\"><a style=\"color: #ffffff;\" href=\"http:\/\/www.prestobim.com\">Consultez et t\u00e9l\u00e9chargez l\u2019int\u00e9gralit\u00e9 de nos documents utiles\u00a0: donn\u00e9es techniques et<br \/>\nnormatives, photographies, sch\u00e9mas <\/a><\/span>disponibles et r\u00e9pertori\u00e9s sur notre plateforme<span style=\"color: #ffffff;\"><em>\u00a0<\/em><a class=\"text_underline\" style=\"color: #ffffff;\" href=\"http:\/\/www.prestodatashare.com\/centretelechargement\/index.php?lang=FR\" target=\"_blank\" rel=\"noopener noreferrer\">PRESTODATASHARE<\/a><\/span><\/p>\n<p>[\/vc_column_text][\/vc_column_inner][vc_column_inner el_class=\u00a0\u00bbencart-quatre centregauche\u00a0\u00bb width=\u00a0\u00bb1\/4&Prime;][vc_single_image image=\u00a0\u00bb726&Prime; img_size=\u00a0\u00bbfull\u00a0\u00bb alignment=\u00a0\u00bbcenter\u00a0\u00bb onclick=\u00a0\u00bbcustom_link\u00a0\u00bb link=\u00a0\u00bbhttps:\/\/presto.fr\/fr\/?page_id=509&Prime;][vc_column_text]<\/p>\n<p style=\"text-align: center;\"><strong>Notre r\u00e9seau de distributeurs<\/strong><\/p>\n<p style=\"text-align: center;\">Retrouvez les contacts et la localisation de notre r\u00e9seau de distributeurs sur le <a href=\"http:\/\/presto.fr\/fr\/store-locator\/\"><u>store locator<\/u><\/a>.<\/p>\n<p>[\/vc_column_text][\/vc_column_inner][vc_column_inner el_class=\u00a0\u00bbencart-quatre centredroite\u00a0\u00bb width=\u00a0\u00bb1\/4&Prime; css=\u00a0\u00bb.vc_custom_1596723218089{padding-right: 40px !important;padding-left: 40px !important;}\u00a0\u00bb][vc_single_image image=\u00a0\u00bb1931&Prime; img_size=\u00a0\u00bbfull\u00a0\u00bb alignment=\u00a0\u00bbcenter\u00a0\u00bb][vc_column_text]<\/p>\n<p style=\"text-align: center;\"><strong>Nos r\u00e9alisations embl\u00e9matiques<\/strong><\/p>\n<p style=\"text-align: center;\">D\u00e9couvrez <span class=\"openprojets\">nos r\u00e9alisations<\/span>\u00a0par typologie de lieux\u00a0: enseignement, h\u00f4pitaux, a\u00e9roports, loisirs\u2026<br \/>\nNos <span class=\"openprojets text_underline\">pages projets<\/span> vous permettent d\u2019en savoir plus sur la sp\u00e9cificit\u00e9 de nos produits.<\/p>\n<p>[\/vc_column_text][\/vc_column_inner][vc_column_inner el_class=\u00a0\u00bbencart-quatre\u00a0\u00bb width=\u00a0\u00bb1\/4&Prime;][vc_single_image image=\u00a0\u00bb729&Prime; img_size=\u00a0\u00bbfull\u00a0\u00bb alignment=\u00a0\u00bbcenter\u00a0\u00bb onclick=\u00a0\u00bbcustom_link\u00a0\u00bb link=\u00a0\u00bbhttps:\/\/presto.fr\/fr\/?page_id=15&Prime;][vc_column_text]<\/p>\n<p style=\"text-align: center;\"><strong>Nous contacter pour vos projets<\/strong><\/p>\n<p style=\"text-align: center;\">Nous sommes \u00e0 votre \u00e9coute pour vous aider dans l\u2019\u00e9laboration de vos projets. Appelez-nous au<br \/>\n+33 (0)1 46 12 34 56, utilisez notre <span style=\"color: #ffffff;\"> <a class=\"text_underline\" style=\"color: #ffffff;\" href=\"https:\/\/presto.fr\/fr\/?page_id=15\">formulaire d\u00e9di\u00e9.<\/a><\/span><\/p>\n<p>[\/vc_column_text][\/vc_column_inner][\/vc_row_inner][vc_empty_space height=\u00a0\u00bb40px\u00a0\u00bb][\/vc_column][\/vc_row]<\/p>\n<\/div>","protected":false},"excerpt":{"rendered":"<p>[vc_row full_width=\u00a0\u00bbstretch_row_content_no_spaces\u00a0\u00bb el_class=\u00a0\u00bbrangee-slider\u00a0\u00bb][vc_column][rev_slider_vc alias=\u00a0\u00bbinstallateurs\u00a0\u00bb][vc_column_text el_class=\u00a0\u00bbresponsivenone responsive496 text-bottom-slide\u00a0\u00bb]Vous \u00eates notre premier utilisateur. Nous vous devons donc un robinet conditionn\u00e9 avec soin, pour qu\u2019il arrive dans son \u00e9tat d\u2019origine et intact. Un produit parfaitement adapt\u00e9 \u00e0 l\u2019installation, simple \u00e0 poser et \u00e0 conserver, qui vous permet de r\u00e9aliser votre travail avec efficacit\u00e9 et pr\u00e9cision. Nous vous devons<\/p>\n","protected":false},"author":1,"featured_media":0,"parent":13,"menu_order":21,"comment_status":"closed","ping_status":"closed","template":"","meta":{"_acf_changed":false,"footnotes":""},"class_list":["post-403","page","type-page","status-publish","hentry"],"acf":[],"yoast_head":"<!-- This site is optimized with the Yoast SEO plugin v27.5 - https:\/\/yoast.com\/product\/yoast-seo-wordpress\/ -->\n<title>Installateurs | D\u00e9couvrez nos partenaires | PRESTO<\/title>\n<meta name=\"description\" content=\"Sp\u00e9cialistes de la plomberie et du chauffage, entreprise, artisan et technicien vous \u00eates les premiers utilisateurs des produits PRESTO\" \/>\n<meta name=\"robots\" content=\"index, follow, max-snippet:-1, max-image-preview:large, max-video-preview:-1\" \/>\n<link rel=\"canonical\" href=\"https:\/\/presto.fr\/fr\/partenaires\/installateurs\/\" \/>\n<meta property=\"og:locale\" content=\"fr_FR\" \/>\n<meta property=\"og:type\" content=\"article\" \/>\n<meta property=\"og:title\" content=\"Installateurs | D\u00e9couvrez nos partenaires | PRESTO\" \/>\n<meta property=\"og:description\" content=\"Sp\u00e9cialistes de la plomberie et du chauffage, entreprise, artisan et technicien vous \u00eates les premiers utilisateurs des produits PRESTO\" \/>\n<meta property=\"og:url\" content=\"https:\/\/presto.fr\/fr\/partenaires\/installateurs\/\" \/>\n<meta property=\"og:site_name\" content=\"Presto\" \/>\n<meta property=\"article:modified_time\" content=\"2021-07-22T12:34:29+00:00\" \/>\n<meta name=\"twitter:card\" content=\"summary_large_image\" \/>\n<meta name=\"twitter:label1\" content=\"Dur\u00e9e de lecture estim\u00e9e\" \/>\n\t<meta name=\"twitter:data1\" content=\"6 minutes\" \/>\n<script type=\"application\/ld+json\" class=\"yoast-schema-graph\">{\"@context\":\"https:\\\/\\\/schema.org\",\"@graph\":[{\"@type\":\"WebPage\",\"@id\":\"https:\\\/\\\/presto.fr\\\/fr\\\/partenaires\\\/installateurs\\\/\",\"url\":\"https:\\\/\\\/presto.fr\\\/fr\\\/partenaires\\\/installateurs\\\/\",\"name\":\"Installateurs | D\u00e9couvrez nos partenaires | PRESTO\",\"isPartOf\":{\"@id\":\"https:\\\/\\\/presto.fr\\\/fr\\\/#website\"},\"datePublished\":\"2020-06-23T14:29:55+00:00\",\"dateModified\":\"2021-07-22T12:34:29+00:00\",\"description\":\"Sp\u00e9cialistes de la plomberie et du chauffage, entreprise, artisan et technicien vous \u00eates les premiers utilisateurs des produits PRESTO\",\"breadcrumb\":{\"@id\":\"https:\\\/\\\/presto.fr\\\/fr\\\/partenaires\\\/installateurs\\\/#breadcrumb\"},\"inLanguage\":\"fr-FR\",\"potentialAction\":[{\"@type\":\"ReadAction\",\"target\":[\"https:\\\/\\\/presto.fr\\\/fr\\\/partenaires\\\/installateurs\\\/\"]}]},{\"@type\":\"BreadcrumbList\",\"@id\":\"https:\\\/\\\/presto.fr\\\/fr\\\/partenaires\\\/installateurs\\\/#breadcrumb\",\"itemListElement\":[{\"@type\":\"ListItem\",\"position\":1,\"name\":\"Accueil\",\"item\":\"https:\\\/\\\/presto.fr\\\/fr\\\/\"},{\"@type\":\"ListItem\",\"position\":2,\"name\":\"Partenaires\",\"item\":\"https:\\\/\\\/presto.fr\\\/fr\\\/partenaires\\\/\"},{\"@type\":\"ListItem\",\"position\":3,\"name\":\"INSTALLATEURS\"}]},{\"@type\":\"WebSite\",\"@id\":\"https:\\\/\\\/presto.fr\\\/fr\\\/#website\",\"url\":\"https:\\\/\\\/presto.fr\\\/fr\\\/\",\"name\":\"Presto\",\"description\":\"Robinetterie\",\"potentialAction\":[{\"@type\":\"SearchAction\",\"target\":{\"@type\":\"EntryPoint\",\"urlTemplate\":\"https:\\\/\\\/presto.fr\\\/fr\\\/?s={search_term_string}\"},\"query-input\":{\"@type\":\"PropertyValueSpecification\",\"valueRequired\":true,\"valueName\":\"search_term_string\"}}],\"inLanguage\":\"fr-FR\"}]}<\/script>\n<!-- \/ Yoast SEO plugin. -->","yoast_head_json":{"title":"Installateurs | D\u00e9couvrez nos partenaires | PRESTO","description":"Sp\u00e9cialistes de la plomberie et du chauffage, entreprise, artisan et technicien vous \u00eates les premiers utilisateurs des produits PRESTO","robots":{"index":"index","follow":"follow","max-snippet":"max-snippet:-1","max-image-preview":"max-image-preview:large","max-video-preview":"max-video-preview:-1"},"canonical":"https:\/\/presto.fr\/fr\/partenaires\/installateurs\/","og_locale":"fr_FR","og_type":"article","og_title":"Installateurs | D\u00e9couvrez nos partenaires | PRESTO","og_description":"Sp\u00e9cialistes de la plomberie et du chauffage, entreprise, artisan et technicien vous \u00eates les premiers utilisateurs des produits PRESTO","og_url":"https:\/\/presto.fr\/fr\/partenaires\/installateurs\/","og_site_name":"Presto","article_modified_time":"2021-07-22T12:34:29+00:00","twitter_card":"summary_large_image","twitter_misc":{"Dur\u00e9e de lecture estim\u00e9e":"6 minutes"},"schema":{"@context":"https:\/\/schema.org","@graph":[{"@type":"WebPage","@id":"https:\/\/presto.fr\/fr\/partenaires\/installateurs\/","url":"https:\/\/presto.fr\/fr\/partenaires\/installateurs\/","name":"Installateurs | D\u00e9couvrez nos partenaires | PRESTO","isPartOf":{"@id":"https:\/\/presto.fr\/fr\/#website"},"datePublished":"2020-06-23T14:29:55+00:00","dateModified":"2021-07-22T12:34:29+00:00","description":"Sp\u00e9cialistes de la plomberie et du chauffage, entreprise, artisan et technicien vous \u00eates les premiers utilisateurs des produits PRESTO","breadcrumb":{"@id":"https:\/\/presto.fr\/fr\/partenaires\/installateurs\/#breadcrumb"},"inLanguage":"fr-FR","potentialAction":[{"@type":"ReadAction","target":["https:\/\/presto.fr\/fr\/partenaires\/installateurs\/"]}]},{"@type":"BreadcrumbList","@id":"https:\/\/presto.fr\/fr\/partenaires\/installateurs\/#breadcrumb","itemListElement":[{"@type":"ListItem","position":1,"name":"Accueil","item":"https:\/\/presto.fr\/fr\/"},{"@type":"ListItem","position":2,"name":"Partenaires","item":"https:\/\/presto.fr\/fr\/partenaires\/"},{"@type":"ListItem","position":3,"name":"INSTALLATEURS"}]},{"@type":"WebSite","@id":"https:\/\/presto.fr\/fr\/#website","url":"https:\/\/presto.fr\/fr\/","name":"Presto","description":"Robinetterie","potentialAction":[{"@type":"SearchAction","target":{"@type":"EntryPoint","urlTemplate":"https:\/\/presto.fr\/fr\/?s={search_term_string}"},"query-input":{"@type":"PropertyValueSpecification","valueRequired":true,"valueName":"search_term_string"}}],"inLanguage":"fr-FR"}]}},"_links":{"self":[{"href":"https:\/\/presto.fr\/fr\/wp-json\/wp\/v2\/pages\/403","targetHints":{"allow":["GET"]}}],"collection":[{"href":"https:\/\/presto.fr\/fr\/wp-json\/wp\/v2\/pages"}],"about":[{"href":"https:\/\/presto.fr\/fr\/wp-json\/wp\/v2\/types\/page"}],"author":[{"embeddable":true,"href":"https:\/\/presto.fr\/fr\/wp-json\/wp\/v2\/users\/1"}],"replies":[{"embeddable":true,"href":"https:\/\/presto.fr\/fr\/wp-json\/wp\/v2\/comments?post=403"}],"version-history":[{"count":2,"href":"https:\/\/presto.fr\/fr\/wp-json\/wp\/v2\/pages\/403\/revisions"}],"predecessor-version":[{"id":6103,"href":"https:\/\/presto.fr\/fr\/wp-json\/wp\/v2\/pages\/403\/revisions\/6103"}],"up":[{"embeddable":true,"href":"https:\/\/presto.fr\/fr\/wp-json\/wp\/v2\/pages\/13"}],"wp:attachment":[{"href":"https:\/\/presto.fr\/fr\/wp-json\/wp\/v2\/media?parent=403"}],"curies":[{"name":"wp","href":"https:\/\/api.w.org\/{rel}","templated":true}]}}