{"id":486,"date":"2020-06-25T10:49:24","date_gmt":"2020-06-25T10:49:24","guid":{"rendered":"https:\/\/presto.fr\/fr\/?page_id=486"},"modified":"2021-01-14T16:22:54","modified_gmt":"2021-01-14T16:22:54","slug":"organisation","status":"publish","type":"page","link":"https:\/\/presto.fr\/fr\/entreprise\/organisation\/","title":{"rendered":"Organisation"},"content":{"rendered":"<div class=\"wpb-content-wrapper\"><p>[vc_row full_width=\u00a0\u00bbstretch_row_content_no_spaces\u00a0\u00bb el_class=\u00a0\u00bbrangee-slider\u00a0\u00bb][vc_column][rev_slider_vc alias=\u00a0\u00bbOrganisation\u00a0\u00bb][vc_column_text el_class=\u00a0\u00bbresponsivenone responsive496 text-bottom-slide\u00a0\u00bb]Entreprise familiale, PRESTO est un fabricant fran\u00e7ais de robinetterie \u00e9cologique et \u00e9conomique qui \u00e9quipe tous les lieux recevant du public, partout dans le monde o\u00f9 l\u2019usage des installations sanitaires est intensif.<br \/>\nPRESTO utilise depuis toujours toute son expertise, son savoir-faire et ses technologies de pointe pour designer et fabriquer des robinets et accessoires sanitaires innovants. Chaque produit est pens\u00e9 selon son usage et s\u2019adapte aux contraintes de r\u00e9novation ou de construction.<br \/>\nLes solutions PRESTO sont robustes, performantes et durables, elles permettent aux \u00e9quipements des installations sanitaires collectives de r\u00e9sister avec efficacit\u00e9.[\/vc_column_text][\/vc_column][\/vc_row][vc_row full_width=\u00a0\u00bbstretch_row_content_no_spaces\u00a0\u00bb css=\u00a0\u00bb.vc_custom_1589826488676{background-color: #008c76 !important;}\u00a0\u00bb el_class=\u00a0\u00bbbandeau-counter\u00a0\u00bb][vc_column][vc_row_inner][vc_column_inner]\r\n<!--Fact Counter Style Two-->\r\n<section class=\"fact-counter-two \" style=\"background-image:url('');\">\r\n    <div class=\"auto-container\">\r\n        \r\n        <!--Fact Counter-->\r\n        <div class=\"fact-counter\">\r\n            <div class=\"row clearfix\">\r\n                                <!--Column-->\r\n                <div class=\"column counter-column col-md-3 col-sm-6 col-xs-12 wow fadeIn\" data-wow-duration=\"0ms\">\r\n                    <div class=\"inner-box\">\r\n                        <div class=\"count-outer\"><span class=\"count-text\" data-speed=\"1500\" data-stop=\"220\">220<\/span>+<\/div>\r\n                        <h4 class=\"counter-title\">collaborateurs<\/h4>\r\n                    <\/div>\r\n                <\/div>\r\n                                <!--Column-->\r\n                <div class=\"column counter-column col-md-3 col-sm-6 col-xs-12 wow fadeIn\" data-wow-duration=\"0ms\">\r\n                    <div class=\"inner-box\">\r\n                        <div class=\"count-outer\"><span class=\"count-text\" data-speed=\"1500\" data-stop=\"69\">69<\/span>+<\/div>\r\n                        <h4 class=\"counter-title\">brevets d\u00e9pos\u00e9s<\/h4>\r\n                    <\/div>\r\n                <\/div>\r\n                                <!--Column-->\r\n                <div class=\"column counter-column col-md-3 col-sm-6 col-xs-12 wow fadeIn\" data-wow-duration=\"0ms\">\r\n                    <div class=\"inner-box\">\r\n                        <div class=\"count-outer\"><span class=\"count-text\" data-speed=\"1500\" data-stop=\"3000\">3000<\/span>+<\/div>\r\n                        <h4 class=\"counter-title\">r\u00e9f\u00e9rences produits<\/h4>\r\n                    <\/div>\r\n                <\/div>\r\n                            <\/div>\r\n        <\/div>\r\n        \r\n    <\/div>\r\n        \r\n    <!--Rotated Layer-->\r\n    <div class=\"\"><\/div>\r\n    \r\n<\/section>\r\n\r\n[\/vc_column_inner][\/vc_row_inner][\/vc_column][\/vc_row][vc_row el_class=\u00a0\u00bbencart_2_marques\u00a0\u00bb][vc_column][vc_row_inner][vc_column_inner el_class=\u00a0\u00bbmarques\u00a0\u00bb width=\u00a0\u00bb1\/2&Prime; css=\u00a0\u00bb.vc_custom_1603283516363{padding-left: 30px !important;}\u00a0\u00bb][vc_column_text el_class=\u00a0\u00bbtexte-simple\u00a0\u00bb]<strong>2 marques<\/strong>[\/vc_column_text][vc_single_image image=\u00a0\u00bb1019&Prime; img_size=\u00a0\u00bbfull\u00a0\u00bb][vc_column_text el_class=\u00a0\u00bbtexte-simple\u00a0\u00bb]robinetterie pour la collectivit\u00e9[\/vc_column_text][vc_single_image image=\u00a0\u00bb1020&Prime; img_size=\u00a0\u00bbfull\u00a0\u00bb][vc_column_text el_class=\u00a0\u00bbtexte-simple\u00a0\u00bb]robinetterie pour la sant\u00e9[\/vc_column_text][\/vc_column_inner][vc_column_inner width=\u00a0\u00bb1\/2&Prime; css=\u00a0\u00bb.vc_custom_1603283522130{padding-right: 30px !important;}\u00a0\u00bb][vc_column_text el_class=\u00a0\u00bbtexte-simple\u00a0\u00bb]<strong>Deux march\u00e9s\u00a0 <\/strong><\/p>\n<p>La construction<br \/>\nLa r\u00e9novation et les pi\u00e8ces d\u00e9tach\u00e9es[\/vc_column_text][vc_column_text el_class=\u00a0\u00bbtexte-simple\u00a0\u00bb]<strong>6 cat\u00e9gories de produits\u00a0<\/strong><\/p>\n<p>Lavabo, douche, grande cuisine, chasse, urinoir, laboratoire[\/vc_column_text][vc_column_text el_class=\u00a0\u00bbtexte-simple\u00a0\u00bb]<strong>De nombreux domaines d\u2019action <\/strong><\/p>\n<p>Enseignement, sant\u00e9, haute s\u00e9curit\u00e9, loisirs, sport, plein air, laboratoire, industrie, administratif, commerce, transport, lieux de culte[\/vc_column_text][vc_column_text el_class=\u00a0\u00bbtexte-simple\u00a0\u00bb]<strong>Trois sites de production<\/strong><\/p>\n<p>2 en France, en r\u00e9gion Poitou-Charentes et 1 au Portugal<br \/>\n1 si\u00e8ge social \u00e0 Montrouge (Grand Paris \u2013 \u00cele-de-France \u2013 France)[\/vc_column_text][\/vc_column_inner][\/vc_row_inner][\/vc_column][\/vc_row][vc_row full_width=\u00a0\u00bbstretch_row_content_no_spaces\u00a0\u00bb el_class=\u00a0\u00bbfond-categories\u00a0\u00bb css=\u00a0\u00bb.vc_custom_1591025740604{background-image: url(http:\/\/presto.fr\/wp-content\/uploads\/2020\/06\/fond-rayer.png?id=297) !important;}\u00a0\u00bb][vc_column][vc_empty_space height=\u00a0\u00bb25px\u00a0\u00bb][vc_row_inner el_class=\u00a0\u00bbboxed-categories\u00a0\u00bb][vc_column_inner width=\u00a0\u00bb1\/4&Prime;][vc_column_text el_class=\u00a0\u00bbtitre-classique\u00a0\u00bb css=\u00a0\u00bb.vc_custom_1595435457763{margin-bottom: 0px !important;}\u00a0\u00bb]6 cat\u00e9gories<br \/>\nde produits[\/vc_column_text][\/vc_column_inner][vc_column_inner width=\u00a0\u00bb3\/4&Prime;]    \n\n            <div class=\"row_cat_prod\">\n\t\t\t\t\t                        <div class=\"catprodone\">\n                            <div class=\"img_catprodone\">\n                                <img decoding=\"async\" src=\"https:\/\/presto.fr\/wp-content\/uploads\/2020\/07\/lavabo.png\"\/>\n                            <\/div>\n                            <div class=\"titre_catprod\">\n                                LAVABO                            <\/div>\n\n                        <\/div>\n                                            <div class=\"catprodone\">\n                            <div class=\"img_catprodone\">\n                                <img decoding=\"async\" src=\"https:\/\/presto.fr\/wp-content\/uploads\/2020\/07\/douche.png\"\/>\n                            <\/div>\n                            <div class=\"titre_catprod\">\n                                DOUCHE                            <\/div>\n\n                        <\/div>\n                                            <div class=\"catprodone\">\n                            <div class=\"img_catprodone\">\n                                <img decoding=\"async\" src=\"https:\/\/presto.fr\/wp-content\/uploads\/2020\/07\/cuisine.png\"\/>\n                            <\/div>\n                            <div class=\"titre_catprod\">\n                                GRANDE CUISINE                            <\/div>\n\n                        <\/div>\n                                            <div class=\"catprodone\">\n                            <div class=\"img_catprodone\">\n                                <img decoding=\"async\" src=\"https:\/\/presto.fr\/wp-content\/uploads\/2020\/07\/chasse.png\"\/>\n                            <\/div>\n                            <div class=\"titre_catprod\">\n                                CHASSE                            <\/div>\n\n                        <\/div>\n                                            <div class=\"catprodone\">\n                            <div class=\"img_catprodone\">\n                                <img decoding=\"async\" src=\"https:\/\/presto.fr\/wp-content\/uploads\/2020\/07\/urinoir.png\"\/>\n                            <\/div>\n                            <div class=\"titre_catprod\">\n                                URINOIR                            <\/div>\n\n                        <\/div>\n                                            <div class=\"catprodone\">\n                            <div class=\"img_catprodone\">\n                                <img decoding=\"async\" src=\"https:\/\/presto.fr\/wp-content\/uploads\/2020\/07\/laboratoire.png\"\/>\n                            <\/div>\n                            <div class=\"titre_catprod\">\n                                LABORATOIRE                            <\/div>\n\n                        <\/div>\n                                <\/div>\n\n    [\/vc_column_inner][\/vc_row_inner][vc_empty_space height=\u00a0\u00bb25px\u00a0\u00bb][\/vc_column][\/vc_row][vc_row el_class=\u00a0\u00bbbottom_part_organisation\u00a0\u00bb][vc_column][vc_row_inner][vc_column_inner el_class=\u00a0\u00bbbloc-vert contenu-specifique\u00a0\u00bb width=\u00a0\u00bb1\/2&Prime; css=\u00a0\u00bb.vc_custom_1594051957392{background-color: #008c76 !important;}\u00a0\u00bb][vc_column_text el_class=\u00a0\u00bbtitre-classique\u00a0\u00bb]L&rsquo;HISTOIRE PRESTO :<br \/>\nUN ESPRIT FAMILIAL AUDACIEUX[\/vc_column_text][vc_column_text el_class=\u00a0\u00bbpresto-rayonne texte-blanc\u00a0\u00bb]Porteur d\u2019un savoir-faire devenu la r\u00e9f\u00e9rence mondiale des solutions innovantes et durables pour la ma\u00eetrise de l\u2019eau dans les sanitaires des \u00e9tablissements recevant du public, PRESTO est n\u00e9e en 1927, fond\u00e9e par deux fr\u00e8res : <strong>Andr\u00e9 et Lucien Patient.<\/strong><\/p>\n<p><strong>V\u00e9ritables g\u00e9nies, ils inventent le robinet temporis\u00e9 \u00e0 bouton-poussoir<\/strong> <strong>pour lutter contre le gaspillage de l\u2019eau et pour la pr\u00e9servation de nos ressources.<\/strong> Les \u00e9conomies d\u2019eau et d\u2019\u00e9nergie ont ainsi toujours \u00e9t\u00e9 au c\u0153ur des technologies et des solutions d\u00e9velopp\u00e9es par la maison PRESTO.<\/p>\n<p>Rester pr\u00e9curseur dans la conception et la fabrication de robinetteries et d&rsquo;accessoires pour les sanitaires des lieux accueillant des publics constitue un vrai d\u00e9fi d\u2019innovation. Gr\u00e2ce \u00e0 notre R&amp;D, notre connaissance des march\u00e9s et des besoins, nous comptons 69 brevets d\u00e9pos\u00e9s\u00a0!<\/p>\n<p><strong>PRESTO<\/strong><strong>,<\/strong><strong> leader en France, majeur dans le monde.<\/strong><br \/>\n<strong>80 pays importateurs \u00e0 ce jour.<\/strong><\/p>\n<p>Pour suivre les projets les plus exigeants sur des march\u00e9s dynamiques, nous disposons de 7 filiales commerciales \u00e0 l\u2019international\u00a0: PRESTO Italia, PRESTO Armaturen (Allemagne), PRESTO Ib\u00e9rica (Espagne), PRESTO Middle East (Duba\u00ef), PRESTO North Africa (Tunisie), PRESTO Belgique et PRESTO Suisse ; et un bureau de repr\u00e9sentation \u00e0 Singapour.<\/p>\n<p><strong>Notre qualit\u00e9 se fabrique en France et au Portugal.<\/strong><\/p>\n<p>Tous les produits PRESTO sont fabriqu\u00e9s \u00e0 Saint George-de-Didonne et au Portugal tandis que notre site d\u2019Angoul\u00eame produit exclusivement les solutions de sant\u00e9 SANIFIRST.<\/p>\n<p>Avec notre si\u00e8ge social situ\u00e9 \u00e0 Montrouge, nous employons 220 salari\u00e9s en France.[\/vc_column_text][vc_column_text el_class=\u00a0\u00bbbtn_brochures\u00a0\u00bb css=\u00a0\u00bb.vc_custom_1602698036912{padding-top: 10px !important;padding-bottom: 10px !important;}\u00a0\u00bb]<\/p>\n<div class=\"rayonne-photo\"><strong><a href=\"http:\/\/presto.fr\/wp-content\/uploads\/2020\/10\/PRESTO\u00ae_BROCHURE-ENTREPRISE-2020.pdf\" target=\"_blank\" rel=\"noopener noreferrer\">T\u00e9l\u00e9charger notre brochure d&rsquo;entreprise <\/a><\/strong><\/div>\n<p>[\/vc_column_text][\/vc_column_inner][vc_column_inner width=\u00a0\u00bb1\/2&Prime;][vc_empty_space height=\u00a0\u00bb50px\u00a0\u00bb][vc_column_text el_class=\u00a0\u00bbtitre-classique page-orga\u00a0\u00bb]PRESTO<br \/>\nAIME L\u2019EAU[\/vc_column_text][vc_column_text el_class=\u00a0\u00bbpresto-rayonne\u00a0\u00bb]Industriel leader en France, nous mettons notre expertise technologique, notre responsabilit\u00e9 humaine et environnementale, notre sens des produits durables au service de la ma\u00eetrise de l\u2019eau dans les <strong>\u00e9tablissements recevant du public.<\/strong><\/p>\n<p>Un lieu qui re\u00e7oit du public impose un maximum de pr\u00e9cautions et chaque lieu pr\u00e9sente ses sp\u00e9cificit\u00e9s. Nous innovons, concevons, travaillons en r\u00e9ponse aux conditions et usages des installations de robinetterie.<\/p>\n<p>Avec une technologie de temporisation qui limite durablement la consommation d\u2019eau et un savoir-faire unique en termes d\u2019hygi\u00e8ne, de robustesse et de confort, <strong>PRESTO permet aux lieux qui ont besoin de consommer beaucoup d\u2019eau de l\u2019\u00e9conomiser et de s\u00e9curiser son utilisation.<\/strong><\/p>\n<p>Nos produits r\u00e9pondent \u00e0 vos besoins de prescripteur ou d\u2019installateur pour concevoir et \u00e9quiper les lieux o\u00f9 les sanitaires sont collectifs et donc tr\u00e8s exigeants\u00a0; les \u00e9coles, les stades, les a\u00e9roports, les commerces, les usines, les lieux de culte, etc.<\/p>\n<p>Nos r\u00e9alisations embl\u00e9matiques pour l\u2019\u00e9cole polytechnique \u00e0 Hong Kong, la prison les Baumettes \u00e0 Marseille, l\u2019a\u00e9roport international d\u2019Abu Dhabi, le CHU de Bordeaux, le centre sportif Juventus en Italie, la Grande Arche de la D\u00e9fense en France ou encore le mus\u00e9e d\u2019art contemporain de Sydney en t\u00e9moignent.[\/vc_column_text][vc_empty_space height=\u00a0\u00bb20px\u00a0\u00bb][\/vc_column_inner][\/vc_row_inner][vc_empty_space height=\u00a0\u00bb150px\u00a0\u00bb][\/vc_column][\/vc_row]<\/p>\n<\/div>","protected":false},"excerpt":{"rendered":"<p>[vc_row full_width=\u00a0\u00bbstretch_row_content_no_spaces\u00a0\u00bb el_class=\u00a0\u00bbrangee-slider\u00a0\u00bb][vc_column][rev_slider_vc alias=\u00a0\u00bbOrganisation\u00a0\u00bb][vc_column_text el_class=\u00a0\u00bbresponsivenone responsive496 text-bottom-slide\u00a0\u00bb]Entreprise familiale, PRESTO est un fabricant fran\u00e7ais de robinetterie \u00e9cologique et \u00e9conomique qui \u00e9quipe tous les lieux recevant du public, partout dans le monde o\u00f9 l\u2019usage des installations sanitaires est intensif. PRESTO utilise depuis toujours toute son expertise, son savoir-faire et ses technologies de pointe pour designer et fabriquer<\/p>\n","protected":false},"author":1,"featured_media":0,"parent":11,"menu_order":41,"comment_status":"closed","ping_status":"closed","template":"","meta":{"_acf_changed":false,"footnotes":""},"class_list":["post-486","page","type-page","status-publish","hentry"],"acf":[],"yoast_head":"<!-- This site is optimized with the Yoast SEO plugin v27.4 - https:\/\/yoast.com\/product\/yoast-seo-wordpress\/ -->\n<title>Notre organisation | D\u00e9couvrez la maison PRESTO | PRESTO<\/title>\n<meta name=\"description\" content=\"Industriel leader, PRESTO met son expertise technologique, sa responsabilit\u00e9 environnementale, son sens des produits durables au service...\" \/>\n<meta name=\"robots\" content=\"index, follow, max-snippet:-1, max-image-preview:large, max-video-preview:-1\" \/>\n<link rel=\"canonical\" href=\"https:\/\/presto.fr\/fr\/entreprise\/organisation\/\" \/>\n<meta property=\"og:locale\" content=\"fr_FR\" \/>\n<meta property=\"og:type\" content=\"article\" \/>\n<meta property=\"og:title\" content=\"Notre organisation | D\u00e9couvrez la maison PRESTO | PRESTO\" \/>\n<meta property=\"og:description\" content=\"Industriel leader, PRESTO met son expertise technologique, sa responsabilit\u00e9 environnementale, son sens des produits durables au service...\" \/>\n<meta property=\"og:url\" content=\"https:\/\/presto.fr\/fr\/entreprise\/organisation\/\" \/>\n<meta property=\"og:site_name\" content=\"Presto\" \/>\n<meta property=\"article:modified_time\" content=\"2021-01-14T16:22:54+00:00\" \/>\n<meta name=\"twitter:card\" content=\"summary_large_image\" \/>\n<meta name=\"twitter:label1\" content=\"Dur\u00e9e de lecture estim\u00e9e\" \/>\n\t<meta name=\"twitter:data1\" content=\"6 minutes\" \/>\n<script type=\"application\/ld+json\" class=\"yoast-schema-graph\">{\"@context\":\"https:\\\/\\\/schema.org\",\"@graph\":[{\"@type\":\"WebPage\",\"@id\":\"https:\\\/\\\/presto.fr\\\/fr\\\/entreprise\\\/organisation\\\/\",\"url\":\"https:\\\/\\\/presto.fr\\\/fr\\\/entreprise\\\/organisation\\\/\",\"name\":\"Notre organisation | D\u00e9couvrez la maison PRESTO | PRESTO\",\"isPartOf\":{\"@id\":\"https:\\\/\\\/presto.fr\\\/fr\\\/#website\"},\"datePublished\":\"2020-06-25T10:49:24+00:00\",\"dateModified\":\"2021-01-14T16:22:54+00:00\",\"description\":\"Industriel leader, PRESTO met son expertise technologique, sa responsabilit\u00e9 environnementale, son sens des produits durables au service...\",\"breadcrumb\":{\"@id\":\"https:\\\/\\\/presto.fr\\\/fr\\\/entreprise\\\/organisation\\\/#breadcrumb\"},\"inLanguage\":\"fr-FR\",\"potentialAction\":[{\"@type\":\"ReadAction\",\"target\":[\"https:\\\/\\\/presto.fr\\\/fr\\\/entreprise\\\/organisation\\\/\"]}]},{\"@type\":\"BreadcrumbList\",\"@id\":\"https:\\\/\\\/presto.fr\\\/fr\\\/entreprise\\\/organisation\\\/#breadcrumb\",\"itemListElement\":[{\"@type\":\"ListItem\",\"position\":1,\"name\":\"Accueil\",\"item\":\"https:\\\/\\\/presto.fr\\\/fr\\\/\"},{\"@type\":\"ListItem\",\"position\":2,\"name\":\"Entreprise\",\"item\":\"https:\\\/\\\/presto.fr\\\/fr\\\/entreprise\\\/\"},{\"@type\":\"ListItem\",\"position\":3,\"name\":\"Organisation\"}]},{\"@type\":\"WebSite\",\"@id\":\"https:\\\/\\\/presto.fr\\\/fr\\\/#website\",\"url\":\"https:\\\/\\\/presto.fr\\\/fr\\\/\",\"name\":\"Presto\",\"description\":\"Robinetterie\",\"potentialAction\":[{\"@type\":\"SearchAction\",\"target\":{\"@type\":\"EntryPoint\",\"urlTemplate\":\"https:\\\/\\\/presto.fr\\\/fr\\\/?s={search_term_string}\"},\"query-input\":{\"@type\":\"PropertyValueSpecification\",\"valueRequired\":true,\"valueName\":\"search_term_string\"}}],\"inLanguage\":\"fr-FR\"}]}<\/script>\n<!-- \/ Yoast SEO plugin. -->","yoast_head_json":{"title":"Notre organisation | D\u00e9couvrez la maison PRESTO | PRESTO","description":"Industriel leader, PRESTO met son expertise technologique, sa responsabilit\u00e9 environnementale, son sens des produits durables au service...","robots":{"index":"index","follow":"follow","max-snippet":"max-snippet:-1","max-image-preview":"max-image-preview:large","max-video-preview":"max-video-preview:-1"},"canonical":"https:\/\/presto.fr\/fr\/entreprise\/organisation\/","og_locale":"fr_FR","og_type":"article","og_title":"Notre organisation | D\u00e9couvrez la maison PRESTO | PRESTO","og_description":"Industriel leader, PRESTO met son expertise technologique, sa responsabilit\u00e9 environnementale, son sens des produits durables au service...","og_url":"https:\/\/presto.fr\/fr\/entreprise\/organisation\/","og_site_name":"Presto","article_modified_time":"2021-01-14T16:22:54+00:00","twitter_card":"summary_large_image","twitter_misc":{"Dur\u00e9e de lecture estim\u00e9e":"6 minutes"},"schema":{"@context":"https:\/\/schema.org","@graph":[{"@type":"WebPage","@id":"https:\/\/presto.fr\/fr\/entreprise\/organisation\/","url":"https:\/\/presto.fr\/fr\/entreprise\/organisation\/","name":"Notre organisation | D\u00e9couvrez la maison PRESTO | PRESTO","isPartOf":{"@id":"https:\/\/presto.fr\/fr\/#website"},"datePublished":"2020-06-25T10:49:24+00:00","dateModified":"2021-01-14T16:22:54+00:00","description":"Industriel leader, PRESTO met son expertise technologique, sa responsabilit\u00e9 environnementale, son sens des produits durables au service...","breadcrumb":{"@id":"https:\/\/presto.fr\/fr\/entreprise\/organisation\/#breadcrumb"},"inLanguage":"fr-FR","potentialAction":[{"@type":"ReadAction","target":["https:\/\/presto.fr\/fr\/entreprise\/organisation\/"]}]},{"@type":"BreadcrumbList","@id":"https:\/\/presto.fr\/fr\/entreprise\/organisation\/#breadcrumb","itemListElement":[{"@type":"ListItem","position":1,"name":"Accueil","item":"https:\/\/presto.fr\/fr\/"},{"@type":"ListItem","position":2,"name":"Entreprise","item":"https:\/\/presto.fr\/fr\/entreprise\/"},{"@type":"ListItem","position":3,"name":"Organisation"}]},{"@type":"WebSite","@id":"https:\/\/presto.fr\/fr\/#website","url":"https:\/\/presto.fr\/fr\/","name":"Presto","description":"Robinetterie","potentialAction":[{"@type":"SearchAction","target":{"@type":"EntryPoint","urlTemplate":"https:\/\/presto.fr\/fr\/?s={search_term_string}"},"query-input":{"@type":"PropertyValueSpecification","valueRequired":true,"valueName":"search_term_string"}}],"inLanguage":"fr-FR"}]}},"_links":{"self":[{"href":"https:\/\/presto.fr\/fr\/wp-json\/wp\/v2\/pages\/486","targetHints":{"allow":["GET"]}}],"collection":[{"href":"https:\/\/presto.fr\/fr\/wp-json\/wp\/v2\/pages"}],"about":[{"href":"https:\/\/presto.fr\/fr\/wp-json\/wp\/v2\/types\/page"}],"author":[{"embeddable":true,"href":"https:\/\/presto.fr\/fr\/wp-json\/wp\/v2\/users\/1"}],"replies":[{"embeddable":true,"href":"https:\/\/presto.fr\/fr\/wp-json\/wp\/v2\/comments?post=486"}],"version-history":[{"count":0,"href":"https:\/\/presto.fr\/fr\/wp-json\/wp\/v2\/pages\/486\/revisions"}],"up":[{"embeddable":true,"href":"https:\/\/presto.fr\/fr\/wp-json\/wp\/v2\/pages\/11"}],"wp:attachment":[{"href":"https:\/\/presto.fr\/fr\/wp-json\/wp\/v2\/media?parent=486"}],"curies":[{"name":"wp","href":"https:\/\/api.w.org\/{rel}","templated":true}]}}