{"id":5736,"date":"2021-09-06T07:00:10","date_gmt":"2021-09-06T07:00:10","guid":{"rendered":"https:\/\/presto.fr\/fr\/?page_id=5736"},"modified":"2021-09-13T09:37:25","modified_gmt":"2021-09-13T09:37:25","slug":"showroom","status":"publish","type":"page","link":"https:\/\/presto.fr\/fr\/entreprise\/showroom\/","title":{"rendered":"Showroom"},"content":{"rendered":"<div class=\"wpb-content-wrapper\"><p>[vc_row full_width=\u00a0\u00bbstretch_row_content_no_spaces\u00a0\u00bb el_class=\u00a0\u00bbrangee-slider\u00a0\u00bb][vc_column][rev_slider_vc alias=\u00a0\u00bbshowroom\u00a0\u00bb][vc_column_text el_class=\u00a0\u00bbresponsivenone responsive496 text-bottom-slide\u00a0\u00bb]<strong>Plongez dans l\u2019univers Presto en poussant les portes de notre showroom virtuel <\/strong>[\/vc_column_text][\/vc_column][\/vc_row][vc_row el_class=\u00a0\u00bbrow_text_emploi\u00a0\u00bb][vc_column][vc_empty_space height=\u00a0\u00bb70px\u00a0\u00bb][vc_row_inner el_class=\u00a0\u00bbcol_with_empreinte\u00a0\u00bb][vc_column_inner el_class=\u00a0\u00bbmarques\u00a0\u00bb width=\u00a0\u00bb1\/2&Prime;][vc_column_text el_class=\u00a0\u00bbtexte-simple\u00a0\u00bb css=\u00a0\u00bb.vc_custom_1625749512750{margin-bottom: 0px !important;}\u00a0\u00bb]Sp\u00e9cialiste de la robinetterie de collectivit\u00e9s depuis 1927, PRESTO compte de larges gammes de lavabos, douches, urinoirs et chasses qui s\u2019installent dans tous les \u00e9tablissements recevant du public. De plus, le pionnier de la robinetterie professionnelle compte une gamme de robinets grande cuisine ainsi qu\u2019une marque destin\u00e9e aux \u00e9tablissements de sant\u00e9 et laboratoires.[\/vc_column_text][vc_empty_space height=\u00a0\u00bb35px\u00a0\u00bb][vc_column_text el_class=\u00a0\u00bbtexte-simple\u00a0\u00bb css=\u00a0\u00bb.vc_custom_1625749525302{margin-bottom: 0px !important;}\u00a0\u00bb]Soucieuse de la <strong>surconsommation d\u2019eau dans les ERP<\/strong>, notre marque con\u00e7oit et innove en permanence pour proposer des robinets aussi intuitifs qu\u2019\u00e9conomiques. Un large choix de <strong>robinetterie \u00e9lectronique<\/strong> ou <strong>temporis\u00e9e <\/strong>pour pr\u00e9server l\u2019eau dans les \u00e9tablissements o\u00f9 l\u2019usage est intensif.[\/vc_column_text][vc_empty_space height=\u00a0\u00bb35px\u00a0\u00bb][\/vc_column_inner][vc_column_inner el_class=\u00a0\u00bbetat-esprit\u00a0\u00bb width=\u00a0\u00bb1\/2&Prime;][vc_column_text el_class=\u00a0\u00bbtexte-simple\u00a0\u00bb css=\u00a0\u00bb.vc_custom_1625749545348{margin-bottom: 0px !important;}\u00a0\u00bb]Vous retrouvez g\u00e9n\u00e9ralement ces robinets dans <strong>les h\u00f4tels, restaurants, caf\u00e9s, grandes cuisines, \u00e9coles, complexes sportifs, etc<\/strong>. Sans oublier les <strong>\u00e9tablissements de sant\u00e9<\/strong> et <strong>laboratoires<\/strong> avec la marque <strong>SANIFIRST\u00ae<\/strong>.[\/vc_column_text][vc_empty_space height=\u00a0\u00bb25px\u00a0\u00bb][vc_column_text el_class=\u00a0\u00bbtexte-simple\u00a0\u00bb css=\u00a0\u00bb.vc_custom_1625749577812{margin-bottom: 0px !important;}\u00a0\u00bb]Aujourd\u2019hui, laissez-vous porter au fil de l\u2019eau dans ces diff\u00e9rents univers pour partir \u00e0 la d\u00e9couverte de nos robinets dans leurs environnements respectifs. En totale immersion, explorez <strong>toutes les caract\u00e9ristiques d\u2019une s\u00e9lection de produits installable dans les \u00e9tablissements recevant du public<\/strong>.[\/vc_column_text][vc_empty_space height=\u00a0\u00bb60px\u00a0\u00bb][vc_column_text el_class=\u00a0\u00bbtexte-simple\u00a0\u00bb css=\u00a0\u00bb.vc_custom_1625749587177{margin-bottom: 0px !important;}\u00a0\u00bb]Des projets de r\u00e9novation\u00a0? Retrouvez toutes les solutions adapt\u00e9es \u00e0 chaque environnement pour vous inspirer. Maintenant que vous avez toutes les cl\u00e9s en mains, ouvrez grand les portes de notre showroom virtuel\u00a0![\/vc_column_text][\/vc_column_inner][\/vc_row_inner][vc_empty_space height=\u00a0\u00bb35px\u00a0\u00bb][vc_btn title=\u00a0\u00bbVisitez notre showroom\u00a0\u00bb link=\u00a0\u00bburl:http%3A%2F%2Fwww.prestodatashare.com%2Fshowroom%2F||target:%20_blank|\u00a0\u00bb el_class=\u00a0\u00bbbtn-vert\u00a0\u00bb][vc_single_image image=\u00a0\u00bb6490&Prime; img_size=\u00a0\u00bbfull\u00a0\u00bb alignment=\u00a0\u00bbcenter\u00a0\u00bb onclick=\u00a0\u00bbcustom_link\u00a0\u00bb link=\u00a0\u00bbhttp:\/\/www.prestodatashare.com\/showroom\/\u00a0\u00bb][vc_row_inner el_class=\u00a0\u00bbcol_with_empreinte\u00a0\u00bb][vc_column_inner el_class=\u00a0\u00bbmarques\u00a0\u00bb width=\u00a0\u00bb1\/2&Prime;][vc_column_text]<\/p>\n<h2>Comment \u00e7a marche\u00a0?<\/h2>\n<p>Rien de plus simple ! S\u00e9lectionnez les points pour entrer dans les univers qui vous int\u00e9ressent.<\/p>\n<p>D\u00e8s lors que vous cliquerez sur un produit, vous aurez droit \u00e0 une <strong>courte vid\u00e9o<\/strong> de pr\u00e9sentation anim\u00e9e par l\u2019ensemble de nos chefs de produit ainsi qu\u2019un <strong>acc\u00e8s pour visiter la page sur notre site internet<\/strong>. Vous pouvez vous aider de la molette de votre souris pour zoomer ou reculer.[\/vc_column_text][vc_empty_space height=\u00a0\u00bb35px\u00a0\u00bb][vc_column_text]Vous cherchez une cat\u00e9gorie en particulier\u00a0? Naviguez dans la liste d\u00e9roulante qui se trouve sur votre gauche.<\/p>\n<p>Pour revenir \u00e0 la vue globale, vous pouvez cliquer sur l\u2019empreinte PRESTO.[\/vc_column_text][vc_empty_space height=\u00a0\u00bb35px\u00a0\u00bb][vc_column_text]Cliquez sur les publicit\u00e9s du showroom pour consulter nos brochures, et les vid\u00e9os PRESTO con\u00e7ues pour partager tout ce qui nous anime depuis 1927\u00a0![\/vc_column_text][vc_column_text]<\/p>\n<h2>\u00a0+ de services<\/h2>\n<p>[\/vc_column_text][vc_column_text]<\/p>\n<h3><strong>Contact<\/strong><\/h3>\n<p>Pour plus d\u2019informations, vous pouvez toujours contacter <strong>notre \u00e9quipe <\/strong><strong>commerciale<\/strong> qui se r\u00e9jouira de r\u00e9pondre \u00e0 vos demandes pour des chiffrages, conseils techniques ou SAV et diverses r\u00e9clamations.[\/vc_column_text][vc_column_text css=\u00a0\u00bb.vc_custom_1627999057772{margin-bottom: 0px !important;}\u00a0\u00bb]<\/p>\n<h3><strong>Services <\/strong><\/h3>\n<p>Trouvez le <strong>point de ventes<\/strong> le plus proche gr\u00e2ce au store-locator en ins\u00e9rant votre ville ou code postal.<\/p>\n<p>Consultez <strong>le Prestodatashare<\/strong> pour acc\u00e9der \u00e0 toutes les <strong>fiches techniques<\/strong> produits ainsi que des notices d\u2019utilisation, photos et descriptifs CCTP.<\/p>\n<p>Envie d\u2019en savoir plus sur nos produits, leurs usages et caract\u00e9ristiques, <strong>consultez nos catalogues<\/strong> \u00e0 disposition sur notre site internet.<\/p>\n<p><strong>Presto App<\/strong>, l\u2019appli pour retrouver des r\u00e9f\u00e9rences de pi\u00e8ces d\u00e9tach\u00e9es en cas de remplacement de t\u00eates ou cartouches de robinets par exemple.\u00a0 Cette application donne aussi l\u2019acc\u00e8s au prestodatashare et aux catalogues depuis votre smartphone.[\/vc_column_text][vc_raw_html css=\u00a0\u00bb.vc_custom_1627999093186{margin-bottom: 0px !important;}\u00a0\u00bb]JTNDYSUyMGhyZWYlM0QlMjdodHRwcyUzQSUyRiUyRnBsYXkuZ29vZ2xlLmNvbSUyRnN0b3JlJTJGYXBwcyUyRmRldGFpbHMlM0ZpZCUzRGNvbS5wcmVzdG8uYXBwJTI2aGwlM0RmciUyNyUyMHRhcmdldCUzRCUyMl9ibGFuayUyMiUyMCUzRSUzQ2ltZyUyMGFsdCUzRCUyN0Rpc3BvbmlibGUlMjBzdXIlMjBHb29nbGUlMjBQbGF5JTI3JTIwc3JjJTNEJTI3aHR0cHMlM0ElMkYlMkZwbGF5Lmdvb2dsZS5jb20lMkZpbnRsJTJGZW5fdXMlMkZiYWRnZXMlMkZzdGF0aWMlMkZpbWFnZXMlMkZiYWRnZXMlMkZmcl9iYWRnZV93ZWJfZ2VuZXJpYy5wbmclMjclMjBoZWlnaHQlM0QlMjIzMCUyNSUyMiUyMHdpZHRoJTNEJTIyMzAlMjUlMjIlMjAlMkYlM0UlM0MlMkZhJTNF[\/vc_raw_html][vc_raw_html]JTNDYSUyMGhyZWYlM0QlMjdodHRwcyUzQSUyRiUyRmFwcHMuYXBwbGUuY29tJTJGZnIlMkZhcHAlMkZwcmVzdG8lMkZpZDE0Nzg5MDY4NTQlMjclMjB0YXJnZXQlM0QlMjJfYmxhbmslMjIlMjAlM0UlM0NpbWclMjBhbHQlM0QlMjdEaXNwb25pYmxlJTIwc3VyJTIwQXBwJTIwc3RvcmUlMjclMjBzcmMlM0QlMjclMkZ3cC1jb250ZW50JTJGdXBsb2FkcyUyRjIwMjAlMkYwOCUyRmFwcC1zdG9yZS1iYWRnZS5wbmclMjclMjBoZWlnaHQlM0QlMjIzMCUyNSUyMiUyMHdpZHRoJTNEJTIyMzAlMjUlMjIlMjAlMkYlM0UlM0MlMkZhJTNF[\/vc_raw_html][\/vc_column_inner][vc_column_inner el_class=\u00a0\u00bbetat-esprit\u00a0\u00bb width=\u00a0\u00bb1\/2&Prime;][vc_single_image image=\u00a0\u00bb6501&Prime; img_size=\u00a0\u00bb451&#215;824&Prime;][\/vc_column_inner][\/vc_row_inner][vc_row_inner el_class=\u00a0\u00bbcol_with_empreinte\u00a0\u00bb][vc_column_inner el_class=\u00a0\u00bbmarques\u00a0\u00bb width=\u00a0\u00bb1\/2&Prime;][\/vc_column_inner][vc_column_inner el_class=\u00a0\u00bbetat-esprit\u00a0\u00bb width=\u00a0\u00bb1\/2&Prime;][\/vc_column_inner][\/vc_row_inner][\/vc_column][\/vc_row]<\/p>\n<\/div>","protected":false},"excerpt":{"rendered":"<p>[vc_row full_width=\u00a0\u00bbstretch_row_content_no_spaces\u00a0\u00bb el_class=\u00a0\u00bbrangee-slider\u00a0\u00bb][vc_column][rev_slider_vc alias=\u00a0\u00bbshowroom\u00a0\u00bb][vc_column_text el_class=\u00a0\u00bbresponsivenone responsive496 text-bottom-slide\u00a0\u00bb]Plongez dans l\u2019univers Presto en poussant les portes de notre showroom virtuel [\/vc_column_text][\/vc_column][\/vc_row][vc_row el_class=\u00a0\u00bbrow_text_emploi\u00a0\u00bb][vc_column][vc_empty_space height=\u00a0\u00bb70px\u00a0\u00bb][vc_row_inner el_class=\u00a0\u00bbcol_with_empreinte\u00a0\u00bb][vc_column_inner el_class=\u00a0\u00bbmarques\u00a0\u00bb width=\u00a0\u00bb1\/2&Prime;][vc_column_text el_class=\u00a0\u00bbtexte-simple\u00a0\u00bb css=\u00a0\u00bb.vc_custom_1625749512750{margin-bottom: 0px !important;}\u00a0\u00bb]Sp\u00e9cialiste de la robinetterie de collectivit\u00e9s depuis 1927, PRESTO compte de larges gammes de lavabos, douches, urinoirs et chasses qui s\u2019installent dans tous les \u00e9tablissements recevant du public.<\/p>\n","protected":false},"author":2,"featured_media":0,"parent":11,"menu_order":47,"comment_status":"closed","ping_status":"closed","template":"","meta":{"_acf_changed":false,"footnotes":""},"class_list":["post-5736","page","type-page","status-publish","hentry"],"acf":[],"yoast_head":"<!-- This site is optimized with the Yoast SEO plugin v27.5 - https:\/\/yoast.com\/product\/yoast-seo-wordpress\/ -->\n<title>Showroom | D\u00e9couvrez la maison PRESTO | PRESTO<\/title>\n<meta name=\"description\" content=\"Rejoindre PRESTO c\u2019est contribuer \u00e0 permettre aux lieux qui ont un besoin de consommer beaucoup d\u2019eau, de l\u2019\u00e9conomiser et de s\u00e9curiser...\" \/>\n<meta name=\"robots\" content=\"index, follow, max-snippet:-1, max-image-preview:large, max-video-preview:-1\" \/>\n<link rel=\"canonical\" href=\"https:\/\/presto.fr\/fr\/entreprise\/showroom\/\" \/>\n<meta property=\"og:locale\" content=\"fr_FR\" \/>\n<meta property=\"og:type\" content=\"article\" \/>\n<meta property=\"og:title\" content=\"Showroom | D\u00e9couvrez la maison PRESTO | PRESTO\" \/>\n<meta property=\"og:description\" content=\"Rejoindre PRESTO c\u2019est contribuer \u00e0 permettre aux lieux qui ont un besoin de consommer beaucoup d\u2019eau, de l\u2019\u00e9conomiser et de s\u00e9curiser...\" \/>\n<meta property=\"og:url\" content=\"https:\/\/presto.fr\/fr\/entreprise\/showroom\/\" \/>\n<meta property=\"og:site_name\" content=\"Presto\" \/>\n<meta property=\"article:modified_time\" content=\"2021-09-13T09:37:25+00:00\" \/>\n<meta name=\"twitter:card\" content=\"summary_large_image\" \/>\n<meta name=\"twitter:label1\" content=\"Dur\u00e9e de lecture estim\u00e9e\" \/>\n\t<meta name=\"twitter:data1\" content=\"3 minutes\" \/>\n<script type=\"application\/ld+json\" class=\"yoast-schema-graph\">{\"@context\":\"https:\\\/\\\/schema.org\",\"@graph\":[{\"@type\":\"WebPage\",\"@id\":\"https:\\\/\\\/presto.fr\\\/fr\\\/entreprise\\\/showroom\\\/\",\"url\":\"https:\\\/\\\/presto.fr\\\/fr\\\/entreprise\\\/showroom\\\/\",\"name\":\"Showroom | D\u00e9couvrez la maison PRESTO | PRESTO\",\"isPartOf\":{\"@id\":\"https:\\\/\\\/presto.fr\\\/fr\\\/#website\"},\"datePublished\":\"2021-09-06T07:00:10+00:00\",\"dateModified\":\"2021-09-13T09:37:25+00:00\",\"description\":\"Rejoindre PRESTO c\u2019est contribuer \u00e0 permettre aux lieux qui ont un besoin de consommer beaucoup d\u2019eau, de l\u2019\u00e9conomiser et de s\u00e9curiser...\",\"breadcrumb\":{\"@id\":\"https:\\\/\\\/presto.fr\\\/fr\\\/entreprise\\\/showroom\\\/#breadcrumb\"},\"inLanguage\":\"fr-FR\",\"potentialAction\":[{\"@type\":\"ReadAction\",\"target\":[\"https:\\\/\\\/presto.fr\\\/fr\\\/entreprise\\\/showroom\\\/\"]}]},{\"@type\":\"BreadcrumbList\",\"@id\":\"https:\\\/\\\/presto.fr\\\/fr\\\/entreprise\\\/showroom\\\/#breadcrumb\",\"itemListElement\":[{\"@type\":\"ListItem\",\"position\":1,\"name\":\"Accueil\",\"item\":\"https:\\\/\\\/presto.fr\\\/fr\\\/\"},{\"@type\":\"ListItem\",\"position\":2,\"name\":\"Entreprise\",\"item\":\"https:\\\/\\\/presto.fr\\\/fr\\\/entreprise\\\/\"},{\"@type\":\"ListItem\",\"position\":3,\"name\":\"Showroom\"}]},{\"@type\":\"WebSite\",\"@id\":\"https:\\\/\\\/presto.fr\\\/fr\\\/#website\",\"url\":\"https:\\\/\\\/presto.fr\\\/fr\\\/\",\"name\":\"Presto\",\"description\":\"Robinetterie\",\"potentialAction\":[{\"@type\":\"SearchAction\",\"target\":{\"@type\":\"EntryPoint\",\"urlTemplate\":\"https:\\\/\\\/presto.fr\\\/fr\\\/?s={search_term_string}\"},\"query-input\":{\"@type\":\"PropertyValueSpecification\",\"valueRequired\":true,\"valueName\":\"search_term_string\"}}],\"inLanguage\":\"fr-FR\"}]}<\/script>\n<!-- \/ Yoast SEO plugin. -->","yoast_head_json":{"title":"Showroom | D\u00e9couvrez la maison PRESTO | PRESTO","description":"Rejoindre PRESTO c\u2019est contribuer \u00e0 permettre aux lieux qui ont un besoin de consommer beaucoup d\u2019eau, de l\u2019\u00e9conomiser et de s\u00e9curiser...","robots":{"index":"index","follow":"follow","max-snippet":"max-snippet:-1","max-image-preview":"max-image-preview:large","max-video-preview":"max-video-preview:-1"},"canonical":"https:\/\/presto.fr\/fr\/entreprise\/showroom\/","og_locale":"fr_FR","og_type":"article","og_title":"Showroom | D\u00e9couvrez la maison PRESTO | PRESTO","og_description":"Rejoindre PRESTO c\u2019est contribuer \u00e0 permettre aux lieux qui ont un besoin de consommer beaucoup d\u2019eau, de l\u2019\u00e9conomiser et de s\u00e9curiser...","og_url":"https:\/\/presto.fr\/fr\/entreprise\/showroom\/","og_site_name":"Presto","article_modified_time":"2021-09-13T09:37:25+00:00","twitter_card":"summary_large_image","twitter_misc":{"Dur\u00e9e de lecture estim\u00e9e":"3 minutes"},"schema":{"@context":"https:\/\/schema.org","@graph":[{"@type":"WebPage","@id":"https:\/\/presto.fr\/fr\/entreprise\/showroom\/","url":"https:\/\/presto.fr\/fr\/entreprise\/showroom\/","name":"Showroom | D\u00e9couvrez la maison PRESTO | PRESTO","isPartOf":{"@id":"https:\/\/presto.fr\/fr\/#website"},"datePublished":"2021-09-06T07:00:10+00:00","dateModified":"2021-09-13T09:37:25+00:00","description":"Rejoindre PRESTO c\u2019est contribuer \u00e0 permettre aux lieux qui ont un besoin de consommer beaucoup d\u2019eau, de l\u2019\u00e9conomiser et de s\u00e9curiser...","breadcrumb":{"@id":"https:\/\/presto.fr\/fr\/entreprise\/showroom\/#breadcrumb"},"inLanguage":"fr-FR","potentialAction":[{"@type":"ReadAction","target":["https:\/\/presto.fr\/fr\/entreprise\/showroom\/"]}]},{"@type":"BreadcrumbList","@id":"https:\/\/presto.fr\/fr\/entreprise\/showroom\/#breadcrumb","itemListElement":[{"@type":"ListItem","position":1,"name":"Accueil","item":"https:\/\/presto.fr\/fr\/"},{"@type":"ListItem","position":2,"name":"Entreprise","item":"https:\/\/presto.fr\/fr\/entreprise\/"},{"@type":"ListItem","position":3,"name":"Showroom"}]},{"@type":"WebSite","@id":"https:\/\/presto.fr\/fr\/#website","url":"https:\/\/presto.fr\/fr\/","name":"Presto","description":"Robinetterie","potentialAction":[{"@type":"SearchAction","target":{"@type":"EntryPoint","urlTemplate":"https:\/\/presto.fr\/fr\/?s={search_term_string}"},"query-input":{"@type":"PropertyValueSpecification","valueRequired":true,"valueName":"search_term_string"}}],"inLanguage":"fr-FR"}]}},"_links":{"self":[{"href":"https:\/\/presto.fr\/fr\/wp-json\/wp\/v2\/pages\/5736","targetHints":{"allow":["GET"]}}],"collection":[{"href":"https:\/\/presto.fr\/fr\/wp-json\/wp\/v2\/pages"}],"about":[{"href":"https:\/\/presto.fr\/fr\/wp-json\/wp\/v2\/types\/page"}],"author":[{"embeddable":true,"href":"https:\/\/presto.fr\/fr\/wp-json\/wp\/v2\/users\/2"}],"replies":[{"embeddable":true,"href":"https:\/\/presto.fr\/fr\/wp-json\/wp\/v2\/comments?post=5736"}],"version-history":[{"count":38,"href":"https:\/\/presto.fr\/fr\/wp-json\/wp\/v2\/pages\/5736\/revisions"}],"predecessor-version":[{"id":7140,"href":"https:\/\/presto.fr\/fr\/wp-json\/wp\/v2\/pages\/5736\/revisions\/7140"}],"up":[{"embeddable":true,"href":"https:\/\/presto.fr\/fr\/wp-json\/wp\/v2\/pages\/11"}],"wp:attachment":[{"href":"https:\/\/presto.fr\/fr\/wp-json\/wp\/v2\/media?parent=5736"}],"curies":[{"name":"wp","href":"https:\/\/api.w.org\/{rel}","templated":true}]}}