{"id":8409,"date":"2023-03-09T15:39:34","date_gmt":"2023-03-09T13:39:34","guid":{"rendered":"https:\/\/presto.fr\/?page_id=8409"},"modified":"2025-06-03T14:53:51","modified_gmt":"2025-06-03T12:53:51","slug":"rse","status":"publish","type":"page","link":"https:\/\/presto.fr\/fr\/rse\/","title":{"rendered":"RSE"},"content":{"rendered":"<div class=\"wpb-content-wrapper\"><p>[vc_row el_class=\u00a0\u00bbtop-rse\u00a0\u00bb][vc_column]\n\t\t\t\t<p class=\"rs-p-wp-fix\"><\/p>\n\t\t\t\t<sr7-module data-alias=\"rse\" data-id=\"108\" id=\"SR7_108_1\" class=\"rs-ov-hidden\" data-version=\"6.7.54\">\n\t\t\t\t\t<sr7-adjuster><\/sr7-adjuster>\n\t\t\t\t\t<sr7-content>\n\t\t\t\t\t\t<sr7-slide id=\"SR7_108_1-99\" data-key=\"99\">\n\t\t\t\t\t\t\t<a id=\"SR7_108_1-99-0\" class=\"sr7-layer\" href=\"\/wp-content\/uploads\/2023\/04\/Feuille_de_route.pdf\" target=\"_blank\" rel=\"noopener\">T\u00c9L\u00c9CHARGER<br\/>NOTRE FEUILLE DE ROUTE<\/a>\n\t\t\t\t\t\t\t<sr7-txt id=\"SR7_108_1-99-1\" class=\"sr7-layer\">RSE<\/sr7-txt>\n\t\t\t\t\t\t\t<sr7-txt id=\"SR7_108_1-99-2\" class=\"sr7-layer\">Notre mission : fabriquer une robinetterie collective respectueuse de notre plan\u00e8te, de notre sant\u00e9, de notre bien-\u00eatre et de notre avenir \u00e0 tous<\/sr7-txt>\n\t\t\t\t\t\t\t<sr7-txt id=\"SR7_108_1-99-3\" class=\"sr7-layer\">Pour la rendre durable, nous avons d\u00e9fini notre feuille de route : elle d\u00e9crit les 7 engagements que nous nous attacherons \u00e0 respecter dans chacune de nos activit\u00e9s et aupr\u00e8s de toutes nos parties prenantes.<\/sr7-txt>\n\t\t\t\t\t\t<\/sr7-slide>\n\t\t\t\t\t\t<sr7-slide id=\"SR7_108_1-106\" data-key=\"106\">\n\t\t\t\t\t\t<\/sr7-slide>\n\t\t\t\t\t<\/sr7-content>\n\t\t\t\t<\/sr7-module>\n\t\t\t\t<script>\n\t\t\t\t\twindow.SR7 ??={};SR7.PMH ??={}; SR7.PMH[\"SR7_108_1\"] = {cn:100,state:false,fn: function() { if (window._tpt!==undefined && window._tpt.prepareModuleHeight !== undefined) {  _tpt.prepareModuleHeight({id:\"SR7_108_1\",el:[500,500,500,500,600],type:'standard',shdw:'0',gh:[500,500,500,600,600],gw:[1920,1920,1024,778,480],vpt:['-200px&#039;,&#039;-200px&#039;,&#039;-200px&#039;,&#039;-200px&#039;,&#039;-200px'],size:{fullWidth:true, fullHeight:false},mh:'0',onh:0,onw:0,bg:{color:'{\"orig\":\"transparent\",\"type\":\"solid\",\"string\":\"transparent\"}'},plType:'0',plColor:'#FFFFFF'});   SR7.PMH[\"SR7_108_1\"].state=true;} else if(SR7.PMH[\"SR7_108_1\"].cn-->0)\tsetTimeout( SR7.PMH[\"SR7_108_1\"].fn,19);}};SR7.PMH[\"SR7_108_1\" ].fn();\n\t\t\t\t<\/script>\n[\/vc_column][\/vc_row][vc_row full_width=\u00a0\u00bbstretch_row_content_no_spaces\u00a0\u00bb][vc_column][vc_single_image image=\u00a0\u00bb8445&Prime; img_size=\u00a0\u00bbfull\u00a0\u00bb][\/vc_column][\/vc_row][vc_row el_class=\u00a0\u00bbrow-commitments\u00a0\u00bb][vc_column][vc_column_text]<\/p>\n<h2 style=\"text-align: center;\">NOS 7 ENGAGEMENTS<\/h2>\n<p>[\/vc_column_text]    \n\n    <div class=\"row_engagements\">\n        <div class=\"engagement-round\">\n                            <div class=\"item-engagement-round ieg-0\">\n                    <p class=\"ier-title\">Clients<\/p>\n                    <p class=\"ier-text\">les distributeurs, les pouvoirs publics<\/p>\n                <\/div>\n                            <div class=\"item-engagement-round ieg-1\">\n                    <p class=\"ier-title\">Utilisateurs<\/p>\n                    <p class=\"ier-text\">le grand public<\/p>\n                <\/div>\n                            <div class=\"item-engagement-round ieg-2\">\n                    <p class=\"ier-title\">Prescripteurs<\/p>\n                    <p class=\"ier-text\">les architectes, bureaux d'\u00e9tudes, installateurs, \njournalistes<\/p>\n                <\/div>\n                            <div class=\"item-engagement-round ieg-3\">\n                    <p class=\"ier-title\">Fournisseurs<\/p>\n                    <p class=\"ier-text\">les entreprises productrices de mati\u00e8res \npremi\u00e8res ou transform\u00e9es<\/p>\n                <\/div>\n                            <div class=\"item-engagement-round ieg-4\">\n                    <p class=\"ier-title\">Collaborateurs<\/p>\n                    <p class=\"ier-text\">les dirigeants, les employ\u00e9s, \nles candidats<\/p>\n                <\/div>\n                    <\/div>\n                    <div class=\"item-engagement ie-0\">\n                <p class=\"ie-title\">Utilisation durable \ndes ressources<\/p>\n                <p class=\"ie-text\">Concilier la pr\u00e9servation des ressources naturelles et les besoins de consommation parfois intensifs en d\u00e9veloppant des produits \u00e9conomes, durables et adapt\u00e9s \u00e0 chaque usage.<\/p>\n                <div class=\"ie-link\">\n                    <a target=_blank href=\"\/wp-content\/uploads\/2023\/04\/UTILISATION-DURABLE-DES-RESSOURCES.pdf\" class=\"ie-btn\">T\u00e9l\u00e9charger la fiche<\/a>\n                <\/div>\n            <\/div>\n                    <div class=\"item-engagement ie-1\">\n                <p class=\"ie-title\">Protection \nde l\u2019environnement<\/p>\n                <p class=\"ie-text\">Am\u00e9liorer les pratiques de l\u2019entreprise et acc\u00e9l\u00e9rer la mobilisation des salari\u00e9s en termes de comportements \u00e9cologiques.<\/p>\n                <div class=\"ie-link\">\n                    <a target=_blank href=\"\/wp-content\/uploads\/2023\/04\/PROTECTION-DE-L-ENVIRONNEMENT.pdf\" class=\"ie-btn\">T\u00e9l\u00e9charger la fiche<\/a>\n                <\/div>\n            <\/div>\n                    <div class=\"item-engagement ie-2\">\n                <p class=\"ie-title\">Sant\u00e9 et s\u00e9curit\u00e9 \ndes collaborateurs<\/p>\n                <p class=\"ie-text\">Entretenir un environnement de travail sain et s\u00e9curisant.<\/p>\n                <div class=\"ie-link\">\n                    <a target=_blank href=\"\/wp-content\/uploads\/2023\/04\/SANTE-ET-SECURITE-DES-COLLABORATEURS.pdf\" class=\"ie-btn\">T\u00e9l\u00e9charger la fiche<\/a>\n                <\/div>\n            <\/div>\n                    <div class=\"item-engagement ie-3\">\n                <p class=\"ie-title\">Sant\u00e9 et s\u00e9curit\u00e9 \ndes utilisateurs<\/p>\n                <p class=\"ie-text\">Garantir la sant\u00e9 et la s\u00e9curit\u00e9 de tous les utilisateurs, dans tous les lieux d\u2019utilisation et dans toutes les conditions. <\/p>\n                <div class=\"ie-link\">\n                    <a target=_blank href=\"\/wp-content\/uploads\/2023\/04\/SANTE-ET-SECURITE-DES-UTILISATEURS.pdf\" class=\"ie-btn\">T\u00e9l\u00e9charger la fiche<\/a>\n                <\/div>\n            <\/div>\n                    <div class=\"item-engagement ie-4\">\n                <p class=\"ie-title\">\u00c9thique des affaires<\/p>\n                <p class=\"ie-text\">Veiller \u00e0 la conformit\u00e9 \u00e0 tous les niveaux.<\/p>\n                <div class=\"ie-link\">\n                    <a target=_blank href=\"\/wp-content\/uploads\/2023\/04\/ETHIQUE-DES-AFFAIRES.pdf\" class=\"ie-btn\">T\u00e9l\u00e9charger la fiche<\/a>\n                <\/div>\n            <\/div>\n                    <div class=\"item-engagement ie-5\">\n                <p class=\"ie-title\">D\u00e9veloppement \ndu capital humain<\/p>\n                <p class=\"ie-text\">Mettre en place les conditions et les\noutils pour permettre et encourager\nl\u2019\u00e9volution des collaborateurs.<\/p>\n                <div class=\"ie-link\">\n                    <a target=_blank href=\"\/wp-content\/uploads\/2023\/04\/DEVELOPPEMENT-DU-CAPITAL-HUMAIN.pdf\" class=\"ie-btn\">T\u00e9l\u00e9charger la fiche<\/a>\n                <\/div>\n            <\/div>\n                    <div class=\"item-engagement ie-6\">\n                <p class=\"ie-title\">Emploi et relations \nemployeur \/ employ\u00e9s<\/p>\n                <p class=\"ie-text\">D\u00e9velopper une culture d\u2019entreprise ouverte, inclusive, en faveur de la diversit\u00e9, qui respecte tous les collaborateurs.<\/p>\n                <div class=\"ie-link\">\n                    <a target=_blank href=\"https:\/\/presto.fr\/wp-content\/uploads\/2025\/06\/EMPLOI-ET-RELATIONS-EMPLOYES-EMPLOYEURS-1.pdf\" class=\"ie-btn\">T\u00e9l\u00e9charger la fiche<\/a>\n                <\/div>\n            <\/div>\n            <\/div>\n\n[\/vc_column][\/vc_row][vc_row full_width=\u00a0\u00bbstretch_row_content_no_spaces\u00a0\u00bb css=\u00a0\u00bb.vc_custom_1678380811888{padding-top: 50px !important;}\u00a0\u00bb][vc_column][vc_single_image image=\u00a0\u00bb8445&Prime; img_size=\u00a0\u00bbfull\u00a0\u00bb][\/vc_column][\/vc_row]<\/p>\n<\/div>","protected":false},"excerpt":{"rendered":"<p>[vc_row el_class=\u00a0\u00bbtop-rse\u00a0\u00bb][vc_column][\/vc_column][\/vc_row][vc_row full_width=\u00a0\u00bbstretch_row_content_no_spaces\u00a0\u00bb][vc_column][vc_single_image image=\u00a0\u00bb8445&Prime; img_size=\u00a0\u00bbfull\u00a0\u00bb][\/vc_column][\/vc_row][vc_row el_class=\u00a0\u00bbrow-commitments\u00a0\u00bb][vc_column][vc_column_text] NOS 7 ENGAGEMENTS [\/vc_column_text][\/vc_column][\/vc_row][vc_row full_width=\u00a0\u00bbstretch_row_content_no_spaces\u00a0\u00bb css=\u00a0\u00bb.vc_custom_1678380811888{padding-top: 50px !important;}\u00a0\u00bb][vc_column][vc_single_image image=\u00a0\u00bb8445&Prime; img_size=\u00a0\u00bbfull\u00a0\u00bb][\/vc_column][\/vc_row]<\/p>\n","protected":false},"author":1,"featured_media":0,"parent":0,"menu_order":0,"comment_status":"closed","ping_status":"closed","template":"template-rse.php","meta":{"_acf_changed":false,"footnotes":""},"class_list":["post-8409","page","type-page","status-publish","hentry"],"acf":[],"yoast_head":"<!-- This site is optimized with the Yoast SEO plugin v27.5 - https:\/\/yoast.com\/product\/yoast-seo-wordpress\/ -->\n<title>RSE - Presto<\/title>\n<meta name=\"robots\" content=\"index, follow, max-snippet:-1, max-image-preview:large, max-video-preview:-1\" \/>\n<link rel=\"canonical\" href=\"https:\/\/presto.fr\/fr\/rse\/\" \/>\n<meta property=\"og:locale\" content=\"fr_FR\" \/>\n<meta property=\"og:type\" content=\"article\" \/>\n<meta property=\"og:title\" content=\"RSE - Presto\" \/>\n<meta property=\"og:description\" content=\"[vc_row el_class=\u00a0\u00bbtop-rse\u00a0\u00bb][vc_column][\/vc_column][\/vc_row][vc_row full_width=\u00a0\u00bbstretch_row_content_no_spaces\u00a0\u00bb][vc_column][vc_single_image image=\u00a0\u00bb8445&Prime; img_size=\u00a0\u00bbfull\u00a0\u00bb][\/vc_column][\/vc_row][vc_row el_class=\u00a0\u00bbrow-commitments\u00a0\u00bb][vc_column][vc_column_text] NOS 7 ENGAGEMENTS [\/vc_column_text][\/vc_column][\/vc_row][vc_row full_width=\u00a0\u00bbstretch_row_content_no_spaces\u00a0\u00bb css=\u00a0\u00bb.vc_custom_1678380811888{padding-top: 50px !important;}\u00a0\u00bb][vc_column][vc_single_image image=\u00a0\u00bb8445&Prime; img_size=\u00a0\u00bbfull\u00a0\u00bb][\/vc_column][\/vc_row]\" \/>\n<meta property=\"og:url\" content=\"https:\/\/presto.fr\/fr\/rse\/\" \/>\n<meta property=\"og:site_name\" content=\"Presto\" \/>\n<meta property=\"article:modified_time\" content=\"2025-06-03T12:53:51+00:00\" \/>\n<meta name=\"twitter:card\" content=\"summary_large_image\" \/>\n<meta name=\"twitter:label1\" content=\"Dur\u00e9e de lecture estim\u00e9e\" \/>\n\t<meta name=\"twitter:data1\" content=\"1 minute\" \/>\n<script type=\"application\/ld+json\" class=\"yoast-schema-graph\">{\"@context\":\"https:\\\/\\\/schema.org\",\"@graph\":[{\"@type\":\"WebPage\",\"@id\":\"https:\\\/\\\/presto.fr\\\/fr\\\/rse\\\/\",\"url\":\"https:\\\/\\\/presto.fr\\\/fr\\\/rse\\\/\",\"name\":\"RSE - Presto\",\"isPartOf\":{\"@id\":\"https:\\\/\\\/presto.fr\\\/fr\\\/#website\"},\"datePublished\":\"2023-03-09T13:39:34+00:00\",\"dateModified\":\"2025-06-03T12:53:51+00:00\",\"breadcrumb\":{\"@id\":\"https:\\\/\\\/presto.fr\\\/fr\\\/rse\\\/#breadcrumb\"},\"inLanguage\":\"fr-FR\",\"potentialAction\":[{\"@type\":\"ReadAction\",\"target\":[\"https:\\\/\\\/presto.fr\\\/fr\\\/rse\\\/\"]}]},{\"@type\":\"BreadcrumbList\",\"@id\":\"https:\\\/\\\/presto.fr\\\/fr\\\/rse\\\/#breadcrumb\",\"itemListElement\":[{\"@type\":\"ListItem\",\"position\":1,\"name\":\"Accueil\",\"item\":\"https:\\\/\\\/presto.fr\\\/fr\\\/\"},{\"@type\":\"ListItem\",\"position\":2,\"name\":\"RSE\"}]},{\"@type\":\"WebSite\",\"@id\":\"https:\\\/\\\/presto.fr\\\/fr\\\/#website\",\"url\":\"https:\\\/\\\/presto.fr\\\/fr\\\/\",\"name\":\"Presto\",\"description\":\"Robinetterie\",\"potentialAction\":[{\"@type\":\"SearchAction\",\"target\":{\"@type\":\"EntryPoint\",\"urlTemplate\":\"https:\\\/\\\/presto.fr\\\/fr\\\/?s={search_term_string}\"},\"query-input\":{\"@type\":\"PropertyValueSpecification\",\"valueRequired\":true,\"valueName\":\"search_term_string\"}}],\"inLanguage\":\"fr-FR\"}]}<\/script>\n<!-- \/ Yoast SEO plugin. -->","yoast_head_json":{"title":"RSE - Presto","robots":{"index":"index","follow":"follow","max-snippet":"max-snippet:-1","max-image-preview":"max-image-preview:large","max-video-preview":"max-video-preview:-1"},"canonical":"https:\/\/presto.fr\/fr\/rse\/","og_locale":"fr_FR","og_type":"article","og_title":"RSE - Presto","og_description":"[vc_row el_class=\u00a0\u00bbtop-rse\u00a0\u00bb][vc_column][\/vc_column][\/vc_row][vc_row full_width=\u00a0\u00bbstretch_row_content_no_spaces\u00a0\u00bb][vc_column][vc_single_image image=\u00a0\u00bb8445&Prime; img_size=\u00a0\u00bbfull\u00a0\u00bb][\/vc_column][\/vc_row][vc_row el_class=\u00a0\u00bbrow-commitments\u00a0\u00bb][vc_column][vc_column_text] NOS 7 ENGAGEMENTS [\/vc_column_text][\/vc_column][\/vc_row][vc_row full_width=\u00a0\u00bbstretch_row_content_no_spaces\u00a0\u00bb css=\u00a0\u00bb.vc_custom_1678380811888{padding-top: 50px !important;}\u00a0\u00bb][vc_column][vc_single_image image=\u00a0\u00bb8445&Prime; img_size=\u00a0\u00bbfull\u00a0\u00bb][\/vc_column][\/vc_row]","og_url":"https:\/\/presto.fr\/fr\/rse\/","og_site_name":"Presto","article_modified_time":"2025-06-03T12:53:51+00:00","twitter_card":"summary_large_image","twitter_misc":{"Dur\u00e9e de lecture estim\u00e9e":"1 minute"},"schema":{"@context":"https:\/\/schema.org","@graph":[{"@type":"WebPage","@id":"https:\/\/presto.fr\/fr\/rse\/","url":"https:\/\/presto.fr\/fr\/rse\/","name":"RSE - Presto","isPartOf":{"@id":"https:\/\/presto.fr\/fr\/#website"},"datePublished":"2023-03-09T13:39:34+00:00","dateModified":"2025-06-03T12:53:51+00:00","breadcrumb":{"@id":"https:\/\/presto.fr\/fr\/rse\/#breadcrumb"},"inLanguage":"fr-FR","potentialAction":[{"@type":"ReadAction","target":["https:\/\/presto.fr\/fr\/rse\/"]}]},{"@type":"BreadcrumbList","@id":"https:\/\/presto.fr\/fr\/rse\/#breadcrumb","itemListElement":[{"@type":"ListItem","position":1,"name":"Accueil","item":"https:\/\/presto.fr\/fr\/"},{"@type":"ListItem","position":2,"name":"RSE"}]},{"@type":"WebSite","@id":"https:\/\/presto.fr\/fr\/#website","url":"https:\/\/presto.fr\/fr\/","name":"Presto","description":"Robinetterie","potentialAction":[{"@type":"SearchAction","target":{"@type":"EntryPoint","urlTemplate":"https:\/\/presto.fr\/fr\/?s={search_term_string}"},"query-input":{"@type":"PropertyValueSpecification","valueRequired":true,"valueName":"search_term_string"}}],"inLanguage":"fr-FR"}]}},"_links":{"self":[{"href":"https:\/\/presto.fr\/fr\/wp-json\/wp\/v2\/pages\/8409","targetHints":{"allow":["GET"]}}],"collection":[{"href":"https:\/\/presto.fr\/fr\/wp-json\/wp\/v2\/pages"}],"about":[{"href":"https:\/\/presto.fr\/fr\/wp-json\/wp\/v2\/types\/page"}],"author":[{"embeddable":true,"href":"https:\/\/presto.fr\/fr\/wp-json\/wp\/v2\/users\/1"}],"replies":[{"embeddable":true,"href":"https:\/\/presto.fr\/fr\/wp-json\/wp\/v2\/comments?post=8409"}],"version-history":[{"count":26,"href":"https:\/\/presto.fr\/fr\/wp-json\/wp\/v2\/pages\/8409\/revisions"}],"predecessor-version":[{"id":9608,"href":"https:\/\/presto.fr\/fr\/wp-json\/wp\/v2\/pages\/8409\/revisions\/9608"}],"wp:attachment":[{"href":"https:\/\/presto.fr\/fr\/wp-json\/wp\/v2\/media?parent=8409"}],"curies":[{"name":"wp","href":"https:\/\/api.w.org\/{rel}","templated":true}]}}