{"id":8839,"date":"2024-02-01T10:51:24","date_gmt":"2024-02-01T08:51:24","guid":{"rendered":"https:\/\/presto.fr\/?page_id=8839"},"modified":"2025-12-01T15:15:26","modified_gmt":"2025-12-01T13:15:26","slug":"links","status":"publish","type":"page","link":"https:\/\/presto.fr\/fr\/links\/","title":{"rendered":"links"},"content":{"rendered":"<div class=\"wpb-content-wrapper\"><p>[vc_row][vc_column css=\u00a0\u00bb.vc_custom_1706781321498{padding-top: 10px !important;}\u00a0\u00bb][vc_column_text css=\u00a0\u00bb\u00a0\u00bb]<\/p>\n<h2 style=\"text-align: center;\">Notre communication digitale en une seule page :<\/h2>\n<p style=\"text-align: center;\">Vous trouverez ci-dessous les acc\u00e8s rapides \u00e0 nos diff\u00e9rents canaux de communication.<br \/>\nPensez \u00e0 vous abonner ! \u2b07\ufe0f<\/p>\n<p>[\/vc_column_text][vc_btn title=\u00a0\u00bbSite officiel\u00a0\u00bb style=\u00a0\u00bboutline\u00a0\u00bb color=\u00a0\u00bbblack\u00a0\u00bb align=\u00a0\u00bbcenter\u00a0\u00bb css_animation=\u00a0\u00bbnone\u00a0\u00bb css=\u00a0\u00bb\u00a0\u00bb button_block=\u00a0\u00bbtrue\u00a0\u00bb link=\u00a0\u00bburl:http%3A%2F%2Fwww.presto.fr|title:Lien%20vers%20le%20site%20presto.fr|target:_blank\u00a0\u00bb][\/vc_column][\/vc_row][vc_row][vc_column][vc_separator border_width=\u00a0\u00bb5&Prime; css=\u00a0\u00bb\u00a0\u00bb][\/vc_column][\/vc_row][vc_row][vc_column width=\u00a0\u00bb1\/3&Prime;][vc_column_text css=\u00a0\u00bb\u00a0\u00bb]Nos r\u00e9seaux sociaux[\/vc_column_text][vc_btn title=\u00a0\u00bbInstagram\u00a0\u00bb style=\u00a0\u00bboutline\u00a0\u00bb color=\u00a0\u00bbblack\u00a0\u00bb align=\u00a0\u00bbcenter\u00a0\u00bb css_animation=\u00a0\u00bbnone\u00a0\u00bb css=\u00a0\u00bb\u00a0\u00bb button_block=\u00a0\u00bbtrue\u00a0\u00bb link=\u00a0\u00bburl:https%3A%2F%2Fwww.instagram.com%2Fpresto_group%2F|title:Lien%20vers%20Instagram%20PRESTO|target:_blank\u00a0\u00bb][vc_btn title=\u00a0\u00bbLinkedIn\u00a0\u00bb style=\u00a0\u00bboutline\u00a0\u00bb color=\u00a0\u00bbblack\u00a0\u00bb align=\u00a0\u00bbcenter\u00a0\u00bb css_animation=\u00a0\u00bbnone\u00a0\u00bb css=\u00a0\u00bb\u00a0\u00bb button_block=\u00a0\u00bbtrue\u00a0\u00bb link=\u00a0\u00bburl:https%3A%2F%2Fwww.linkedin.com%2Fcompany%2Fles-robinets-presto%2F|title:Lien%20vers%20LinkedIn%20PRESTO|target:_blank\u00a0\u00bb][vc_btn title=\u00a0\u00bbFacebook\u00a0\u00bb style=\u00a0\u00bboutline\u00a0\u00bb color=\u00a0\u00bbblack\u00a0\u00bb align=\u00a0\u00bbcenter\u00a0\u00bb css_animation=\u00a0\u00bbnone\u00a0\u00bb css=\u00a0\u00bb\u00a0\u00bb button_block=\u00a0\u00bbtrue\u00a0\u00bb link=\u00a0\u00bburl:https%3A%2F%2Fwww.facebook.com%2Fprofile.php%3Fid%3D100063566650904|title:Lien%20vers%20Facebook%20PRESTO|target:_blank\u00a0\u00bb][vc_btn title=\u00a0\u00bbPinterest\u00a0\u00bb style=\u00a0\u00bboutline\u00a0\u00bb color=\u00a0\u00bbblack\u00a0\u00bb align=\u00a0\u00bbcenter\u00a0\u00bb css_animation=\u00a0\u00bbnone\u00a0\u00bb css=\u00a0\u00bb\u00a0\u00bb button_block=\u00a0\u00bbtrue\u00a0\u00bb link=\u00a0\u00bburl:https%3A%2F%2Ffr.pinterest.com%2Fpresto_robinets%2F|title:Lien%20vers%20Pinterest|target:_blank\u00a0\u00bb][\/vc_column][vc_column width=\u00a0\u00bb1\/3&Prime;][vc_column_text css=\u00a0\u00bb\u00a0\u00bb]Nos r\u00e9seaux sociaux Middle East[\/vc_column_text][vc_btn title=\u00a0\u00bbSite officiel\u00a0\u00bb style=\u00a0\u00bboutline\u00a0\u00bb color=\u00a0\u00bbblack\u00a0\u00bb align=\u00a0\u00bbcenter\u00a0\u00bb css_animation=\u00a0\u00bbnone\u00a0\u00bb css=\u00a0\u00bb\u00a0\u00bb button_block=\u00a0\u00bbtrue\u00a0\u00bb link=\u00a0\u00bburl:https%3A%2F%2Fpresto-me.com%2F|title:Lien%20vers%20le%20site%20presto.fr|target:_blank\u00a0\u00bb][vc_row_inner][vc_column_inner][vc_btn title=\u00a0\u00bbLinkedIn\u00a0\u00bb style=\u00a0\u00bboutline\u00a0\u00bb color=\u00a0\u00bbblack\u00a0\u00bb align=\u00a0\u00bbcenter\u00a0\u00bb css_animation=\u00a0\u00bbnone\u00a0\u00bb css=\u00a0\u00bb\u00a0\u00bb button_block=\u00a0\u00bbtrue\u00a0\u00bb link=\u00a0\u00bburl:https%3A%2F%2Fwww.linkedin.com%2Fcompany%2Fpresto-middle-east%2F%3ForiginalSubdomain%3Dae|title:Lien%20vers%20LinkedIn%20PRESTO|target:_blank\u00a0\u00bb][vc_btn title=\u00a0\u00bbInstagram\u00a0\u00bb style=\u00a0\u00bboutline\u00a0\u00bb color=\u00a0\u00bbblack\u00a0\u00bb align=\u00a0\u00bbcenter\u00a0\u00bb css_animation=\u00a0\u00bbnone\u00a0\u00bb css=\u00a0\u00bb\u00a0\u00bb button_block=\u00a0\u00bbtrue\u00a0\u00bb link=\u00a0\u00bburl:https%3A%2F%2Fwww.instagram.com%2Fprestomiddleeast_official%2F|title:Lien%20vers%20Instagram%20PRESTO|target:_blank\u00a0\u00bb][\/vc_column_inner][\/vc_row_inner][\/vc_column][vc_column width=\u00a0\u00bb1\/3&Prime;][vc_column_text css=\u00a0\u00bb\u00a0\u00bb]Nos outils marketing[\/vc_column_text][vc_btn title=\u00a0\u00bbCentre de t\u00e9l\u00e9chargement : PRESTODATASHARE\u00a0\u00bb style=\u00a0\u00bboutline\u00a0\u00bb color=\u00a0\u00bbblack\u00a0\u00bb align=\u00a0\u00bbcenter\u00a0\u00bb css_animation=\u00a0\u00bbnone\u00a0\u00bb css=\u00a0\u00bb\u00a0\u00bb button_block=\u00a0\u00bbtrue\u00a0\u00bb link=\u00a0\u00bburl:http%3A%2F%2Fwww.prestodatashare.com|title:Lien%20vers%20la%20documentation%20technique|target:_blank\u00a0\u00bb][vc_row_inner][vc_column_inner][vc_btn title=\u00a0\u00bbShowroom\u00a0\u00bb style=\u00a0\u00bboutline\u00a0\u00bb color=\u00a0\u00bbblack\u00a0\u00bb align=\u00a0\u00bbcenter\u00a0\u00bb css_animation=\u00a0\u00bbnone\u00a0\u00bb css=\u00a0\u00bb\u00a0\u00bb button_block=\u00a0\u00bbtrue\u00a0\u00bb link=\u00a0\u00bburl:https%3A%2F%2Fwww.prestodatashare.com%2Fshowroom%2F|title:Lien%20vers%20le%20showroom%20PRESTO|target:_blank\u00a0\u00bb][\/vc_column_inner][\/vc_row_inner][vc_row_inner][vc_column_inner][vc_btn title=\u00a0\u00bbLove That Design\u00a0\u00bb style=\u00a0\u00bboutline\u00a0\u00bb color=\u00a0\u00bbblack\u00a0\u00bb align=\u00a0\u00bbcenter\u00a0\u00bb css_animation=\u00a0\u00bbnone\u00a0\u00bb css=\u00a0\u00bb\u00a0\u00bb button_block=\u00a0\u00bbtrue\u00a0\u00bb link=\u00a0\u00bburl:https%3A%2F%2Fwww.lovethatdesign.com%2Fbrand%2Fpresto%2F|title:Love%20that%20design|target:_blank\u00a0\u00bb][\/vc_column_inner][\/vc_row_inner][\/vc_column][\/vc_row][vc_row][vc_column][vc_separator border_width=\u00a0\u00bb5&Prime; css=\u00a0\u00bb\u00a0\u00bb][\/vc_column][\/vc_row][vc_row][vc_column][vc_btn title=\u00a0\u00bbLien de notre chaine Youtube\u00a0\u00bb style=\u00a0\u00bboutline\u00a0\u00bb color=\u00a0\u00bbblack\u00a0\u00bb align=\u00a0\u00bbcenter\u00a0\u00bb css_animation=\u00a0\u00bbnone\u00a0\u00bb css=\u00a0\u00bb\u00a0\u00bb button_block=\u00a0\u00bbtrue\u00a0\u00bb link=\u00a0\u00bburl:https%3A%2F%2Fwww.youtube.com%2Fchannel%2FUCbTtspYPo6_dM3pI1xelxag|title:Lien%20vers%20la%20chaine%20PRESTO|target:_blank\u00a0\u00bb][vc_video link=\u00a0\u00bbhttps:\/\/www.youtube.com\/watch?v=uXdawOtOBKg\u00a0\u00bb css=\u00a0\u00bb\u00a0\u00bb][\/vc_column][\/vc_row]<\/p>\n<\/div>","protected":false},"excerpt":{"rendered":"<p>[vc_row][vc_column css=\u00a0\u00bb.vc_custom_1706781321498{padding-top: 10px !important;}\u00a0\u00bb][vc_column_text css=\u00a0\u00bb\u00a0\u00bb] Notre communication digitale en une seule page : Vous trouverez ci-dessous les acc\u00e8s rapides \u00e0 nos diff\u00e9rents canaux de communication. Pensez \u00e0 vous abonner ! \u2b07\ufe0f [\/vc_column_text][vc_btn title=\u00a0\u00bbSite officiel\u00a0\u00bb style=\u00a0\u00bboutline\u00a0\u00bb color=\u00a0\u00bbblack\u00a0\u00bb align=\u00a0\u00bbcenter\u00a0\u00bb css_animation=\u00a0\u00bbnone\u00a0\u00bb css=\u00a0\u00bb\u00a0\u00bb button_block=\u00a0\u00bbtrue\u00a0\u00bb link=\u00a0\u00bburl:http%3A%2F%2Fwww.presto.fr|title:Lien%20vers%20le%20site%20presto.fr|target:_blank\u00a0\u00bb][\/vc_column][\/vc_row][vc_row][vc_column][vc_separator border_width=\u00a0\u00bb5&Prime; css=\u00a0\u00bb\u00a0\u00bb][\/vc_column][\/vc_row][vc_row][vc_column width=\u00a0\u00bb1\/3&Prime;][vc_column_text css=\u00a0\u00bb\u00a0\u00bb]Nos r\u00e9seaux sociaux[\/vc_column_text][vc_btn title=\u00a0\u00bbInstagram\u00a0\u00bb style=\u00a0\u00bboutline\u00a0\u00bb color=\u00a0\u00bbblack\u00a0\u00bb align=\u00a0\u00bbcenter\u00a0\u00bb css_animation=\u00a0\u00bbnone\u00a0\u00bb css=\u00a0\u00bb\u00a0\u00bb button_block=\u00a0\u00bbtrue\u00a0\u00bb link=\u00a0\u00bburl:https%3A%2F%2Fwww.instagram.com%2Fpresto_group%2F|title:Lien%20vers%20Instagram%20PRESTO|target:_blank\u00a0\u00bb][vc_btn<\/p>\n","protected":false},"author":2,"featured_media":0,"parent":0,"menu_order":0,"comment_status":"closed","ping_status":"closed","template":"","meta":{"_acf_changed":false,"footnotes":""},"class_list":["post-8839","page","type-page","status-publish","hentry"],"acf":[],"yoast_head":"<!-- This site is optimized with the Yoast SEO plugin v27.5 - https:\/\/yoast.com\/product\/yoast-seo-wordpress\/ -->\n<title>links - Presto<\/title>\n<meta name=\"robots\" content=\"index, follow, max-snippet:-1, max-image-preview:large, max-video-preview:-1\" \/>\n<link rel=\"canonical\" href=\"https:\/\/presto.fr\/fr\/links\/\" \/>\n<meta property=\"og:locale\" content=\"fr_FR\" \/>\n<meta property=\"og:type\" content=\"article\" \/>\n<meta property=\"og:title\" content=\"links - Presto\" \/>\n<meta property=\"og:description\" content=\"[vc_row][vc_column css=\u00a0\u00bb.vc_custom_1706781321498{padding-top: 10px !important;}\u00a0\u00bb][vc_column_text css=\u00a0\u00bb\u00a0\u00bb] Notre communication digitale en une seule page : Vous trouverez ci-dessous les acc\u00e8s rapides \u00e0 nos diff\u00e9rents canaux de communication. Pensez \u00e0 vous abonner ! \u2b07\ufe0f [\/vc_column_text][vc_btn title=\u00a0\u00bbSite officiel\u00a0\u00bb style=\u00a0\u00bboutline\u00a0\u00bb color=\u00a0\u00bbblack\u00a0\u00bb align=\u00a0\u00bbcenter\u00a0\u00bb css_animation=\u00a0\u00bbnone\u00a0\u00bb css=\u00a0\u00bb\u00a0\u00bb button_block=\u00a0\u00bbtrue\u00a0\u00bb link=\u00a0\u00bburl:http%3A%2F%2Fwww.presto.fr|title:Lien%20vers%20le%20site%20presto.fr|target:_blank\u00a0\u00bb][\/vc_column][\/vc_row][vc_row][vc_column][vc_separator border_width=\u00a0\u00bb5&Prime; css=\u00a0\u00bb\u00a0\u00bb][\/vc_column][\/vc_row][vc_row][vc_column width=\u00a0\u00bb1\/3&Prime;][vc_column_text css=\u00a0\u00bb\u00a0\u00bb]Nos r\u00e9seaux sociaux[\/vc_column_text][vc_btn title=\u00a0\u00bbInstagram\u00a0\u00bb style=\u00a0\u00bboutline\u00a0\u00bb color=\u00a0\u00bbblack\u00a0\u00bb align=\u00a0\u00bbcenter\u00a0\u00bb css_animation=\u00a0\u00bbnone\u00a0\u00bb css=\u00a0\u00bb\u00a0\u00bb button_block=\u00a0\u00bbtrue\u00a0\u00bb link=\u00a0\u00bburl:https%3A%2F%2Fwww.instagram.com%2Fpresto_group%2F|title:Lien%20vers%20Instagram%20PRESTO|target:_blank\u00a0\u00bb][vc_btn\" \/>\n<meta property=\"og:url\" content=\"https:\/\/presto.fr\/fr\/links\/\" \/>\n<meta property=\"og:site_name\" content=\"Presto\" \/>\n<meta property=\"article:modified_time\" content=\"2025-12-01T13:15:26+00:00\" \/>\n<meta name=\"twitter:card\" content=\"summary_large_image\" \/>\n<meta name=\"twitter:label1\" content=\"Dur\u00e9e de lecture estim\u00e9e\" \/>\n\t<meta name=\"twitter:data1\" content=\"1 minute\" \/>\n<script type=\"application\/ld+json\" class=\"yoast-schema-graph\">{\"@context\":\"https:\\\/\\\/schema.org\",\"@graph\":[{\"@type\":\"WebPage\",\"@id\":\"https:\\\/\\\/presto.fr\\\/fr\\\/links\\\/\",\"url\":\"https:\\\/\\\/presto.fr\\\/fr\\\/links\\\/\",\"name\":\"links - Presto\",\"isPartOf\":{\"@id\":\"https:\\\/\\\/presto.fr\\\/fr\\\/#website\"},\"datePublished\":\"2024-02-01T08:51:24+00:00\",\"dateModified\":\"2025-12-01T13:15:26+00:00\",\"breadcrumb\":{\"@id\":\"https:\\\/\\\/presto.fr\\\/fr\\\/links\\\/#breadcrumb\"},\"inLanguage\":\"fr-FR\",\"potentialAction\":[{\"@type\":\"ReadAction\",\"target\":[\"https:\\\/\\\/presto.fr\\\/fr\\\/links\\\/\"]}]},{\"@type\":\"BreadcrumbList\",\"@id\":\"https:\\\/\\\/presto.fr\\\/fr\\\/links\\\/#breadcrumb\",\"itemListElement\":[{\"@type\":\"ListItem\",\"position\":1,\"name\":\"Accueil\",\"item\":\"https:\\\/\\\/presto.fr\\\/fr\\\/\"},{\"@type\":\"ListItem\",\"position\":2,\"name\":\"links\"}]},{\"@type\":\"WebSite\",\"@id\":\"https:\\\/\\\/presto.fr\\\/fr\\\/#website\",\"url\":\"https:\\\/\\\/presto.fr\\\/fr\\\/\",\"name\":\"Presto\",\"description\":\"Robinetterie\",\"potentialAction\":[{\"@type\":\"SearchAction\",\"target\":{\"@type\":\"EntryPoint\",\"urlTemplate\":\"https:\\\/\\\/presto.fr\\\/fr\\\/?s={search_term_string}\"},\"query-input\":{\"@type\":\"PropertyValueSpecification\",\"valueRequired\":true,\"valueName\":\"search_term_string\"}}],\"inLanguage\":\"fr-FR\"}]}<\/script>\n<!-- \/ Yoast SEO plugin. -->","yoast_head_json":{"title":"links - Presto","robots":{"index":"index","follow":"follow","max-snippet":"max-snippet:-1","max-image-preview":"max-image-preview:large","max-video-preview":"max-video-preview:-1"},"canonical":"https:\/\/presto.fr\/fr\/links\/","og_locale":"fr_FR","og_type":"article","og_title":"links - Presto","og_description":"[vc_row][vc_column css=\u00a0\u00bb.vc_custom_1706781321498{padding-top: 10px !important;}\u00a0\u00bb][vc_column_text css=\u00a0\u00bb\u00a0\u00bb] Notre communication digitale en une seule page : Vous trouverez ci-dessous les acc\u00e8s rapides \u00e0 nos diff\u00e9rents canaux de communication. Pensez \u00e0 vous abonner ! \u2b07\ufe0f [\/vc_column_text][vc_btn title=\u00a0\u00bbSite officiel\u00a0\u00bb style=\u00a0\u00bboutline\u00a0\u00bb color=\u00a0\u00bbblack\u00a0\u00bb align=\u00a0\u00bbcenter\u00a0\u00bb css_animation=\u00a0\u00bbnone\u00a0\u00bb css=\u00a0\u00bb\u00a0\u00bb button_block=\u00a0\u00bbtrue\u00a0\u00bb link=\u00a0\u00bburl:http%3A%2F%2Fwww.presto.fr|title:Lien%20vers%20le%20site%20presto.fr|target:_blank\u00a0\u00bb][\/vc_column][\/vc_row][vc_row][vc_column][vc_separator border_width=\u00a0\u00bb5&Prime; css=\u00a0\u00bb\u00a0\u00bb][\/vc_column][\/vc_row][vc_row][vc_column width=\u00a0\u00bb1\/3&Prime;][vc_column_text css=\u00a0\u00bb\u00a0\u00bb]Nos r\u00e9seaux sociaux[\/vc_column_text][vc_btn title=\u00a0\u00bbInstagram\u00a0\u00bb style=\u00a0\u00bboutline\u00a0\u00bb color=\u00a0\u00bbblack\u00a0\u00bb align=\u00a0\u00bbcenter\u00a0\u00bb css_animation=\u00a0\u00bbnone\u00a0\u00bb css=\u00a0\u00bb\u00a0\u00bb button_block=\u00a0\u00bbtrue\u00a0\u00bb link=\u00a0\u00bburl:https%3A%2F%2Fwww.instagram.com%2Fpresto_group%2F|title:Lien%20vers%20Instagram%20PRESTO|target:_blank\u00a0\u00bb][vc_btn","og_url":"https:\/\/presto.fr\/fr\/links\/","og_site_name":"Presto","article_modified_time":"2025-12-01T13:15:26+00:00","twitter_card":"summary_large_image","twitter_misc":{"Dur\u00e9e de lecture estim\u00e9e":"1 minute"},"schema":{"@context":"https:\/\/schema.org","@graph":[{"@type":"WebPage","@id":"https:\/\/presto.fr\/fr\/links\/","url":"https:\/\/presto.fr\/fr\/links\/","name":"links - Presto","isPartOf":{"@id":"https:\/\/presto.fr\/fr\/#website"},"datePublished":"2024-02-01T08:51:24+00:00","dateModified":"2025-12-01T13:15:26+00:00","breadcrumb":{"@id":"https:\/\/presto.fr\/fr\/links\/#breadcrumb"},"inLanguage":"fr-FR","potentialAction":[{"@type":"ReadAction","target":["https:\/\/presto.fr\/fr\/links\/"]}]},{"@type":"BreadcrumbList","@id":"https:\/\/presto.fr\/fr\/links\/#breadcrumb","itemListElement":[{"@type":"ListItem","position":1,"name":"Accueil","item":"https:\/\/presto.fr\/fr\/"},{"@type":"ListItem","position":2,"name":"links"}]},{"@type":"WebSite","@id":"https:\/\/presto.fr\/fr\/#website","url":"https:\/\/presto.fr\/fr\/","name":"Presto","description":"Robinetterie","potentialAction":[{"@type":"SearchAction","target":{"@type":"EntryPoint","urlTemplate":"https:\/\/presto.fr\/fr\/?s={search_term_string}"},"query-input":{"@type":"PropertyValueSpecification","valueRequired":true,"valueName":"search_term_string"}}],"inLanguage":"fr-FR"}]}},"_links":{"self":[{"href":"https:\/\/presto.fr\/fr\/wp-json\/wp\/v2\/pages\/8839","targetHints":{"allow":["GET"]}}],"collection":[{"href":"https:\/\/presto.fr\/fr\/wp-json\/wp\/v2\/pages"}],"about":[{"href":"https:\/\/presto.fr\/fr\/wp-json\/wp\/v2\/types\/page"}],"author":[{"embeddable":true,"href":"https:\/\/presto.fr\/fr\/wp-json\/wp\/v2\/users\/2"}],"replies":[{"embeddable":true,"href":"https:\/\/presto.fr\/fr\/wp-json\/wp\/v2\/comments?post=8839"}],"version-history":[{"count":28,"href":"https:\/\/presto.fr\/fr\/wp-json\/wp\/v2\/pages\/8839\/revisions"}],"predecessor-version":[{"id":10014,"href":"https:\/\/presto.fr\/fr\/wp-json\/wp\/v2\/pages\/8839\/revisions\/10014"}],"wp:attachment":[{"href":"https:\/\/presto.fr\/fr\/wp-json\/wp\/v2\/media?parent=8839"}],"curies":[{"name":"wp","href":"https:\/\/api.w.org\/{rel}","templated":true}]}}