{"id":5939,"date":"2020-06-25T10:49:24","date_gmt":"2020-06-25T10:49:24","guid":{"rendered":"https:\/\/presto.fr\/fr\/azienda\/organisation\/"},"modified":"2021-10-28T09:35:13","modified_gmt":"2021-10-28T09:35:13","slug":"organizzazione","status":"publish","type":"page","link":"https:\/\/presto.fr\/it\/azienda\/organizzazione\/","title":{"rendered":"Organizzazione"},"content":{"rendered":"<div class=\"wpb-content-wrapper\"><p>[vc_row full_width=&#8221;stretch_row_content_no_spaces&#8221; el_class=&#8221;rangee-slider&#8221;][vc_column][rev_slider_vc alias=&#8221;organisation-it&#8221;][vc_column_text el_class=&#8221;responsivenone responsive496 text-bottom-slide&#8221;]Azienda a conduzione familiare, PRESTO \u00e8 un produttore francese di rubinetteria ecologica ed economica per tutti i locali aperti al pubblico, in tutto il mondo, dove l&#8217;uso dei servizi igienici \u00e8 intensivo.<br \/>\nPRESTO da quasi 100 anni utilizza da sempre tutta la sua esperienza, il suo know-how e le sue tecnologie di punta per la progettazione e la produzione di rubinetterie<br \/>\ninnovative. Ogni prodotto \u00e8 progettato specificatamente per il suo utilizzo e soddisfa qualsiasi vincolo di ristrutturazione o costruzione.<br \/>\nLe soluzioni PRESTO sono robuste, efficienti, durevoli, e garantiscono un ottimo livello di antivandalismo ed un perfetto funzionamento nel tempo.[\/vc_column_text][\/vc_column][\/vc_row][vc_row full_width=&#8221;stretch_row_content_no_spaces&#8221; css=&#8221;.vc_custom_1589826488676{background-color: #008c76 !important;}&#8221; el_class=&#8221;bandeau-counter&#8221;][vc_column][vc_row_inner][vc_column_inner]\r\n<!--Fact Counter Style Two-->\r\n<section class=\"fact-counter-two \" style=\"background-image:url('');\">\r\n    <div class=\"auto-container\">\r\n        \r\n        <!--Fact Counter-->\r\n        <div class=\"fact-counter\">\r\n            <div class=\"row clearfix\">\r\n                                <!--Column-->\r\n                <div class=\"column counter-column col-md-3 col-sm-6 col-xs-12 wow fadeIn\" data-wow-duration=\"0ms\">\r\n                    <div class=\"inner-box\">\r\n                        <div class=\"count-outer\"><span class=\"count-text\" data-speed=\"1500\" data-stop=\"220\">220<\/span>+<\/div>\r\n                        <h4 class=\"counter-title\">collaboratori<\/h4>\r\n                    <\/div>\r\n                <\/div>\r\n                                <!--Column-->\r\n                <div class=\"column counter-column col-md-3 col-sm-6 col-xs-12 wow fadeIn\" data-wow-duration=\"0ms\">\r\n                    <div class=\"inner-box\">\r\n                        <div class=\"count-outer\"><span class=\"count-text\" data-speed=\"1500\" data-stop=\"69\">69<\/span>+<\/div>\r\n                        <h4 class=\"counter-title\">brevetti depositati<\/h4>\r\n                    <\/div>\r\n                <\/div>\r\n                                <!--Column-->\r\n                <div class=\"column counter-column col-md-3 col-sm-6 col-xs-12 wow fadeIn\" data-wow-duration=\"0ms\">\r\n                    <div class=\"inner-box\">\r\n                        <div class=\"count-outer\"><span class=\"count-text\" data-speed=\"1500\" data-stop=\"3000\">3000<\/span>+<\/div>\r\n                        <h4 class=\"counter-title\">prodotti<\/h4>\r\n                    <\/div>\r\n                <\/div>\r\n                            <\/div>\r\n        <\/div>\r\n        \r\n    <\/div>\r\n        \r\n    <!--Rotated Layer-->\r\n    <div class=\"\"><\/div>\r\n    \r\n<\/section>\r\n\r\n[\/vc_column_inner][\/vc_row_inner][\/vc_column][\/vc_row][vc_row el_class=&#8221;encart_2_marques&#8221;][vc_column][vc_row_inner][vc_column_inner el_class=&#8221;marques&#8221; width=&#8221;1\/2&#8243; css=&#8221;.vc_custom_1603283516363{padding-left: 30px !important;}&#8221;][vc_column_text el_class=&#8221;texte-simple&#8221;]<strong>2 marchi<\/strong>[\/vc_column_text][vc_single_image image=&#8221;1019&#8243; img_size=&#8221;full&#8221;][vc_column_text el_class=&#8221;texte-simple&#8221;]rubinetterie per la collettiv\u00e0[\/vc_column_text][vc_single_image image=&#8221;1020&#8243; img_size=&#8221;full&#8221;][vc_column_text el_class=&#8221;texte-simple&#8221;]rubinetterie per la sanit\u00e0[\/vc_column_text][\/vc_column_inner][vc_column_inner width=&#8221;1\/2&#8243; css=&#8221;.vc_custom_1603283522130{padding-right: 30px !important;}&#8221;][vc_column_text el_class=&#8221;texte-simple&#8221;]<strong>2 mercati<\/strong><\/p>\n<p>Le nuove costruzioni<br \/>\nLe ristrutturazioni e le manutenzioni[\/vc_column_text][vc_column_text el_class=&#8221;texte-simple&#8221;]<strong>6 categorie di prodotti<\/strong><\/p>\n<p>Lavabo, doccia, bar e cucine industriali, wc&amp;turche, orinatoi, laboratori[\/vc_column_text][vc_column_text el_class=&#8221;texte-simple&#8221;]<strong>Numerosi campi d&#8217;azione<\/strong><\/p>\n<p>Scuole, strutture sanitarie, carceri e strutture di sicurezza, tempo libero, sport, turismo all&#8217;aperto, laboratori, industrie, uffici, hotel, commercio, trasporti, luoghi di culto[\/vc_column_text][vc_column_text el_class=&#8221;texte-simple&#8221;]<strong>3 stabilimenti di produzione<\/strong><\/p>\n<p>2 in Francia, nella regione Poitou-Charentes e 1 in Portogallo<br \/>\n1 sede sociale a Montrouge (Grand Paris \u2013 \u00cele-de-France \u2013 Francia)[\/vc_column_text][\/vc_column_inner][\/vc_row_inner][\/vc_column][\/vc_row][vc_row full_width=&#8221;stretch_row_content_no_spaces&#8221; el_class=&#8221;fond-categories&#8221; css=&#8221;.vc_custom_1591025740604{background-image: url(http:\/\/presto.fr\/wp-content\/uploads\/2020\/06\/fond-rayer.png?id=297) !important;}&#8221;][vc_column][vc_empty_space height=&#8221;25px&#8221;][vc_row_inner el_class=&#8221;boxed-categories&#8221;][vc_column_inner width=&#8221;1\/4&#8243;][vc_column_text el_class=&#8221;titre-classique&#8221; css=&#8221;.vc_custom_1626440735332{margin-bottom: 0px !important;}&#8221;]6 categorie di prodotti[\/vc_column_text][\/vc_column_inner][vc_column_inner width=&#8221;3\/4&#8243;]    \n\n            <div class=\"row_cat_prod\">\n\t\t\t\t\t                        <div class=\"catprodone\">\n                            <div class=\"img_catprodone\">\n                                <img decoding=\"async\" src=\"https:\/\/presto.fr\/wp-content\/uploads\/2020\/07\/lavabo.png\"\/>\n                            <\/div>\n                            <div class=\"titre_catprod\">\n                                LAVABO                            <\/div>\n\n                        <\/div>\n                                            <div class=\"catprodone\">\n                            <div class=\"img_catprodone\">\n                                <img decoding=\"async\" src=\"https:\/\/presto.fr\/wp-content\/uploads\/2020\/07\/douche.png\"\/>\n                            <\/div>\n                            <div class=\"titre_catprod\">\n                                DOCCIA                            <\/div>\n\n                        <\/div>\n                                            <div class=\"catprodone\">\n                            <div class=\"img_catprodone\">\n                                <img decoding=\"async\" src=\"https:\/\/presto.fr\/wp-content\/uploads\/2020\/07\/cuisine.png\"\/>\n                            <\/div>\n                            <div class=\"titre_catprod\">\n                                BAR E CUCINE INDUSTRIALI                            <\/div>\n\n                        <\/div>\n                                            <div class=\"catprodone\">\n                            <div class=\"img_catprodone\">\n                                <img decoding=\"async\" src=\"https:\/\/presto.fr\/wp-content\/uploads\/2020\/07\/chasse.png\"\/>\n                            <\/div>\n                            <div class=\"titre_catprod\">\n                                WC&TURCHE                            <\/div>\n\n                        <\/div>\n                                            <div class=\"catprodone\">\n                            <div class=\"img_catprodone\">\n                                <img decoding=\"async\" src=\"https:\/\/presto.fr\/wp-content\/uploads\/2020\/07\/urinoir.png\"\/>\n                            <\/div>\n                            <div class=\"titre_catprod\">\n                                ORINATOI                            <\/div>\n\n                        <\/div>\n                                            <div class=\"catprodone\">\n                            <div class=\"img_catprodone\">\n                                <img decoding=\"async\" src=\"https:\/\/presto.fr\/wp-content\/uploads\/2020\/07\/laboratoire.png\"\/>\n                            <\/div>\n                            <div class=\"titre_catprod\">\n                                LABORATORI                            <\/div>\n\n                        <\/div>\n                                <\/div>\n\n    [\/vc_column_inner][\/vc_row_inner][vc_empty_space height=&#8221;25px&#8221;][\/vc_column][\/vc_row][vc_row el_class=&#8221;bottom_part_organisation&#8221;][vc_column][vc_row_inner][vc_column_inner el_class=&#8221;bloc-vert contenu-specifique&#8221; width=&#8221;1\/2&#8243; css=&#8221;.vc_custom_1594051957392{background-color: #008c76 !important;}&#8221;][vc_column_text el_class=&#8221;titre-classique&#8221;]LA STORIA PRESTO :<\/p>\n<p>UNA FAMIGLIA DALLO SPIRITO AUDACE[\/vc_column_text][vc_column_text el_class=&#8221;presto-rayonne texte-blanc&#8221;]Portatore di un know-how diventato il riferimento mondiale delle soluzioni innovative e sostenibili per la gestione dell&#8217;acqua nei servizi igienici dei locali aperti al pubblico, PRESTO \u00e8 stata fondata nel 1927 da due fratelli: <strong>Andr\u00e9 e Lucien Patient<\/strong>.<\/p>\n<p><strong>Veri e propri geni, inventarono il rubinetto temporizzato a pulsante per combattere lo spreco d&#8217;acqua e per la conservazione delle nostre risorse.<\/strong><br \/>\nLa riduzione dei consumi di acqua ed energia sono sempre stati al centro delle tecnologie e delle soluzioni sviluppate dalla PRESTO.<\/p>\n<p>Rimanere all&#8217;avanguardia nella progettazione e nella produzione di rubinetterie per i locali aperti al pubblico \u00e8 una vera sfida di innovazione. Grazie alla nostro dipartimento Ricerca&amp;Sviluppo, alla nostra conoscenza dei mercati e alle esigenze dei nostri clienti, abbiamo ben 69 brevetti internazionali depositati!<\/p>\n<p><strong>PRESTO, leader in Francia e nel mondo.<\/strong><br \/>\n<strong>Oggi \u00e8 presente in ben 80 nazioni.<\/strong><\/p>\n<p>Per seguire i progetti pi\u00f9 importanti ed i mercati pi\u00f9 dinamici, disponiamo di 7 filiali internazionali: PRESTO Italia, PRESTO Armaturen (Germania), PRESTO Ib\u00e9rica (Spagna), PRESTO Middle East (Dubai), PRESTO North Africa (Tunisia), PRESTO Belgio e PRESTO Svizzera; abbiamo inoltre un ufficio di rappresentanza a Singapore.<\/p>\n<p><strong>La nostra qualit\u00e0 viene prodotta in Francia e in Portogallo.<\/strong><\/p>\n<p>Tutti i prodotti PRESTO sono realizzati a Saint George-de-Didonne e in Portogallo, mentre il nostro stabilimento di Angoul\u00eame produce esclusivamente i prodotti SANIFIRST per strutture sanitarie.<\/p>\n<p>Con la nostra sede principale a Montrouge, abbiamo oltre 220 dipendenti nel mondo.[\/vc_column_text][vc_column_text el_class=&#8221;btn_brochures&#8221; css=&#8221;.vc_custom_1626441392094{padding-top: 10px !important;padding-bottom: 10px !important;}&#8221;]<\/p>\n<div><a href=\"https:\/\/fr.calameo.com\/presto\/read\/00417690585adc7c66238\"><strong>Scarica la nostra brochure aziendale<\/strong><\/a><\/div>\n<p>[\/vc_column_text][\/vc_column_inner][vc_column_inner width=&#8221;1\/2&#8243;][vc_empty_space height=&#8221;50px&#8221;][vc_column_text el_class=&#8221;titre-classique page-orga&#8221;]PRESTO<br \/>\nAMA L&#8217;ACQUA[\/vc_column_text][vc_column_text el_class=&#8221;presto-rayonne&#8221;]Industria leader in Francia e nel mondo, mettiamo la nostra competenza tecnologica, la nostra responsabilit\u00e0 ambientale, la nostra esperienza nella realizzazione di prodotti volti a ridurre i consumi d&#8217;acqua nei <strong>locali aperti al pubblico<\/strong>.<\/p>\n<p>Ogni locale aperto al pubblico deve prendere tutte le precauzioni per garantire la massima igiene e affidabilit\u00e0 ai suoi clienti, senza considerare che ogni locale ha le sue specificit\u00e0. Innoviamo, progettiamo e lavoriamo ogni giorno per soddisfare ognuno di questi aspetti con le nostre linee di rubinetteria.<\/p>\n<p>Grazie alla nostra tecnologia esclusiva riduciamo drasticamente il consumo d&#8217;acqua ed abbiamo un know-how unico in termini di igiene, robustezza e comfort,<br \/>\n<strong>PRESTO consente ai propri clienti di realizzare notevoli risparmi d&#8217;acqua utilizzando un prodotto semplice e affidabile.<\/strong><\/p>\n<p>I nostri prodotti soddisfano qualsiasi specificit\u00e0 necessaria per progettare e realizzare locali ove i servizi igienici sono pubblici e quindi molto esigenti in termini di igiene, affidabilit\u00e0, robustezza: le scuole, gli stadi, gli aeroporti, i negozi, le fabbriche, i luoghi di culto, ecc.<\/p>\n<p>Tra le nostre realizzazioni pi\u00f9 prestigiose troviamo gli aeroporti internazionali di Abu Dhabi e di Francoforte, il Centre Hospitalier Universitaire di Bordeaux, gli stadi San Paolo di Napoli e San Siro di Milano in Italia, il Louvre a Parigi gli Uffizi a Firenze e il museo d&#8217;arte conmporanea di Sidney, la Grande Arche de la D\u00e9fense in Francia, il Politecnico di Hong Kong, il carcere Les Baumettes a Marsiglia, &#8230;[\/vc_column_text][vc_empty_space height=&#8221;20px&#8221;][\/vc_column_inner][\/vc_row_inner][vc_empty_space height=&#8221;150px&#8221;][\/vc_column][\/vc_row]<\/p>\n<\/div>","protected":false},"excerpt":{"rendered":"<p>[vc_row full_width=&#8221;stretch_row_content_no_spaces&#8221; el_class=&#8221;rangee-slider&#8221;][vc_column][rev_slider_vc alias=&#8221;organisation-it&#8221;][vc_column_text el_class=&#8221;responsivenone responsive496 text-bottom-slide&#8221;]Azienda a conduzione familiare, PRESTO \u00e8 un produttore francese di rubinetteria ecologica ed economica per tutti i locali aperti al pubblico, in tutto il mondo, dove l&#8217;uso dei servizi igienici \u00e8 intensivo. PRESTO da quasi 100 anni utilizza da sempre tutta la sua esperienza, il suo know-how e le<\/p>\n","protected":false},"author":1,"featured_media":0,"parent":5771,"menu_order":41,"comment_status":"closed","ping_status":"closed","template":"","meta":{"_acf_changed":false,"footnotes":""},"class_list":["post-5939","page","type-page","status-publish","hentry"],"acf":[],"yoast_head":"<!-- This site is optimized with the Yoast SEO plugin v27.4 - https:\/\/yoast.com\/product\/yoast-seo-wordpress\/ -->\n<title>Organizzazione | Produttore di rubinetti elettronici e a chiusura automatica<\/title>\n<meta name=\"description\" content=\"In qualit\u00e0 di fabbricante leader, PRESTO mette la sua competenza tecnologica, la sua responsabilit\u00e0 ambientale e il suo senso del prodotto sostenibile al servizio della collettivit\u00e0\" \/>\n<meta name=\"robots\" content=\"index, follow, max-snippet:-1, max-image-preview:large, max-video-preview:-1\" \/>\n<link rel=\"canonical\" href=\"https:\/\/presto.fr\/it\/azienda\/organizzazione\/\" \/>\n<meta property=\"og:locale\" content=\"it_IT\" \/>\n<meta property=\"og:type\" content=\"article\" \/>\n<meta property=\"og:title\" content=\"Organizzazione | Produttore di rubinetti elettronici e a chiusura automatica\" \/>\n<meta property=\"og:description\" content=\"In qualit\u00e0 di fabbricante leader, PRESTO mette la sua competenza tecnologica, la sua responsabilit\u00e0 ambientale e il suo senso del prodotto sostenibile al servizio della collettivit\u00e0\" \/>\n<meta property=\"og:url\" content=\"https:\/\/presto.fr\/it\/azienda\/organizzazione\/\" \/>\n<meta property=\"og:site_name\" content=\"Presto\" \/>\n<meta property=\"article:modified_time\" content=\"2021-10-28T09:35:13+00:00\" \/>\n<meta name=\"twitter:card\" content=\"summary_large_image\" \/>\n<meta name=\"twitter:label1\" content=\"Tempo di lettura stimato\" \/>\n\t<meta name=\"twitter:data1\" content=\"4 minuti\" \/>\n<script type=\"application\/ld+json\" class=\"yoast-schema-graph\">{\"@context\":\"https:\\\/\\\/schema.org\",\"@graph\":[{\"@type\":\"WebPage\",\"@id\":\"https:\\\/\\\/presto.fr\\\/it\\\/azienda\\\/organizzazione\\\/\",\"url\":\"https:\\\/\\\/presto.fr\\\/it\\\/azienda\\\/organizzazione\\\/\",\"name\":\"Organizzazione | Produttore di rubinetti elettronici e a chiusura automatica\",\"isPartOf\":{\"@id\":\"https:\\\/\\\/presto.fr\\\/it\\\/#website\"},\"datePublished\":\"2020-06-25T10:49:24+00:00\",\"dateModified\":\"2021-10-28T09:35:13+00:00\",\"description\":\"In qualit\u00e0 di fabbricante leader, PRESTO mette la sua competenza tecnologica, la sua responsabilit\u00e0 ambientale e il suo senso del prodotto sostenibile al servizio della collettivit\u00e0\",\"breadcrumb\":{\"@id\":\"https:\\\/\\\/presto.fr\\\/it\\\/azienda\\\/organizzazione\\\/#breadcrumb\"},\"inLanguage\":\"it-IT\",\"potentialAction\":[{\"@type\":\"ReadAction\",\"target\":[\"https:\\\/\\\/presto.fr\\\/it\\\/azienda\\\/organizzazione\\\/\"]}]},{\"@type\":\"BreadcrumbList\",\"@id\":\"https:\\\/\\\/presto.fr\\\/it\\\/azienda\\\/organizzazione\\\/#breadcrumb\",\"itemListElement\":[{\"@type\":\"ListItem\",\"position\":1,\"name\":\"Accueil\",\"item\":\"https:\\\/\\\/presto.fr\\\/it\\\/\"},{\"@type\":\"ListItem\",\"position\":2,\"name\":\"Azienda\",\"item\":\"https:\\\/\\\/presto.fr\\\/it\\\/azienda\\\/\"},{\"@type\":\"ListItem\",\"position\":3,\"name\":\"Organizzazione\"}]},{\"@type\":\"WebSite\",\"@id\":\"https:\\\/\\\/presto.fr\\\/it\\\/#website\",\"url\":\"https:\\\/\\\/presto.fr\\\/it\\\/\",\"name\":\"Presto\",\"description\":\"Robinetterie\",\"potentialAction\":[{\"@type\":\"SearchAction\",\"target\":{\"@type\":\"EntryPoint\",\"urlTemplate\":\"https:\\\/\\\/presto.fr\\\/it\\\/?s={search_term_string}\"},\"query-input\":{\"@type\":\"PropertyValueSpecification\",\"valueRequired\":true,\"valueName\":\"search_term_string\"}}],\"inLanguage\":\"it-IT\"}]}<\/script>\n<!-- \/ Yoast SEO plugin. -->","yoast_head_json":{"title":"Organizzazione | Produttore di rubinetti elettronici e a chiusura automatica","description":"In qualit\u00e0 di fabbricante leader, PRESTO mette la sua competenza tecnologica, la sua responsabilit\u00e0 ambientale e il suo senso del prodotto sostenibile al servizio della collettivit\u00e0","robots":{"index":"index","follow":"follow","max-snippet":"max-snippet:-1","max-image-preview":"max-image-preview:large","max-video-preview":"max-video-preview:-1"},"canonical":"https:\/\/presto.fr\/it\/azienda\/organizzazione\/","og_locale":"it_IT","og_type":"article","og_title":"Organizzazione | Produttore di rubinetti elettronici e a chiusura automatica","og_description":"In qualit\u00e0 di fabbricante leader, PRESTO mette la sua competenza tecnologica, la sua responsabilit\u00e0 ambientale e il suo senso del prodotto sostenibile al servizio della collettivit\u00e0","og_url":"https:\/\/presto.fr\/it\/azienda\/organizzazione\/","og_site_name":"Presto","article_modified_time":"2021-10-28T09:35:13+00:00","twitter_card":"summary_large_image","twitter_misc":{"Tempo di lettura stimato":"4 minuti"},"schema":{"@context":"https:\/\/schema.org","@graph":[{"@type":"WebPage","@id":"https:\/\/presto.fr\/it\/azienda\/organizzazione\/","url":"https:\/\/presto.fr\/it\/azienda\/organizzazione\/","name":"Organizzazione | Produttore di rubinetti elettronici e a chiusura automatica","isPartOf":{"@id":"https:\/\/presto.fr\/it\/#website"},"datePublished":"2020-06-25T10:49:24+00:00","dateModified":"2021-10-28T09:35:13+00:00","description":"In qualit\u00e0 di fabbricante leader, PRESTO mette la sua competenza tecnologica, la sua responsabilit\u00e0 ambientale e il suo senso del prodotto sostenibile al servizio della collettivit\u00e0","breadcrumb":{"@id":"https:\/\/presto.fr\/it\/azienda\/organizzazione\/#breadcrumb"},"inLanguage":"it-IT","potentialAction":[{"@type":"ReadAction","target":["https:\/\/presto.fr\/it\/azienda\/organizzazione\/"]}]},{"@type":"BreadcrumbList","@id":"https:\/\/presto.fr\/it\/azienda\/organizzazione\/#breadcrumb","itemListElement":[{"@type":"ListItem","position":1,"name":"Accueil","item":"https:\/\/presto.fr\/it\/"},{"@type":"ListItem","position":2,"name":"Azienda","item":"https:\/\/presto.fr\/it\/azienda\/"},{"@type":"ListItem","position":3,"name":"Organizzazione"}]},{"@type":"WebSite","@id":"https:\/\/presto.fr\/it\/#website","url":"https:\/\/presto.fr\/it\/","name":"Presto","description":"Robinetterie","potentialAction":[{"@type":"SearchAction","target":{"@type":"EntryPoint","urlTemplate":"https:\/\/presto.fr\/it\/?s={search_term_string}"},"query-input":{"@type":"PropertyValueSpecification","valueRequired":true,"valueName":"search_term_string"}}],"inLanguage":"it-IT"}]}},"_links":{"self":[{"href":"https:\/\/presto.fr\/it\/wp-json\/wp\/v2\/pages\/5939","targetHints":{"allow":["GET"]}}],"collection":[{"href":"https:\/\/presto.fr\/it\/wp-json\/wp\/v2\/pages"}],"about":[{"href":"https:\/\/presto.fr\/it\/wp-json\/wp\/v2\/types\/page"}],"author":[{"embeddable":true,"href":"https:\/\/presto.fr\/it\/wp-json\/wp\/v2\/users\/1"}],"replies":[{"embeddable":true,"href":"https:\/\/presto.fr\/it\/wp-json\/wp\/v2\/comments?post=5939"}],"version-history":[{"count":5,"href":"https:\/\/presto.fr\/it\/wp-json\/wp\/v2\/pages\/5939\/revisions"}],"predecessor-version":[{"id":7210,"href":"https:\/\/presto.fr\/it\/wp-json\/wp\/v2\/pages\/5939\/revisions\/7210"}],"up":[{"embeddable":true,"href":"https:\/\/presto.fr\/it\/wp-json\/wp\/v2\/pages\/5771"}],"wp:attachment":[{"href":"https:\/\/presto.fr\/it\/wp-json\/wp\/v2\/media?parent=5939"}],"curies":[{"name":"wp","href":"https:\/\/api.w.org\/{rel}","templated":true}]}}