{"id":5954,"date":"2020-07-27T10:47:41","date_gmt":"2020-07-27T10:47:41","guid":{"rendered":"https:\/\/presto.fr\/fr\/azienda\/engagements\/"},"modified":"2021-10-28T11:55:25","modified_gmt":"2021-10-28T11:55:25","slug":"impegno","status":"publish","type":"page","link":"https:\/\/presto.fr\/it\/azienda\/impegno\/","title":{"rendered":"Impegno"},"content":{"rendered":"<div class=\"wpb-content-wrapper\"><p>[vc_row full_width=&#8221;stretch_row_content_no_spaces&#8221; el_class=&#8221;rangee-slider&#8221;][vc_column][rev_slider_vc alias=&#8221;engagements-it&#8221;][vc_column_text el_class=&#8221;responsivenone responsive496 text-bottom-slide&#8221;]Consapevole delle sfide ambientali e sociali, PRESTO progetta e produce da 100 anni soluzioni di rubinetteria per i locali aperti al pubblico anticipando le esigenze di tutti gli utenti e le condizioni di utilizzo sempre pi\u00f9 intensive. PRESTO si assume cos\u00ec le sue responsabilit\u00e0 di produttore storico e punto di riferimento per la rubinetteria temporizzata.[\/vc_column_text][\/vc_column][\/vc_row][vc_row el_class=&#8221;rangee-preso2019&#8243;][vc_column][vc_empty_space height=&#8221;80px&#8221;][vc_row_inner el_class=&#8221;rangee-vertical&#8221;][vc_column_inner width=&#8221;1\/2&#8243;][vc_column_text el_class=&#8221;texte-2019-charte&#8221;]Nel 2019, PRESTO aderisce alla carta industriale[\/vc_column_text][\/vc_column_inner][vc_column_inner width=&#8221;1\/2&#8243;][vc_column_text el_class=&#8221;certif-garantie&#8221;]Garanzia da 2 a 10 anni su tutti i prodotti<\/p>\n<p>Qualit\u00e0 certificata: ACS \/ NF \/ SECURITAS<\/p>\n<p>Certificazione ISO 9001 dal 1995<\/p>\n<p>Tecnologie brevettate uniche sul mercato<\/p>\n<p>Ricerca&amp;Sviluppo: settore sempre attivo e interno<\/p>\n<p>Etichetta energetica<\/p>\n<p>Stabilimenti in Francia e Portogallo<\/p>\n<p>Seguiamo i professionisti ad ogni passo: dalla progettazione alla manutenzione<\/p>\n<p>I nostri prodotti facilitano l&#8217;ottenimento dei crediti per le certificazioni ambientali[\/vc_column_text][\/vc_column_inner][\/vc_row_inner][\/vc_column][\/vc_row][vc_row full_width=&#8221;stretch_row_content_no_spaces&#8221; css=&#8221;.vc_custom_1591024255691{background-image: url(http:\/\/presto.fr\/wp-content\/uploads\/2020\/06\/fond-rayer-haut.png?id=301) !important;}&#8221; el_class=&#8221;engagements-page-fond-gris&#8221;][vc_column][vc_row_inner el_class=&#8221;demarche-qualite certif&#8221;][vc_column_inner][vc_gallery type=&#8221;image_grid&#8221; images=&#8221;1894,1896,1898,1890,1892,1900,1904,1902&#8243; img_size=&#8221;full&#8221; onclick=&#8221;&#8221;][\/vc_column_inner][\/vc_row_inner][\/vc_column][\/vc_row][vc_row][vc_column][vc_row_inner el_class=&#8221;rangee-vertical&#8221;][vc_column_inner width=&#8221;1\/2&#8243;][vc_column_text el_class=&#8221;texte-2019-charte&#8221;]PRESTO ha creato<br \/>\nil proprio marchio[\/vc_column_text][\/vc_column_inner][vc_column_inner width=&#8221;1\/2&#8243;][vc_column_text el_class=&#8221;propre-label&#8221;]Le rubinetterie temporizzate PRESTO sono realizzate con materiali di alta qualit\u00e0. Sono dotate di un meccanismo unico sul mercato di cui solo PRESTO detiene il brevetto: un rubino sintetico calibrato abbinato ad una molla autopulente, che assicura una temporizzazione costante.<\/p>\n<p>Il marchio PRESTO\u00ae \u00e8 garanzia di una qualit\u00e0 irreprensibile a tutti i livelli: organizzazione, management, produzione e rispetto dell&#8217;ambiente.<br \/>\nAbbiamo fatto della qualit\u00e0 e della soddisfazione del cliente le nostre priorit\u00e0.[\/vc_column_text][\/vc_column_inner][\/vc_row_inner][\/vc_column][\/vc_row][vc_row full_width=&#8221;stretch_row_content_no_spaces&#8221; css=&#8221;.vc_custom_1591366403901{background-image: url(http:\/\/presto.fr\/wp-content\/uploads\/2020\/06\/fond-rayer-haut.png?id=301) !important;background-position: center !important;background-repeat: no-repeat !important;background-size: cover !important;}&#8221; el_class=&#8221;rangee-piliers&#8221;][vc_column][vc_row_inner][vc_column_inner][vc_column_text el_class=&#8221;texte-2019-charte&#8221;]PRESTO affronta ogni progetto<br \/>\nsulla base di<strong> 5 principi fondamentali<\/strong>[\/vc_column_text][\/vc_column_inner][\/vc_row_inner][\/vc_column][\/vc_row][vc_row full_width=&#8221;stretch_row_content_no_spaces&#8221; el_class=&#8221;all_pilliers&#8221;][vc_column][vc_row_inner el_class=&#8221;boxed-special&#8221;][vc_column_inner el_class=&#8221;border-right&#8221; width=&#8221;1\/3&#8243;][vc_column_text el_class=&#8221;bloc-piliers&#8221;]<strong>Sanitario<\/strong><\/p>\n<p>I nostri rubinetti sono ergonomici per essere usati da tutti gli utenti.<br \/>\nDa 40 anni progettiamo rubinetterie elettroniche senza contatto. Grazie ai nostri brevetti esclusivi, \u00e8 possibile garantire una completa protezione contro le ustioni e la proliferazione batterica.[\/vc_column_text][\/vc_column_inner][vc_column_inner width=&#8221;1\/3&#8243;][vc_column_text el_class=&#8221;bloc-piliers&#8221;]<strong>Ambientale<\/strong><\/p>\n<p>Per garantire la sostenibilit\u00e0 del nostro impegno per il risparmio idrico, dotiamo i nostri prodotti di tecnologia autopulente. Il sistema S\u00ae antibloccaggio impedisce il blocco dei rubinetti in posizione di apertura.[\/vc_column_text][\/vc_column_inner][vc_column_inner el_class=&#8221;border-left&#8221; width=&#8221;1\/3&#8243;][vc_column_text el_class=&#8221;bloc-piliers&#8221;]<strong>Immagine<\/strong><\/p>\n<p>I nostri prodotti sono progettati per un utilizzo intuitivo e realizzati con una precisa scelta di materiali per consentire una perfetta ergonomia a tutti gli utenti. Abbiamo una vasta scelta di finiture e personalizzazioni per abbinare al meglio il nostro prodotto alla tua immagine.[\/vc_column_text][\/vc_column_inner][\/vc_row_inner][vc_row_inner el_class=&#8221;boxed-special&#8221;][vc_column_inner el_class=&#8221;border-right&#8221; width=&#8221;1\/3&#8243;][vc_column_text el_class=&#8221;bloc-piliers&#8221;]<strong>Finanziario<\/strong><\/p>\n<p>Tutti i nostri prodotti sono progettati per essere affidabili e resistenti, offriamo una garanzia di 10 anni sui rubinetti temporizzati meccanici. Disponiamo di un&#8217;offerta ampia e completa di pezzi di ricambio per la manutenzione dei rubinetti. Facilitiamo al massimo l&#8217;installazione e la manutenzione dei nostri prodotti.[\/vc_column_text][\/vc_column_inner][vc_column_inner width=&#8221;1\/3&#8243;][vc_single_image image=&#8221;71&#8243; img_size=&#8221;508&#215;281&#8243; alignment=&#8221;center&#8221; el_class=&#8221;image-engagement&#8221;][\/vc_column_inner][vc_column_inner el_class=&#8221;border-left&#8221; width=&#8221;1\/3&#8243;][vc_column_text el_class=&#8221;bloc-piliers&#8221;]<strong>Regolamentare<\/strong><\/p>\n<p>Testiamo ogni nostro rubinetto per ottenere il massimo numero di certificazioni. Il nostro impegno per l&#8217;ambiente ci incoraggia a fare sempre di pi\u00f9 per ottenere i massimi punteggi dalle certificazioni ambientali.[\/vc_column_text][\/vc_column_inner][\/vc_row_inner][vc_empty_space height=&#8221;85px&#8221;][\/vc_column][\/vc_row][vc_row full_width=&#8221;stretch_row_content_no_spaces&#8221; css=&#8221;.vc_custom_1598263036288{background-image: url(http:\/\/presto.fr\/wp-content\/uploads\/2020\/05\/fond-focus.png?id=292) !important;}&#8221; el_class=&#8221;special-dessus&#8221;][vc_column][vc_btn title=&#8221;Scarica la nostra brochure aziendale&#8221; link=&#8221;url:https%3A%2F%2Ffr.calameo.com%2Fpresto%2Fread%2F00417690585adc7c66238||target:%20_blank|&#8221; el_class=&#8221;btn-vert&#8221;][\/vc_column][\/vc_row]<\/p>\n<\/div>","protected":false},"excerpt":{"rendered":"<p>[vc_row full_width=&#8221;stretch_row_content_no_spaces&#8221; el_class=&#8221;rangee-slider&#8221;][vc_column][rev_slider_vc alias=&#8221;engagements-it&#8221;][vc_column_text el_class=&#8221;responsivenone responsive496 text-bottom-slide&#8221;]Consapevole delle sfide ambientali e sociali, PRESTO progetta e produce da 100 anni soluzioni di rubinetteria per i locali aperti al pubblico anticipando le esigenze di tutti gli utenti e le condizioni di utilizzo sempre pi\u00f9 intensive. PRESTO si assume cos\u00ec le sue responsabilit\u00e0 di produttore storico e punto<\/p>\n","protected":false},"author":1,"featured_media":0,"parent":5771,"menu_order":42,"comment_status":"closed","ping_status":"closed","template":"","meta":{"_acf_changed":false,"footnotes":""},"class_list":["post-5954","page","type-page","status-publish","hentry"],"acf":[],"yoast_head":"<!-- This site is optimized with the Yoast SEO plugin v27.4 - https:\/\/yoast.com\/product\/yoast-seo-wordpress\/ -->\n<title>Impegno | Produttore di rubinetti elettronici e a chiusura automatica<\/title>\n<meta name=\"description\" content=\"I rubinetti PRESTO sono fabbricati con materiali di qualit\u00e0 e si impegnano a salvare l&#039;acqua.\" \/>\n<meta name=\"robots\" content=\"index, follow, max-snippet:-1, max-image-preview:large, max-video-preview:-1\" \/>\n<link rel=\"canonical\" href=\"https:\/\/presto.fr\/it\/azienda\/impegno\/\" \/>\n<meta property=\"og:locale\" content=\"it_IT\" \/>\n<meta property=\"og:type\" content=\"article\" \/>\n<meta property=\"og:title\" content=\"Impegno | Produttore di rubinetti elettronici e a chiusura automatica\" \/>\n<meta property=\"og:description\" content=\"I rubinetti PRESTO sono fabbricati con materiali di qualit\u00e0 e si impegnano a salvare l&#039;acqua.\" \/>\n<meta property=\"og:url\" content=\"https:\/\/presto.fr\/it\/azienda\/impegno\/\" \/>\n<meta property=\"og:site_name\" content=\"Presto\" \/>\n<meta property=\"article:modified_time\" content=\"2021-10-28T11:55:25+00:00\" \/>\n<meta name=\"twitter:card\" content=\"summary_large_image\" \/>\n<meta name=\"twitter:label1\" content=\"Tempo di lettura stimato\" \/>\n\t<meta name=\"twitter:data1\" content=\"3 minuti\" \/>\n<script type=\"application\/ld+json\" class=\"yoast-schema-graph\">{\"@context\":\"https:\\\/\\\/schema.org\",\"@graph\":[{\"@type\":\"WebPage\",\"@id\":\"https:\\\/\\\/presto.fr\\\/it\\\/azienda\\\/impegno\\\/\",\"url\":\"https:\\\/\\\/presto.fr\\\/it\\\/azienda\\\/impegno\\\/\",\"name\":\"Impegno | Produttore di rubinetti elettronici e a chiusura automatica\",\"isPartOf\":{\"@id\":\"https:\\\/\\\/presto.fr\\\/it\\\/#website\"},\"datePublished\":\"2020-07-27T10:47:41+00:00\",\"dateModified\":\"2021-10-28T11:55:25+00:00\",\"description\":\"I rubinetti PRESTO sono fabbricati con materiali di qualit\u00e0 e si impegnano a salvare l'acqua.\",\"breadcrumb\":{\"@id\":\"https:\\\/\\\/presto.fr\\\/it\\\/azienda\\\/impegno\\\/#breadcrumb\"},\"inLanguage\":\"it-IT\",\"potentialAction\":[{\"@type\":\"ReadAction\",\"target\":[\"https:\\\/\\\/presto.fr\\\/it\\\/azienda\\\/impegno\\\/\"]}]},{\"@type\":\"BreadcrumbList\",\"@id\":\"https:\\\/\\\/presto.fr\\\/it\\\/azienda\\\/impegno\\\/#breadcrumb\",\"itemListElement\":[{\"@type\":\"ListItem\",\"position\":1,\"name\":\"Accueil\",\"item\":\"https:\\\/\\\/presto.fr\\\/it\\\/\"},{\"@type\":\"ListItem\",\"position\":2,\"name\":\"Azienda\",\"item\":\"https:\\\/\\\/presto.fr\\\/it\\\/azienda\\\/\"},{\"@type\":\"ListItem\",\"position\":3,\"name\":\"Impegno\"}]},{\"@type\":\"WebSite\",\"@id\":\"https:\\\/\\\/presto.fr\\\/it\\\/#website\",\"url\":\"https:\\\/\\\/presto.fr\\\/it\\\/\",\"name\":\"Presto\",\"description\":\"Robinetterie\",\"potentialAction\":[{\"@type\":\"SearchAction\",\"target\":{\"@type\":\"EntryPoint\",\"urlTemplate\":\"https:\\\/\\\/presto.fr\\\/it\\\/?s={search_term_string}\"},\"query-input\":{\"@type\":\"PropertyValueSpecification\",\"valueRequired\":true,\"valueName\":\"search_term_string\"}}],\"inLanguage\":\"it-IT\"}]}<\/script>\n<!-- \/ Yoast SEO plugin. -->","yoast_head_json":{"title":"Impegno | Produttore di rubinetti elettronici e a chiusura automatica","description":"I rubinetti PRESTO sono fabbricati con materiali di qualit\u00e0 e si impegnano a salvare l'acqua.","robots":{"index":"index","follow":"follow","max-snippet":"max-snippet:-1","max-image-preview":"max-image-preview:large","max-video-preview":"max-video-preview:-1"},"canonical":"https:\/\/presto.fr\/it\/azienda\/impegno\/","og_locale":"it_IT","og_type":"article","og_title":"Impegno | Produttore di rubinetti elettronici e a chiusura automatica","og_description":"I rubinetti PRESTO sono fabbricati con materiali di qualit\u00e0 e si impegnano a salvare l'acqua.","og_url":"https:\/\/presto.fr\/it\/azienda\/impegno\/","og_site_name":"Presto","article_modified_time":"2021-10-28T11:55:25+00:00","twitter_card":"summary_large_image","twitter_misc":{"Tempo di lettura stimato":"3 minuti"},"schema":{"@context":"https:\/\/schema.org","@graph":[{"@type":"WebPage","@id":"https:\/\/presto.fr\/it\/azienda\/impegno\/","url":"https:\/\/presto.fr\/it\/azienda\/impegno\/","name":"Impegno | Produttore di rubinetti elettronici e a chiusura automatica","isPartOf":{"@id":"https:\/\/presto.fr\/it\/#website"},"datePublished":"2020-07-27T10:47:41+00:00","dateModified":"2021-10-28T11:55:25+00:00","description":"I rubinetti PRESTO sono fabbricati con materiali di qualit\u00e0 e si impegnano a salvare l'acqua.","breadcrumb":{"@id":"https:\/\/presto.fr\/it\/azienda\/impegno\/#breadcrumb"},"inLanguage":"it-IT","potentialAction":[{"@type":"ReadAction","target":["https:\/\/presto.fr\/it\/azienda\/impegno\/"]}]},{"@type":"BreadcrumbList","@id":"https:\/\/presto.fr\/it\/azienda\/impegno\/#breadcrumb","itemListElement":[{"@type":"ListItem","position":1,"name":"Accueil","item":"https:\/\/presto.fr\/it\/"},{"@type":"ListItem","position":2,"name":"Azienda","item":"https:\/\/presto.fr\/it\/azienda\/"},{"@type":"ListItem","position":3,"name":"Impegno"}]},{"@type":"WebSite","@id":"https:\/\/presto.fr\/it\/#website","url":"https:\/\/presto.fr\/it\/","name":"Presto","description":"Robinetterie","potentialAction":[{"@type":"SearchAction","target":{"@type":"EntryPoint","urlTemplate":"https:\/\/presto.fr\/it\/?s={search_term_string}"},"query-input":{"@type":"PropertyValueSpecification","valueRequired":true,"valueName":"search_term_string"}}],"inLanguage":"it-IT"}]}},"_links":{"self":[{"href":"https:\/\/presto.fr\/it\/wp-json\/wp\/v2\/pages\/5954","targetHints":{"allow":["GET"]}}],"collection":[{"href":"https:\/\/presto.fr\/it\/wp-json\/wp\/v2\/pages"}],"about":[{"href":"https:\/\/presto.fr\/it\/wp-json\/wp\/v2\/types\/page"}],"author":[{"embeddable":true,"href":"https:\/\/presto.fr\/it\/wp-json\/wp\/v2\/users\/1"}],"replies":[{"embeddable":true,"href":"https:\/\/presto.fr\/it\/wp-json\/wp\/v2\/comments?post=5954"}],"version-history":[{"count":5,"href":"https:\/\/presto.fr\/it\/wp-json\/wp\/v2\/pages\/5954\/revisions"}],"predecessor-version":[{"id":7214,"href":"https:\/\/presto.fr\/it\/wp-json\/wp\/v2\/pages\/5954\/revisions\/7214"}],"up":[{"embeddable":true,"href":"https:\/\/presto.fr\/it\/wp-json\/wp\/v2\/pages\/5771"}],"wp:attachment":[{"href":"https:\/\/presto.fr\/it\/wp-json\/wp\/v2\/media?parent=5954"}],"curies":[{"name":"wp","href":"https:\/\/api.w.org\/{rel}","templated":true}]}}