{"id":5970,"date":"2020-06-22T14:36:00","date_gmt":"2020-06-22T14:36:00","guid":{"rendered":"https:\/\/presto.fr\/fr\/azienda\/technologies\/"},"modified":"2021-10-28T12:33:11","modified_gmt":"2021-10-28T12:33:11","slug":"technologia","status":"publish","type":"page","link":"https:\/\/presto.fr\/it\/azienda\/technologia\/","title":{"rendered":"TECNOLOGIA"},"content":{"rendered":"<div class=\"wpb-content-wrapper\"><p>[vc_row full_width=&#8221;stretch_row_content_no_spaces&#8221; el_class=&#8221;rangee-slider&#8221;][vc_column][rev_slider_vc alias=&#8221;technologies-it&#8221;][vc_column_text el_class=&#8221;responsivenone responsive496 text-bottom-slide&#8221;]Inventore del rubinetto temporizzato, PRESTO ha l&#8217;innovazione tecnologica nei suoi geni. Precursore nella rubinetteria ecologica ed economica, abbiamo sviluppato dal 1927 migliaia di modelli di rubinetti innovativi. Le nostre invenzioni e i nostri brevetti hanno segnato la nostra storia e quella dei locali aperti al pubblico, le cui specifiche necessit\u00e0 evolvono continuamente.[\/vc_column_text][\/vc_column][\/vc_row][vc_row full_width=&#8221;stretch_row_content_no_spaces&#8221; css=&#8221;.vc_custom_1602511158407{background-image: url(http:\/\/presto.fr\/wp-content\/uploads\/2020\/06\/fond-rayer-haut.png?id=301) !important;}&#8221; el_class=&#8221;row_gouttes_eau row_exigences&#8221;][vc_column][vc_row_inner el_class=&#8221;bloc-exigences&#8221;][vc_column_inner el_class=&#8221;border-right&#8221; css=&#8221;.vc_custom_1601623834243{padding-top: 0px !important;background-position: center !important;background-repeat: no-repeat !important;background-size: contain !important;}&#8221;][vc_column_text el_class=&#8221;texte-2019-charte&#8221;]<\/p>\n<p style=\"text-align: center;\"><span style=\"color: #000000;\"><strong>LE NOSTRE ESIGENZE<\/strong><\/span><\/p>\n<p>[\/vc_column_text][vc_column_text el_class=&#8221;bloc-piliers&#8221;]<\/p>\n<div class=\"picto-test\">\n<p><strong><img loading=\"lazy\" decoding=\"async\" class=\"alignnone wp-image-730\" src=\"http:\/\/presto.fr\/wp-content\/uploads\/2020\/07\/economie-eau.png\" alt=\"\" width=\"71\" height=\"71\" srcset=\"https:\/\/presto.fr\/wp-content\/uploads\/2020\/07\/economie-eau.png 150w, https:\/\/presto.fr\/wp-content\/uploads\/2020\/07\/economie-eau-79x79.png 79w\" sizes=\"auto, (max-width: 71px) 100vw, 71px\" \/><\/strong><\/p>\n<p><strong>RISPARMIO IDRICO<\/strong><\/div>\n<div class=\"picto-test\">\n<p><strong><img loading=\"lazy\" decoding=\"async\" class=\"alignnone wp-image-734\" src=\"http:\/\/presto.fr\/wp-content\/uploads\/2020\/07\/durabilit\u00e9.png\" alt=\"\" width=\"77\" height=\"77\" srcset=\"https:\/\/presto.fr\/wp-content\/uploads\/2020\/07\/durabilit\u00e9.png 150w, https:\/\/presto.fr\/wp-content\/uploads\/2020\/07\/durabilit\u00e9-79x79.png 79w\" sizes=\"auto, (max-width: 77px) 100vw, 77px\" \/><\/strong><\/p>\n<p><strong>AFFIDABILIT\u00c0<\/strong><\/div>\n<div class=\"picto-test\">\n<p><strong><img loading=\"lazy\" decoding=\"async\" class=\"alignnone wp-image-731\" src=\"http:\/\/presto.fr\/wp-content\/uploads\/2020\/07\/hygiene.png\" alt=\"\" width=\"80\" height=\"80\" srcset=\"https:\/\/presto.fr\/wp-content\/uploads\/2020\/07\/hygiene.png 150w, https:\/\/presto.fr\/wp-content\/uploads\/2020\/07\/hygiene-79x79.png 79w\" sizes=\"auto, (max-width: 80px) 100vw, 80px\" \/><\/strong><\/p>\n<p><strong>IGIENE<\/strong><\/div>\n<div class=\"picto-test\">\n<p><strong><img loading=\"lazy\" decoding=\"async\" class=\"alignnone wp-image-733\" src=\"http:\/\/presto.fr\/wp-content\/uploads\/2020\/07\/design.png\" alt=\"\" width=\"77\" height=\"77\" srcset=\"https:\/\/presto.fr\/wp-content\/uploads\/2020\/07\/design.png 150w, https:\/\/presto.fr\/wp-content\/uploads\/2020\/07\/design-79x79.png 79w\" sizes=\"auto, (max-width: 77px) 100vw, 77px\" \/><\/strong><\/p>\n<p><strong>DESIGN<\/strong><\/div>\n<p>[\/vc_column_text][\/vc_column_inner][\/vc_row_inner][\/vc_column][\/vc_row][vc_row full_width=&#8221;stretch_row&#8221;][vc_column][vc_row_inner el_class=&#8221;nos-techno-row&#8221;][vc_column_inner el_class=&#8221;border-right&#8221; css=&#8221;.vc_custom_1594901652425{background-position: center !important;background-repeat: no-repeat !important;background-size: contain !important;}&#8221;][vc_column_text el_class=&#8221;texte-2019-charte&#8221;]<\/p>\n<p style=\"text-align: center;\"><strong>LE NOSTRE TECNOLOGIE<\/strong><\/p>\n<p>[\/vc_column_text][\/vc_column_inner][\/vc_row_inner][\/vc_column][\/vc_row][vc_row el_class=&#8221;row_onglets&#8221;][vc_column][vc_tta_tabs][vc_tta_section title=&#8221;RUBINETTERIA TEMPORIZZATA MECCANICA&#8221; tab_id=&#8221;1594901946821-5e1e4b7f-669e&#8221;][vc_column_text]<\/p>\n<h3><span style=\"color: #ffffff;\">Il primo <strong>rubinetto<\/strong> a pulsante<\/span><\/h3>\n<p><span style=\"color: #ffffff;\">Una semplice pressione dell&#8217;utente sul pulsante \u00e8 sufficiente ad aprire il rubinetto e a chiuderlo automaticamente dopo un determinato intervallo di tempo.<\/span><\/p>\n<p><span style=\"color: #ffffff;\">I nostri rubinetti temporizzati meccanici sono tutti dotati di una cartuccia con rubino sintetico e molla autopulente. Questa tecnologia brevettata garantisce la costanza della temporizzazione e della portata da un lato e l&#8217;integrit\u00e0 del meccanismo nel tempo dall&#8217;altro. I rubinetti PRESTO sono i pi\u00f9 affidabili sul mercato. Grazie alle sue eccezionali prestazioni, la tecnologia PRESTO ha ottenuto numerose certificazioni in tutto il mondo, a partire dalla Francia, il suo paese d&#8217;origine.<\/span><\/p>\n<p><span style=\"color: #ffffff;\">PRESTO \u00e8, in Francia, il marchio di rubinetteria per collettivit\u00e0 con il maggior numero di rubinetti certificati NF. \u00c8 l&#8217;unico marchio francese che garantisce un prodotto di qualit\u00e0 agli installatori, ai clienti e agli utilizzatori finali.<\/span><\/p>\n<p>&nbsp;<\/p>\n<p><span style=\"color: #ffffff;\"><b>+ risparmio\u00a0:<\/b> il rubinetto si chiude automaticamente dopo un intervallo di tempo impostato in fabbrica<\/span><br \/>\n<span style=\"color: #ffffff;\"><b>+ robusto :<\/b> questa soluzione \u00e8 adatta per un utilizzo intensivo e per tutte le strutture soggette a vandalismo<\/span><br \/>\n<span style=\"color: #ffffff;\"><b>+ affidabile :<\/b> garanzia 10 anni<\/span>[\/vc_column_text][\/vc_tta_section][vc_tta_section title=&#8221;RUBINETTERIA TEMPORIZZATA TOUCH&#8221; tab_id=&#8221;1594901946847-e4750eeb-8dc8&#8243;][vc_column_text]<\/p>\n<h3><span style=\"color: #ffffff;\">Il <strong>rubinetto<\/strong> Start&amp;Stop\u00a0<\/span><\/h3>\n<p><span style=\"color: #ffffff;\">Per ottimizzare la quantit\u00e0 di acqua utilizzata, abbiamo sviluppato la funzione Start\/Stop.<\/span><\/p>\n<p><span style=\"color: #ffffff;\">L&#8217;apertura del rubinetto avviene semplicemente sfiorando il pulsante. La chiusura avviene automaticamente dopo un intervallo di tempo programmato o in qualsiasi momento con un secondo sfioramento. Si parla di \u00absfioramento\u00bb perch\u00e9 non vi \u00e8 alcuna azione meccanica necessaria per aprire il rubinetto. Questa modalit\u00e0 di attivazione consente un utilizzo senza sforzo e comprensibile tutti.<\/span><\/p>\n<p><span style=\"color: #ffffff;\">Questa tecnologia \u00e8 una scelta intermedia tra il il rubinetto meccanico e quello elettronico a fotocellula.<\/span><\/p>\n<p>&nbsp;<\/p>\n<p><span style=\"color: #ffffff;\"><b>+ \u00a0risparmio\u00a0:<\/b> il rubinetto si chiude automaticamente dopo un intervallo di tempo predefinito<\/span><br \/>\n<span style=\"color: #ffffff;\"><b>+ igienes :<\/b> la chiusura automatica del rubinetto non obbliga gli utenti a toccarlo nuovamente una volta che le loro mani sono pulite<\/span><br \/>\n<span style=\"color: #ffffff;\"><b>+ sicurezza :<\/b> il rubinetto si chiude automaticamente in caso di interruzione dell&#8217;alimentazione elettrica<\/span><br \/>\n<span style=\"color: #ffffff;\"><b>+ programmabile : <\/b>\u00e8 possibile modificare la durata dell&#8217;erogazione e altri parametri<\/span>[\/vc_column_text][\/vc_tta_section][vc_tta_section title=&#8221;RUBINETTERIA TEMPORIZZATA ELETTRONICA&#8221; tab_id=&#8221;1594901979143-3ff53a69-2258&#8243;][vc_column_text]<\/p>\n<h3><span style=\"color: #ffffff;\">Il <strong>rubinetto<\/strong> senza contatto, da oltre 40 anni una soluzione PRESTO<\/span><\/h3>\n<p><span style=\"color: #ffffff;\">Garantendo un&#8217;assoluta igiene, la nostra rubinetteria elettronica fornisce esattamente la giusta quantit\u00e0 di acqua necessaria per ogni utilizzo. Il rubinetto si apre senza alcun contatto: \u00e8 sufficiente il rilevamento di unmovimento delle mani e si chiude automaticamente al loro ritiro.<\/span><\/p>\n<p><span style=\"color: #ffffff;\"><br \/>\nPRESTO vanta oltre 40 anni di esperienza con i rubinetti elettronici ad infrarossi, chiamati anche rubinetti senza contatto. Abbiamo diverse gamme per tutte le utenze: lavabo, doccia, orinatoi, wc&amp;turche, dosatori di sapone, asciugamani.Evitando qualsiasi contatto tra l&#8217;utente e l&#8217;apparecchio, si limita notevolmente sia lo sviluppo che la trasmissione di batteri. La rubinetteria elettronica risponde perfettamente ai criteri pi\u00f9 esigenti di igiene senza dover rinunciare alla riduzione dei consumi d&#8217;acqua.<\/span><\/p>\n<p><span style=\"color: #ffffff;\">I rubinetti elettronici a infrarossi \u00abtop gamma\u00bb PRESTO sono i preferiti dagli studi di architettura e sono spesso utilizzati nei luoghi pi\u00f9 importanti: aeroporti, alberghi di lusso, uffici e sedi delle pi\u00f9 grandi aziende in tutto il mondo. La fotocellula di ultima generazione LYNX offre un rilevamento pi\u00f9 preciso dei movimenti e permette di interagire con i rubinetti grazie all&#8217;interfaccia PRESTOCOM che consente di controllare e configurare diverse impostazioni. \u00a0<\/span><\/p>\n<p><span style=\"color: #ffffff;\"><b>+ risparmio :<\/b> il rubinetto eroga la giusta quantit\u00e0 d&#8217;acqua necessaria all&#8217;uso <\/span><br \/>\n<span style=\"color: #ffffff;\"><b>+ igiene :<\/b> il funzionamento automatico del rubinetto impedisce agli utenti di toccarlo, evitando cos\u00ec la trasmissione di batteri<\/span><br \/>\n<span style=\"color: #ffffff;\"><b>+ sicurezza :<\/b> chiusura automatica in caso di interruzione dell&#8217;alimentazione elettrica<\/span><br \/>\n<span style=\"color: #ffffff;\"><b>+ adattabile :<\/b> intercambiabile con tutti i tipi di rubinetteria<\/span>[\/vc_column_text][\/vc_tta_section][vc_tta_section title=&#8221;LA TECNOLOGIA MASTERMIX\u00ae&#8221; tab_id=&#8221;1595603001794-94cd7e21-5294&#8243;][vc_column_text]<span style=\"color: #ffffff;\">La nuova generazione di miscelatori termostatici SANIFIRST \u00ae incorpora la tecnologia unica e brevettata MasterMix\u00ae che limita i rischi di ustione e di contaminazione per i pazienti e il personale delle strutture sanitarie.<\/span><\/p>\n<p><span style=\"color: #ffffff;\">\u00c9 disponibile per tutte le utenze:<\/span><\/p>\n<p><span style=\"color: #ffffff;\">\u2022 Bordo Lavabo (con o senza doccetta estraibile)<br \/>\n<\/span><span style=\"color: #ffffff;\">\u2022 Lavabo\/doccia murale (con uscita dell&#8217;acqua verso l&#8217;alto o il basso)<br \/>\n<\/span><span style=\"color: #ffffff;\">\u2022 Doccia murale (comando meccanico o a sfioro Touch\u00ae)<br \/>\n\u2022 Pannello doccia PRESTOTEM 2\u00ae (comando meccanico o a sfioro Touch\u00ae)<\/span><\/p>\n<p><span style=\"color: #ffffff;\">La tecnologia MasterMix\u00ae evita qualsiasi intercomunicazione tra l&#8217;ACS (acqua calda sanitaria) e l&#8217;AFS (acqua fredda sanitaria) e non \u00e8 dotato di valvole di non ritorno, che sono spesso all&#8217;origine di problemi di miscelazione delle due acque all&#8217;interno del l&#8217;impianto. <\/span><\/p>\n<p><span style=\"color: #ffffff;\">La temperatura \u00e8 controllata in quanto la cartuccia termostatica chiude automaticamente il rubinetto in caso di interruzione dell&#8217;alimentazione di una delle due acque (conformit\u00e0 EN 1111). Il doppio blocco di sicurezza permette di limitare la temperatura dell&#8217;acqua in uscita a 38\u00b0 C e 41\u00b0 C. Il corpo rimane freddo, un&#8217;ulteriore protezione anti-scottatura per l&#8217;utente.<\/span><\/p>\n<p><span style=\"color: #ffffff;\">La cartuccia termostatica pu\u00f2 essere sostituita senza dover interrompere l&#8217;alimentazione dell&#8217;acqua. Basta che il miscelatore sia chiuso.<\/span><\/p>\n<p><span style=\"color: #ffffff;\">La tecnologia MasterMix\u00ae \u00e8 LA tecnologia da scegliere per qualsiasi struttura sanitaria, tutela tutte le persone: dal neonato alla persona anziana, passando per i pazienti immunodepressi.<\/span><\/p>\n<p><span style=\"color: #ffffff;\"><b>+ igiene :<\/b> corpo internamente ed esternamente liscio, nessuna intercomunicazione tra le acque: limita la formazione e diffusione di batteri<\/span><br \/>\n<span style=\"color: #ffffff;\"><b>+ sicurezza dell&#8217;utente :<\/b> grazie ai sistemi di protezione contro le ustioni, gli utenti non corrono rischi indipendentemente dalla sensibilit\u00e0 della pelle<\/span><br \/>\n<span style=\"color: #ffffff;\"><b>+ sicurezza dell&#8217;impianto :<\/b> grazie alla non intercomunicabilit\u00e0 tra le due acque, non \u00e8 possibile alcuna contaminazione a causa del miscelatore<\/span>[\/vc_column_text][\/vc_tta_section][\/vc_tta_tabs][\/vc_column][\/vc_row]<\/p>\n<\/div>","protected":false},"excerpt":{"rendered":"<p>[vc_row full_width=&#8221;stretch_row_content_no_spaces&#8221; el_class=&#8221;rangee-slider&#8221;][vc_column][rev_slider_vc alias=&#8221;technologies-it&#8221;][vc_column_text el_class=&#8221;responsivenone responsive496 text-bottom-slide&#8221;]Inventore del rubinetto temporizzato, PRESTO ha l&#8217;innovazione tecnologica nei suoi geni. Precursore nella rubinetteria ecologica ed economica, abbiamo sviluppato dal 1927 migliaia di modelli di rubinetti innovativi. Le nostre invenzioni e i nostri brevetti hanno segnato la nostra storia e quella dei locali aperti al pubblico, le cui specifiche<\/p>\n","protected":false},"author":1,"featured_media":0,"parent":5771,"menu_order":45,"comment_status":"closed","ping_status":"closed","template":"","meta":{"_acf_changed":false,"footnotes":""},"class_list":["post-5970","page","type-page","status-publish","hentry"],"acf":[],"yoast_head":"<!-- This site is optimized with the Yoast SEO plugin v27.4 - https:\/\/yoast.com\/product\/yoast-seo-wordpress\/ -->\n<title>Competenza e tecnologia | Scoprite la maison PRESTO<\/title>\n<meta name=\"description\" content=\"Inventore della rubinetteria temporizzata, PRESTO \u00e8 tecnologicamente audace. Un precursore di rubinetti ecologici ed economici\u2026\" \/>\n<meta name=\"robots\" content=\"index, follow, max-snippet:-1, max-image-preview:large, max-video-preview:-1\" \/>\n<link rel=\"canonical\" href=\"https:\/\/presto.fr\/it\/azienda\/technologia\/\" \/>\n<meta property=\"og:locale\" content=\"it_IT\" \/>\n<meta property=\"og:type\" content=\"article\" \/>\n<meta property=\"og:title\" content=\"Competenza e tecnologia | Scoprite la maison PRESTO\" \/>\n<meta property=\"og:description\" content=\"Inventore della rubinetteria temporizzata, PRESTO \u00e8 tecnologicamente audace. Un precursore di rubinetti ecologici ed economici\u2026\" \/>\n<meta property=\"og:url\" content=\"https:\/\/presto.fr\/it\/azienda\/technologia\/\" \/>\n<meta property=\"og:site_name\" content=\"Presto\" \/>\n<meta property=\"article:modified_time\" content=\"2021-10-28T12:33:11+00:00\" \/>\n<meta property=\"og:image\" content=\"http:\/\/presto.fr\/wp-content\/uploads\/2020\/07\/economie-eau.png\" \/>\n<meta name=\"twitter:card\" content=\"summary_large_image\" \/>\n<meta name=\"twitter:label1\" content=\"Tempo di lettura stimato\" \/>\n\t<meta name=\"twitter:data1\" content=\"5 minuti\" \/>\n<script type=\"application\/ld+json\" class=\"yoast-schema-graph\">{\"@context\":\"https:\\\/\\\/schema.org\",\"@graph\":[{\"@type\":\"WebPage\",\"@id\":\"https:\\\/\\\/presto.fr\\\/it\\\/azienda\\\/technologia\\\/\",\"url\":\"https:\\\/\\\/presto.fr\\\/it\\\/azienda\\\/technologia\\\/\",\"name\":\"Competenza e tecnologia | Scoprite la maison PRESTO\",\"isPartOf\":{\"@id\":\"https:\\\/\\\/presto.fr\\\/it\\\/#website\"},\"primaryImageOfPage\":{\"@id\":\"https:\\\/\\\/presto.fr\\\/it\\\/azienda\\\/technologia\\\/#primaryimage\"},\"image\":{\"@id\":\"https:\\\/\\\/presto.fr\\\/it\\\/azienda\\\/technologia\\\/#primaryimage\"},\"thumbnailUrl\":\"http:\\\/\\\/presto.fr\\\/wp-content\\\/uploads\\\/2020\\\/07\\\/economie-eau.png\",\"datePublished\":\"2020-06-22T14:36:00+00:00\",\"dateModified\":\"2021-10-28T12:33:11+00:00\",\"description\":\"Inventore della rubinetteria temporizzata, PRESTO \u00e8 tecnologicamente audace. Un precursore di rubinetti ecologici ed economici\u2026\",\"breadcrumb\":{\"@id\":\"https:\\\/\\\/presto.fr\\\/it\\\/azienda\\\/technologia\\\/#breadcrumb\"},\"inLanguage\":\"it-IT\",\"potentialAction\":[{\"@type\":\"ReadAction\",\"target\":[\"https:\\\/\\\/presto.fr\\\/it\\\/azienda\\\/technologia\\\/\"]}]},{\"@type\":\"ImageObject\",\"inLanguage\":\"it-IT\",\"@id\":\"https:\\\/\\\/presto.fr\\\/it\\\/azienda\\\/technologia\\\/#primaryimage\",\"url\":\"http:\\\/\\\/presto.fr\\\/wp-content\\\/uploads\\\/2020\\\/07\\\/economie-eau.png\",\"contentUrl\":\"http:\\\/\\\/presto.fr\\\/wp-content\\\/uploads\\\/2020\\\/07\\\/economie-eau.png\"},{\"@type\":\"BreadcrumbList\",\"@id\":\"https:\\\/\\\/presto.fr\\\/it\\\/azienda\\\/technologia\\\/#breadcrumb\",\"itemListElement\":[{\"@type\":\"ListItem\",\"position\":1,\"name\":\"Accueil\",\"item\":\"https:\\\/\\\/presto.fr\\\/it\\\/\"},{\"@type\":\"ListItem\",\"position\":2,\"name\":\"Azienda\",\"item\":\"https:\\\/\\\/presto.fr\\\/it\\\/azienda\\\/\"},{\"@type\":\"ListItem\",\"position\":3,\"name\":\"TECNOLOGIA\"}]},{\"@type\":\"WebSite\",\"@id\":\"https:\\\/\\\/presto.fr\\\/it\\\/#website\",\"url\":\"https:\\\/\\\/presto.fr\\\/it\\\/\",\"name\":\"Presto\",\"description\":\"Robinetterie\",\"potentialAction\":[{\"@type\":\"SearchAction\",\"target\":{\"@type\":\"EntryPoint\",\"urlTemplate\":\"https:\\\/\\\/presto.fr\\\/it\\\/?s={search_term_string}\"},\"query-input\":{\"@type\":\"PropertyValueSpecification\",\"valueRequired\":true,\"valueName\":\"search_term_string\"}}],\"inLanguage\":\"it-IT\"}]}<\/script>\n<!-- \/ Yoast SEO plugin. -->","yoast_head_json":{"title":"Competenza e tecnologia | Scoprite la maison PRESTO","description":"Inventore della rubinetteria temporizzata, PRESTO \u00e8 tecnologicamente audace. Un precursore di rubinetti ecologici ed economici\u2026","robots":{"index":"index","follow":"follow","max-snippet":"max-snippet:-1","max-image-preview":"max-image-preview:large","max-video-preview":"max-video-preview:-1"},"canonical":"https:\/\/presto.fr\/it\/azienda\/technologia\/","og_locale":"it_IT","og_type":"article","og_title":"Competenza e tecnologia | Scoprite la maison PRESTO","og_description":"Inventore della rubinetteria temporizzata, PRESTO \u00e8 tecnologicamente audace. Un precursore di rubinetti ecologici ed economici\u2026","og_url":"https:\/\/presto.fr\/it\/azienda\/technologia\/","og_site_name":"Presto","article_modified_time":"2021-10-28T12:33:11+00:00","og_image":[{"url":"http:\/\/presto.fr\/wp-content\/uploads\/2020\/07\/economie-eau.png","type":"","width":"","height":""}],"twitter_card":"summary_large_image","twitter_misc":{"Tempo di lettura stimato":"5 minuti"},"schema":{"@context":"https:\/\/schema.org","@graph":[{"@type":"WebPage","@id":"https:\/\/presto.fr\/it\/azienda\/technologia\/","url":"https:\/\/presto.fr\/it\/azienda\/technologia\/","name":"Competenza e tecnologia | Scoprite la maison PRESTO","isPartOf":{"@id":"https:\/\/presto.fr\/it\/#website"},"primaryImageOfPage":{"@id":"https:\/\/presto.fr\/it\/azienda\/technologia\/#primaryimage"},"image":{"@id":"https:\/\/presto.fr\/it\/azienda\/technologia\/#primaryimage"},"thumbnailUrl":"http:\/\/presto.fr\/wp-content\/uploads\/2020\/07\/economie-eau.png","datePublished":"2020-06-22T14:36:00+00:00","dateModified":"2021-10-28T12:33:11+00:00","description":"Inventore della rubinetteria temporizzata, PRESTO \u00e8 tecnologicamente audace. Un precursore di rubinetti ecologici ed economici\u2026","breadcrumb":{"@id":"https:\/\/presto.fr\/it\/azienda\/technologia\/#breadcrumb"},"inLanguage":"it-IT","potentialAction":[{"@type":"ReadAction","target":["https:\/\/presto.fr\/it\/azienda\/technologia\/"]}]},{"@type":"ImageObject","inLanguage":"it-IT","@id":"https:\/\/presto.fr\/it\/azienda\/technologia\/#primaryimage","url":"http:\/\/presto.fr\/wp-content\/uploads\/2020\/07\/economie-eau.png","contentUrl":"http:\/\/presto.fr\/wp-content\/uploads\/2020\/07\/economie-eau.png"},{"@type":"BreadcrumbList","@id":"https:\/\/presto.fr\/it\/azienda\/technologia\/#breadcrumb","itemListElement":[{"@type":"ListItem","position":1,"name":"Accueil","item":"https:\/\/presto.fr\/it\/"},{"@type":"ListItem","position":2,"name":"Azienda","item":"https:\/\/presto.fr\/it\/azienda\/"},{"@type":"ListItem","position":3,"name":"TECNOLOGIA"}]},{"@type":"WebSite","@id":"https:\/\/presto.fr\/it\/#website","url":"https:\/\/presto.fr\/it\/","name":"Presto","description":"Robinetterie","potentialAction":[{"@type":"SearchAction","target":{"@type":"EntryPoint","urlTemplate":"https:\/\/presto.fr\/it\/?s={search_term_string}"},"query-input":{"@type":"PropertyValueSpecification","valueRequired":true,"valueName":"search_term_string"}}],"inLanguage":"it-IT"}]}},"_links":{"self":[{"href":"https:\/\/presto.fr\/it\/wp-json\/wp\/v2\/pages\/5970","targetHints":{"allow":["GET"]}}],"collection":[{"href":"https:\/\/presto.fr\/it\/wp-json\/wp\/v2\/pages"}],"about":[{"href":"https:\/\/presto.fr\/it\/wp-json\/wp\/v2\/types\/page"}],"author":[{"embeddable":true,"href":"https:\/\/presto.fr\/it\/wp-json\/wp\/v2\/users\/1"}],"replies":[{"embeddable":true,"href":"https:\/\/presto.fr\/it\/wp-json\/wp\/v2\/comments?post=5970"}],"version-history":[{"count":15,"href":"https:\/\/presto.fr\/it\/wp-json\/wp\/v2\/pages\/5970\/revisions"}],"predecessor-version":[{"id":7215,"href":"https:\/\/presto.fr\/it\/wp-json\/wp\/v2\/pages\/5970\/revisions\/7215"}],"up":[{"embeddable":true,"href":"https:\/\/presto.fr\/it\/wp-json\/wp\/v2\/pages\/5771"}],"wp:attachment":[{"href":"https:\/\/presto.fr\/it\/wp-json\/wp\/v2\/media?parent=5970"}],"curies":[{"name":"wp","href":"https:\/\/api.w.org\/{rel}","templated":true}]}}