{"id":6020,"date":"2020-10-27T09:32:11","date_gmt":"2020-10-27T09:32:11","guid":{"rendered":"https:\/\/presto.fr\/fr\/en-savoir-plus-sur-les-cookies\/"},"modified":"2021-07-21T12:57:08","modified_gmt":"2021-07-21T12:57:08","slug":"saperne-di-piu-sui-cookies","status":"publish","type":"page","link":"https:\/\/presto.fr\/it\/saperne-di-piu-sui-cookies\/","title":{"rendered":"Saperne di pi\u00f9 sui cookies"},"content":{"rendered":"<div class=\"wpb-content-wrapper\"><p>[vc_row][vc_column][rev_slider_vc alias=&#8221;cookie-it&#8221;][\/vc_column][\/vc_row][vc_row][vc_column][vc_column_text]<\/p>\n<h2><span style=\"color: #000000;\">Che cos\u2019\u00e8 un cookie?<\/span><\/h2>\n<p><span style=\"color: #000000;\">Un cookie \u00e8 un piccolo file di testo che viene inviato sul tuo dispositivo elettronico (computer, tablet o cellulare) ogni volta che navighi un sito web o visualizzi un annuncio. I cookie non ti riconoscono personalmente come individuo, riconoscono solo il dispositivo che utilizzi. Il loro scopo \u00e8 quello di raccogliere informazioni relative alla navigazione sui siti. Quando si visita presto.fr &#8220;il sito&#8221;, un banner dei cookie apparir\u00e0 sulla home page. Un link cliccabile consente di saperne di pi\u00f9 sullo scopo ed il funzionamento dei cookie. Il proseguimento della navigazione su un&#8217;altra pagina del sito o la selezione di un elemento del sito (in particolare: immagine, testo, link, ecc.) materializza la vostra accettazione del deposito dei cookie in questione sul vostro computer. Quando visitate il nostro sito, un cookie pu\u00f2 essere memorizzato sul vostro computer (se il vostro computer accetta i cookie) e se ritornate sul sito, il cookie pu\u00f2 essere letto. Utilizziamo i cookie per facilitare la raccolta di dati sulle visite al nostro sito e, in alcuni casi, per fornire contenuti personalizzati. Un cookie non pu\u00f2 leggere i dati dell\u2019hard disk o i file dei cookie creati da altri siti. Alcune parti del nostro sito utilizzano i cookie per tracciare le abitudini di navigazione degli utenti. Lo facciamo per determinare la pertinenza delle informazioni proposte sul nostro sito e per vedere in quale misura la nostra struttura di navigazione consente agli utenti di accedervi. Non correliamo queste informazioni con i dati degli utenti, non condividiamo queste informazioni con terzi e non le vendiamo. Se preferisci non ricevere cookie sul nostro sito, puoi configurare il tuo browser in modo che ti avverta dell&#8217;arrivo di un cookie e ti dia la possibilit\u00e0 di rifiutare ogni cookie. Puoi anche rifiutare tutti i cookie disattivandoli nel tuo browser. L&#8217;attivazione dei cookie non \u00e8 richiesta in nessuna area del nostro sito.<\/span><\/p>\n<h2><span style=\"color: #000000;\">Tipi di cookie che possiamo depositare sul vostro terminale<\/span><\/h2>\n<p><span style=\"color: #000000;\">Utilizziamo GOOGLE ANALYTICS per migliorare il funzionamento del nostro sito e la tua esperienza di navigazione. Sul sito vengono utilizzati due tipi di cookie:<\/span><\/p>\n<p><span style=\"color: #000000;\">&#8211; Cookie _ga, durata 2 anni<\/span><\/p>\n<p><span style=\"color: #000000;\">&#8211; Cookie _gid, durata 24 ore<\/span><\/p>\n<p><span style=\"color: #000000;\">Questi cookie di misura dell&#8217;audience ci permettono di misurare l&#8217;audience dei diversi contenuti e sezioni del nostro sito, la vostra esperienza di navigazione sul nostro sito e gli eventuali incidenti di navigazione, al fine di migliorare il modo in cui presentiamo il contenuto. Questi cookie non raccolgono informazioni nominative senza il consenso dell&#8217;utente. Essi non possono essere utilizzati da PRESTO se non nel quadro descritto nella presente politica e non rappresentano una minaccia come la trasmissione di virus informatici. Ci\u00f2 significa che nel caso in cui l&#8217;utente abbia accettato l&#8217;installazione dei cookie, questi saranno automaticamente disattivati alla fine del periodo indicato. Al di l\u00e0 di tale termine, il suo consenso dovr\u00e0 essere nuovamente ottenuto affinch\u00e9 possa essere reinstallato.<\/span><\/p>\n<h2><span style=\"color: #000000;\">Gestione dei cookies<\/span><\/h2>\n<p><span style=\"color: #000000;\">L&#8217;utente ha la possibilit\u00e0 di opporsi all&#8217;installazione e all&#8217;utilizzo dei cookie. Questa scelta pu\u00f2 essere fatta in qualsiasi momento e l&#8217;utente \u00e8 libero di modificarla. Per modificare le preferenze relative ai cookie, fare riferimento all&#8217;aiuto online dei browser (Microsoft Internet Explorer, Safari, Firefox, Google Chrome&#8230;).<\/span>[\/vc_column_text][\/vc_column][\/vc_row]<\/p>\n<\/div>","protected":false},"excerpt":{"rendered":"<p>[vc_row][vc_column][rev_slider_vc alias=&#8221;cookie-it&#8221;][\/vc_column][\/vc_row][vc_row][vc_column][vc_column_text] Che cos\u2019\u00e8 un cookie? Un cookie \u00e8 un piccolo file di testo che viene inviato sul tuo dispositivo elettronico (computer, tablet o cellulare) ogni volta che navighi un sito web o visualizzi un annuncio. I cookie non ti riconoscono personalmente come individuo, riconoscono solo il dispositivo che utilizzi. Il loro scopo \u00e8 quello<\/p>\n","protected":false},"author":1,"featured_media":0,"parent":0,"menu_order":1,"comment_status":"closed","ping_status":"closed","template":"","meta":{"_acf_changed":false,"footnotes":""},"class_list":["post-6020","page","type-page","status-publish","hentry"],"acf":[],"yoast_head":"<!-- This site is optimized with the Yoast SEO plugin v27.4 - https:\/\/yoast.com\/product\/yoast-seo-wordpress\/ -->\n<title>Saperne di pi\u00f9 sui cookies - Presto<\/title>\n<meta name=\"robots\" content=\"index, follow, max-snippet:-1, max-image-preview:large, max-video-preview:-1\" \/>\n<link rel=\"canonical\" href=\"https:\/\/presto.fr\/it\/saperne-di-piu-sui-cookies\/\" \/>\n<meta property=\"og:locale\" content=\"it_IT\" \/>\n<meta property=\"og:type\" content=\"article\" \/>\n<meta property=\"og:title\" content=\"Saperne di pi\u00f9 sui cookies - Presto\" \/>\n<meta property=\"og:description\" content=\"[vc_row][vc_column][rev_slider_vc alias=&#8221;cookie-it&#8221;][\/vc_column][\/vc_row][vc_row][vc_column][vc_column_text] Che cos\u2019\u00e8 un cookie? Un cookie \u00e8 un piccolo file di testo che viene inviato sul tuo dispositivo elettronico (computer, tablet o cellulare) ogni volta che navighi un sito web o visualizzi un annuncio. I cookie non ti riconoscono personalmente come individuo, riconoscono solo il dispositivo che utilizzi. Il loro scopo \u00e8 quello\" \/>\n<meta property=\"og:url\" content=\"https:\/\/presto.fr\/it\/saperne-di-piu-sui-cookies\/\" \/>\n<meta property=\"og:site_name\" content=\"Presto\" \/>\n<meta property=\"article:modified_time\" content=\"2021-07-21T12:57:08+00:00\" \/>\n<meta name=\"twitter:card\" content=\"summary_large_image\" \/>\n<meta name=\"twitter:label1\" content=\"Tempo di lettura stimato\" \/>\n\t<meta name=\"twitter:data1\" content=\"3 minuti\" \/>\n<script type=\"application\/ld+json\" class=\"yoast-schema-graph\">{\"@context\":\"https:\\\/\\\/schema.org\",\"@graph\":[{\"@type\":\"WebPage\",\"@id\":\"https:\\\/\\\/presto.fr\\\/it\\\/saperne-di-piu-sui-cookies\\\/\",\"url\":\"https:\\\/\\\/presto.fr\\\/it\\\/saperne-di-piu-sui-cookies\\\/\",\"name\":\"Saperne di pi\u00f9 sui cookies - Presto\",\"isPartOf\":{\"@id\":\"https:\\\/\\\/presto.fr\\\/it\\\/#website\"},\"datePublished\":\"2020-10-27T09:32:11+00:00\",\"dateModified\":\"2021-07-21T12:57:08+00:00\",\"breadcrumb\":{\"@id\":\"https:\\\/\\\/presto.fr\\\/it\\\/saperne-di-piu-sui-cookies\\\/#breadcrumb\"},\"inLanguage\":\"it-IT\",\"potentialAction\":[{\"@type\":\"ReadAction\",\"target\":[\"https:\\\/\\\/presto.fr\\\/it\\\/saperne-di-piu-sui-cookies\\\/\"]}]},{\"@type\":\"BreadcrumbList\",\"@id\":\"https:\\\/\\\/presto.fr\\\/it\\\/saperne-di-piu-sui-cookies\\\/#breadcrumb\",\"itemListElement\":[{\"@type\":\"ListItem\",\"position\":1,\"name\":\"Accueil\",\"item\":\"https:\\\/\\\/presto.fr\\\/it\\\/\"},{\"@type\":\"ListItem\",\"position\":2,\"name\":\"Saperne di pi\u00f9 sui cookies\"}]},{\"@type\":\"WebSite\",\"@id\":\"https:\\\/\\\/presto.fr\\\/it\\\/#website\",\"url\":\"https:\\\/\\\/presto.fr\\\/it\\\/\",\"name\":\"Presto\",\"description\":\"Robinetterie\",\"potentialAction\":[{\"@type\":\"SearchAction\",\"target\":{\"@type\":\"EntryPoint\",\"urlTemplate\":\"https:\\\/\\\/presto.fr\\\/it\\\/?s={search_term_string}\"},\"query-input\":{\"@type\":\"PropertyValueSpecification\",\"valueRequired\":true,\"valueName\":\"search_term_string\"}}],\"inLanguage\":\"it-IT\"}]}<\/script>\n<!-- \/ Yoast SEO plugin. -->","yoast_head_json":{"title":"Saperne di pi\u00f9 sui cookies - Presto","robots":{"index":"index","follow":"follow","max-snippet":"max-snippet:-1","max-image-preview":"max-image-preview:large","max-video-preview":"max-video-preview:-1"},"canonical":"https:\/\/presto.fr\/it\/saperne-di-piu-sui-cookies\/","og_locale":"it_IT","og_type":"article","og_title":"Saperne di pi\u00f9 sui cookies - Presto","og_description":"[vc_row][vc_column][rev_slider_vc alias=&#8221;cookie-it&#8221;][\/vc_column][\/vc_row][vc_row][vc_column][vc_column_text] Che cos\u2019\u00e8 un cookie? Un cookie \u00e8 un piccolo file di testo che viene inviato sul tuo dispositivo elettronico (computer, tablet o cellulare) ogni volta che navighi un sito web o visualizzi un annuncio. I cookie non ti riconoscono personalmente come individuo, riconoscono solo il dispositivo che utilizzi. Il loro scopo \u00e8 quello","og_url":"https:\/\/presto.fr\/it\/saperne-di-piu-sui-cookies\/","og_site_name":"Presto","article_modified_time":"2021-07-21T12:57:08+00:00","twitter_card":"summary_large_image","twitter_misc":{"Tempo di lettura stimato":"3 minuti"},"schema":{"@context":"https:\/\/schema.org","@graph":[{"@type":"WebPage","@id":"https:\/\/presto.fr\/it\/saperne-di-piu-sui-cookies\/","url":"https:\/\/presto.fr\/it\/saperne-di-piu-sui-cookies\/","name":"Saperne di pi\u00f9 sui cookies - Presto","isPartOf":{"@id":"https:\/\/presto.fr\/it\/#website"},"datePublished":"2020-10-27T09:32:11+00:00","dateModified":"2021-07-21T12:57:08+00:00","breadcrumb":{"@id":"https:\/\/presto.fr\/it\/saperne-di-piu-sui-cookies\/#breadcrumb"},"inLanguage":"it-IT","potentialAction":[{"@type":"ReadAction","target":["https:\/\/presto.fr\/it\/saperne-di-piu-sui-cookies\/"]}]},{"@type":"BreadcrumbList","@id":"https:\/\/presto.fr\/it\/saperne-di-piu-sui-cookies\/#breadcrumb","itemListElement":[{"@type":"ListItem","position":1,"name":"Accueil","item":"https:\/\/presto.fr\/it\/"},{"@type":"ListItem","position":2,"name":"Saperne di pi\u00f9 sui cookies"}]},{"@type":"WebSite","@id":"https:\/\/presto.fr\/it\/#website","url":"https:\/\/presto.fr\/it\/","name":"Presto","description":"Robinetterie","potentialAction":[{"@type":"SearchAction","target":{"@type":"EntryPoint","urlTemplate":"https:\/\/presto.fr\/it\/?s={search_term_string}"},"query-input":{"@type":"PropertyValueSpecification","valueRequired":true,"valueName":"search_term_string"}}],"inLanguage":"it-IT"}]}},"_links":{"self":[{"href":"https:\/\/presto.fr\/it\/wp-json\/wp\/v2\/pages\/6020","targetHints":{"allow":["GET"]}}],"collection":[{"href":"https:\/\/presto.fr\/it\/wp-json\/wp\/v2\/pages"}],"about":[{"href":"https:\/\/presto.fr\/it\/wp-json\/wp\/v2\/types\/page"}],"author":[{"embeddable":true,"href":"https:\/\/presto.fr\/it\/wp-json\/wp\/v2\/users\/1"}],"replies":[{"embeddable":true,"href":"https:\/\/presto.fr\/it\/wp-json\/wp\/v2\/comments?post=6020"}],"version-history":[{"count":3,"href":"https:\/\/presto.fr\/it\/wp-json\/wp\/v2\/pages\/6020\/revisions"}],"predecessor-version":[{"id":6047,"href":"https:\/\/presto.fr\/it\/wp-json\/wp\/v2\/pages\/6020\/revisions\/6047"}],"wp:attachment":[{"href":"https:\/\/presto.fr\/it\/wp-json\/wp\/v2\/media?parent=6020"}],"curies":[{"name":"wp","href":"https:\/\/api.w.org\/{rel}","templated":true}]}}