{"id":6057,"date":"2020-07-26T15:40:14","date_gmt":"2020-07-26T15:40:14","guid":{"rendered":"https:\/\/presto.fr\/fr\/azienda\/emploi\/"},"modified":"2022-05-18T10:08:09","modified_gmt":"2022-05-18T10:08:09","slug":"lavora-con-noi","status":"publish","type":"page","link":"https:\/\/presto.fr\/it\/azienda\/lavora-con-noi\/","title":{"rendered":"Lavora con noi"},"content":{"rendered":"<div class=\"wpb-content-wrapper\"><p>[vc_row full_width=&#8221;stretch_row_content_no_spaces&#8221; el_class=&#8221;rangee-slider&#8221;][vc_column][rev_slider_vc alias=&#8221;emploi-it&#8221;][vc_column_text el_class=&#8221;responsivenone responsive496 text-bottom-slide&#8221;]\u00c9 un problema che riguarda tutti, insieme possiamo lavorare per ottenere un contributo duraturo per le generazioni attuali e future. Essere un produttore industriale impone responsabilit\u00e0 di primo piano nei confronti del pianeta e delle persone.<br \/>\nUnirsi al team PRESTO, significa unirsi non solo ad un gruppo rispettoso delle risorse ambientali, dei clienti e dei collaboratori ma anche con una visione virtuosa della collettivit\u00e0.[\/vc_column_text][\/vc_column][\/vc_row][vc_row el_class=&#8221;row_text_emploi&#8221;][vc_column][vc_empty_space height=&#8221;70px&#8221;][vc_row_inner el_class=&#8221;col_with_empreinte&#8221;][vc_column_inner el_class=&#8221;marques&#8221; width=&#8221;1\/2&#8243;][vc_empty_space height=&#8221;25px&#8221;][vc_column_text el_class=&#8221;texte-simple&#8221; css=&#8221;.vc_custom_1626876275360{margin-bottom: 0px !important;}&#8221;]<strong>Entrare in uno stato mentale\u2026<br \/>\n<\/strong>Gli uomini e le donne che lavorano quotidianamente alla PRESTO, primo marchio mondiale di rubinetteria per collettivit\u00e0, condividono una visione chiave:l&#8217;industria ha una responsabilit\u00e0 di primo piano nei confronti del pianeta.<br \/>\nPertanto, la nostra ragion d&#8217;essere \u00e8 inventare nuove abitudini attorno ad una rubinetteria per collettivit\u00e0, adattata alle strutture presso cui \u00e8 installata, privilegiando sempre la riduzione dei consumi ed il rispetto dell&#8217;ambiente per il benessere collettivo.[\/vc_column_text][vc_empty_space height=&#8221;35px&#8221;][vc_column_text el_class=&#8221;texte-simple&#8221; css=&#8221;.vc_custom_1626876466196{margin-bottom: 0px !important;}&#8221;]Grazie a un know-how unico in termini di igiene, robustezza e comfort, lavoriamo allo sviluppo di tecnologie che limitano durevolmente i consumi d&#8217;acqua.[\/vc_column_text][vc_empty_space height=&#8221;35px&#8221;][\/vc_column_inner][vc_column_inner el_class=&#8221;etat-esprit&#8221; width=&#8221;1\/2&#8243;][vc_empty_space height=&#8221;25px&#8221;][vc_column_text el_class=&#8221;texte-simple&#8221; css=&#8221;.vc_custom_1626876361092{margin-bottom: 0px !important;}&#8221;]<strong>Unirsi a noi \u00e8 voler contribuire a questa missione: permettere ai luoghi che utilizzano molta acqua di ridurre i consumi garantendo un alto livello di igiene e comfort per l&#8217;utente. <\/strong> I locali aperti al pubblico hanno servizi igienici molto frequentati e devono sia rispettare severi vincoli normativi sia offrire il miglior servizio possibile agli utenti. Per scegliere la rubinetteria pi\u00f9 adatta esperienza e competenza sono indispensabili e sono entrambe rappresentate in PRESTO.[\/vc_column_text][vc_empty_space height=&#8221;60px&#8221;][vc_column_text el_class=&#8221;texte-simple&#8221; css=&#8221;.vc_custom_1626876405017{margin-bottom: 0px !important;}&#8221;]Unirsi a noi significa partecipare a una R&amp;D attiva, sviluppare tecnologie uniche sul mercato, certificazioni di qualit\u00e0 esemplari e permettere la diffusione di marchi e crediti di alta qualit\u00e0 ambientale.[\/vc_column_text][vc_empty_space height=&#8221;35px&#8221;][\/vc_column_inner][\/vc_row_inner][vc_empty_space height=&#8221;70px&#8221;][\/vc_column][\/vc_row][vc_row full_width=&#8221;stretch_row&#8221; el_class=&#8221;double_colonne_emploi&#8221; css=&#8221;.vc_custom_1601622892833{margin-bottom: 70px !important;background-color: #008c76 !important;}&#8221;][vc_column css=&#8221;.vc_custom_1599489534598{padding-top: 0px !important;}&#8221;][vc_row_inner el_class=&#8221;rangee-verte encart-deux-emploi&#8221;][vc_column_inner el_class=&#8221;bloc-vert contenu-specifique encart-vert&#8221; width=&#8221;3\/4&#8243; css=&#8221;.vc_custom_1598433535223{background-color: #008c76 !important;}&#8221;][vc_column_text el_class=&#8221;titre-classique&#8221; css=&#8221;.vc_custom_1599212456669{margin-bottom: 25px !important;}&#8221;][\/vc_column_text][vc_column_text el_class=&#8221;presto-rayonne texte-blanc&#8221;]Gruppo industriale leader nel settore, il nostro alto livello qualitativo \u00e8 mantenuto grazie alle persone che lavorano con noi, unite da forti principi: <strong>impegno, responsabilit\u00e0, condivisione e audacia.<\/strong><\/p>\n<p>Dalla nostra creazione tramandiamo uno spirito famigliare, sappiamo che gli uomini e le donne che lavorano alla PRESTO costituiscono la prima ricchezza della nostra impresa. Ci\u00f2 significa che il loro benessere e le loro competenze sono alla fonte dei nostri successi e dei nostri progressi.[\/vc_column_text][\/vc_column_inner][vc_column_inner el_class=&#8221;right_col&#8221; width=&#8221;1\/4&#8243;][vc_btn title=&#8221;Candidati!&#8221; align=&#8221;left&#8221; link=&#8221;url:https%3A%2F%2Fpresto.fr%2Fit%2Fcandidati%2F|||&#8221; el_class=&#8221;btn-simple&#8221; css=&#8221;.vc_custom_1652868486930{padding-right: 35px !important;padding-left: 110px !important;background-color: #008c76 !important;}&#8221;][\/vc_column_inner][\/vc_row_inner][\/vc_column][\/vc_row][vc_row full_width=&#8221;stretch_row_content_no_spaces&#8221; css=&#8221;.vc_custom_1598263036288{background-image: url(http:\/\/presto.fr\/wp-content\/uploads\/2020\/05\/fond-focus.png?id=292) !important;}&#8221; el_class=&#8221;special-dessus&#8221;][vc_column][vc_btn title=&#8221;Scarica la nostra brochure aziendale&#8221; link=&#8221;url:https%3A%2F%2Ffr.calameo.com%2Fpresto%2Fread%2F00417690585adc7c66238||target:%20_blank|&#8221; el_class=&#8221;btn-vert&#8221;][\/vc_column][\/vc_row]<\/p>\n<\/div>","protected":false},"excerpt":{"rendered":"<p>[vc_row full_width=&#8221;stretch_row_content_no_spaces&#8221; el_class=&#8221;rangee-slider&#8221;][vc_column][rev_slider_vc alias=&#8221;emploi-it&#8221;][vc_column_text el_class=&#8221;responsivenone responsive496 text-bottom-slide&#8221;]\u00c9 un problema che riguarda tutti, insieme possiamo lavorare per ottenere un contributo duraturo per le generazioni attuali e future. Essere un produttore industriale impone responsabilit\u00e0 di primo piano nei confronti del pianeta e delle persone. Unirsi al team PRESTO, significa unirsi non solo ad un gruppo rispettoso delle<\/p>\n","protected":false},"author":1,"featured_media":0,"parent":5771,"menu_order":47,"comment_status":"closed","ping_status":"closed","template":"","meta":{"_acf_changed":false,"footnotes":""},"class_list":["post-6057","page","type-page","status-publish","hentry"],"acf":[],"yoast_head":"<!-- This site is optimized with the Yoast SEO plugin v27.4 - https:\/\/yoast.com\/product\/yoast-seo-wordpress\/ -->\n<title>Lavora con noi | Scoprite la maison PRESTO | PRESTO<\/title>\n<meta name=\"description\" content=\"In qualit\u00e0 di fabbricante leader, PRESTO mette la sua competenza tecnologica, la sua responsabilit\u00e0 ambientale e il suo senso del prodotto sostenibile al servizio della collettivit\u00e0\" \/>\n<meta name=\"robots\" content=\"index, follow, max-snippet:-1, max-image-preview:large, max-video-preview:-1\" \/>\n<link rel=\"canonical\" href=\"https:\/\/presto.fr\/it\/azienda\/lavora-con-noi\/\" \/>\n<meta property=\"og:locale\" content=\"it_IT\" \/>\n<meta property=\"og:type\" content=\"article\" \/>\n<meta property=\"og:title\" content=\"Lavora con noi | Scoprite la maison PRESTO | PRESTO\" \/>\n<meta property=\"og:description\" content=\"In qualit\u00e0 di fabbricante leader, PRESTO mette la sua competenza tecnologica, la sua responsabilit\u00e0 ambientale e il suo senso del prodotto sostenibile al servizio della collettivit\u00e0\" \/>\n<meta property=\"og:url\" content=\"https:\/\/presto.fr\/it\/azienda\/lavora-con-noi\/\" \/>\n<meta property=\"og:site_name\" content=\"Presto\" \/>\n<meta property=\"article:modified_time\" content=\"2022-05-18T10:08:09+00:00\" \/>\n<meta name=\"twitter:card\" content=\"summary_large_image\" \/>\n<meta name=\"twitter:label1\" content=\"Tempo di lettura stimato\" \/>\n\t<meta name=\"twitter:data1\" content=\"3 minuti\" \/>\n<script type=\"application\/ld+json\" class=\"yoast-schema-graph\">{\"@context\":\"https:\\\/\\\/schema.org\",\"@graph\":[{\"@type\":\"WebPage\",\"@id\":\"https:\\\/\\\/presto.fr\\\/it\\\/azienda\\\/lavora-con-noi\\\/\",\"url\":\"https:\\\/\\\/presto.fr\\\/it\\\/azienda\\\/lavora-con-noi\\\/\",\"name\":\"Lavora con noi | Scoprite la maison PRESTO | PRESTO\",\"isPartOf\":{\"@id\":\"https:\\\/\\\/presto.fr\\\/it\\\/#website\"},\"datePublished\":\"2020-07-26T15:40:14+00:00\",\"dateModified\":\"2022-05-18T10:08:09+00:00\",\"description\":\"In qualit\u00e0 di fabbricante leader, PRESTO mette la sua competenza tecnologica, la sua responsabilit\u00e0 ambientale e il suo senso del prodotto sostenibile al servizio della collettivit\u00e0\",\"breadcrumb\":{\"@id\":\"https:\\\/\\\/presto.fr\\\/it\\\/azienda\\\/lavora-con-noi\\\/#breadcrumb\"},\"inLanguage\":\"it-IT\",\"potentialAction\":[{\"@type\":\"ReadAction\",\"target\":[\"https:\\\/\\\/presto.fr\\\/it\\\/azienda\\\/lavora-con-noi\\\/\"]}]},{\"@type\":\"BreadcrumbList\",\"@id\":\"https:\\\/\\\/presto.fr\\\/it\\\/azienda\\\/lavora-con-noi\\\/#breadcrumb\",\"itemListElement\":[{\"@type\":\"ListItem\",\"position\":1,\"name\":\"Accueil\",\"item\":\"https:\\\/\\\/presto.fr\\\/it\\\/\"},{\"@type\":\"ListItem\",\"position\":2,\"name\":\"Azienda\",\"item\":\"https:\\\/\\\/presto.fr\\\/it\\\/azienda\\\/\"},{\"@type\":\"ListItem\",\"position\":3,\"name\":\"Lavora con noi\"}]},{\"@type\":\"WebSite\",\"@id\":\"https:\\\/\\\/presto.fr\\\/it\\\/#website\",\"url\":\"https:\\\/\\\/presto.fr\\\/it\\\/\",\"name\":\"Presto\",\"description\":\"Robinetterie\",\"potentialAction\":[{\"@type\":\"SearchAction\",\"target\":{\"@type\":\"EntryPoint\",\"urlTemplate\":\"https:\\\/\\\/presto.fr\\\/it\\\/?s={search_term_string}\"},\"query-input\":{\"@type\":\"PropertyValueSpecification\",\"valueRequired\":true,\"valueName\":\"search_term_string\"}}],\"inLanguage\":\"it-IT\"}]}<\/script>\n<!-- \/ Yoast SEO plugin. -->","yoast_head_json":{"title":"Lavora con noi | Scoprite la maison PRESTO | PRESTO","description":"In qualit\u00e0 di fabbricante leader, PRESTO mette la sua competenza tecnologica, la sua responsabilit\u00e0 ambientale e il suo senso del prodotto sostenibile al servizio della collettivit\u00e0","robots":{"index":"index","follow":"follow","max-snippet":"max-snippet:-1","max-image-preview":"max-image-preview:large","max-video-preview":"max-video-preview:-1"},"canonical":"https:\/\/presto.fr\/it\/azienda\/lavora-con-noi\/","og_locale":"it_IT","og_type":"article","og_title":"Lavora con noi | Scoprite la maison PRESTO | PRESTO","og_description":"In qualit\u00e0 di fabbricante leader, PRESTO mette la sua competenza tecnologica, la sua responsabilit\u00e0 ambientale e il suo senso del prodotto sostenibile al servizio della collettivit\u00e0","og_url":"https:\/\/presto.fr\/it\/azienda\/lavora-con-noi\/","og_site_name":"Presto","article_modified_time":"2022-05-18T10:08:09+00:00","twitter_card":"summary_large_image","twitter_misc":{"Tempo di lettura stimato":"3 minuti"},"schema":{"@context":"https:\/\/schema.org","@graph":[{"@type":"WebPage","@id":"https:\/\/presto.fr\/it\/azienda\/lavora-con-noi\/","url":"https:\/\/presto.fr\/it\/azienda\/lavora-con-noi\/","name":"Lavora con noi | Scoprite la maison PRESTO | PRESTO","isPartOf":{"@id":"https:\/\/presto.fr\/it\/#website"},"datePublished":"2020-07-26T15:40:14+00:00","dateModified":"2022-05-18T10:08:09+00:00","description":"In qualit\u00e0 di fabbricante leader, PRESTO mette la sua competenza tecnologica, la sua responsabilit\u00e0 ambientale e il suo senso del prodotto sostenibile al servizio della collettivit\u00e0","breadcrumb":{"@id":"https:\/\/presto.fr\/it\/azienda\/lavora-con-noi\/#breadcrumb"},"inLanguage":"it-IT","potentialAction":[{"@type":"ReadAction","target":["https:\/\/presto.fr\/it\/azienda\/lavora-con-noi\/"]}]},{"@type":"BreadcrumbList","@id":"https:\/\/presto.fr\/it\/azienda\/lavora-con-noi\/#breadcrumb","itemListElement":[{"@type":"ListItem","position":1,"name":"Accueil","item":"https:\/\/presto.fr\/it\/"},{"@type":"ListItem","position":2,"name":"Azienda","item":"https:\/\/presto.fr\/it\/azienda\/"},{"@type":"ListItem","position":3,"name":"Lavora con noi"}]},{"@type":"WebSite","@id":"https:\/\/presto.fr\/it\/#website","url":"https:\/\/presto.fr\/it\/","name":"Presto","description":"Robinetterie","potentialAction":[{"@type":"SearchAction","target":{"@type":"EntryPoint","urlTemplate":"https:\/\/presto.fr\/it\/?s={search_term_string}"},"query-input":{"@type":"PropertyValueSpecification","valueRequired":true,"valueName":"search_term_string"}}],"inLanguage":"it-IT"}]}},"_links":{"self":[{"href":"https:\/\/presto.fr\/it\/wp-json\/wp\/v2\/pages\/6057","targetHints":{"allow":["GET"]}}],"collection":[{"href":"https:\/\/presto.fr\/it\/wp-json\/wp\/v2\/pages"}],"about":[{"href":"https:\/\/presto.fr\/it\/wp-json\/wp\/v2\/types\/page"}],"author":[{"embeddable":true,"href":"https:\/\/presto.fr\/it\/wp-json\/wp\/v2\/users\/1"}],"replies":[{"embeddable":true,"href":"https:\/\/presto.fr\/it\/wp-json\/wp\/v2\/comments?post=6057"}],"version-history":[{"count":5,"href":"https:\/\/presto.fr\/it\/wp-json\/wp\/v2\/pages\/6057\/revisions"}],"predecessor-version":[{"id":7750,"href":"https:\/\/presto.fr\/it\/wp-json\/wp\/v2\/pages\/6057\/revisions\/7750"}],"up":[{"embeddable":true,"href":"https:\/\/presto.fr\/it\/wp-json\/wp\/v2\/pages\/5771"}],"wp:attachment":[{"href":"https:\/\/presto.fr\/it\/wp-json\/wp\/v2\/media?parent=6057"}],"curies":[{"name":"wp","href":"https:\/\/api.w.org\/{rel}","templated":true}]}}