{"id":6063,"date":"2020-07-27T14:19:50","date_gmt":"2020-07-27T14:19:50","guid":{"rendered":"https:\/\/presto.fr\/fr\/partner\/architectes\/"},"modified":"2021-10-28T14:38:22","modified_gmt":"2021-10-28T14:38:22","slug":"architetti","status":"publish","type":"page","link":"https:\/\/presto.fr\/it\/partner\/architetti\/","title":{"rendered":"Architetti"},"content":{"rendered":"<div class=\"wpb-content-wrapper\"><p>[vc_row full_width=&#8221;stretch_row_content_no_spaces&#8221; el_class=&#8221;rangee-slider&#8221;][vc_column][rev_slider_vc alias=&#8221;architectes-it&#8221;][vc_column_text el_class=&#8221;responsivenone responsive496 text-bottom-slide&#8221;]All&#8217;origine dei luoghi, siete il nostro primo partner.<br \/>\nProgettare spazi o strutture destinate ad accogliere un gran numero e variet\u00e0 di persone impone spesso i pi\u00f9 elevati requisiti tecnici in materia di risparmio e igiene. Un rubinetto non \u00e8 un dettaglio perch\u00e9 contribuisce ad offrire un&#8217;esperienza di qualit\u00e0 alle persone di passaggio e\/o a quelle che vivranno e lavoreranno all&#8217;interno delle vostre creazioni.[\/vc_column_text][\/vc_column][\/vc_row][vc_row el_class=&#8221;bot_slide_part&#8221;][vc_column][vc_empty_space height=&#8221;40px&#8221;][vc_row_inner][vc_column_inner el_class=&#8221;pro-distrib&#8221; width=&#8221;1\/2&#8243;][vc_column_text el_class=&#8221;presto-rayonne&#8221;]Vi proponiamo rubinetti innovativi e sostenibili, ad alte prestazioni economiche ed energetiche. Le nostre soluzioni di rubinetteria soddisfano delle esigenze attuali e future della costruzione e del benessere degli utenti.<\/p>\n<p>Vi forniamo prodotti di eccellenza pensati e progettati per soddisfare le soluzioni da voi indicate. Rubinetti di design dalla forma ergonomica, affidabili, efficaci, conformi alle normative. Rubinetti per la collettivit\u00e0 che assicurano il comfort degli installatori e degli utenti, garantendo le prestazioni previste e adatti per qualsiasi struttura. Una rubinetteria ad alta efficacia per soddisfare al meglio le vostre richieste.[\/vc_column_text][\/vc_column_inner][vc_column_inner width=&#8221;1\/2&#8243;][vc_column_text el_class=&#8221;presto-rayonne&#8221;]Vi accompagniamo nella realizzazione dei vostri concetti, nella scelta delle soluzioni e dei sistemi sanitari pi\u00f9 adatti per tipologia di luoghi: istruzione, sanit\u00e0, settore alberghiero, commercio, ecc.<\/p>\n<p>Mettiamo a vostra disposizione tutte le informazioni tecniche necessarie e numerosi strumenti di lavoro self-service per completare i vostri capitolati e progetti.[\/vc_column_text][\/vc_column_inner][\/vc_row_inner][vc_empty_space height=&#8221;40px&#8221;][\/vc_column][\/vc_row][vc_row full_width=&#8221;stretch_row_content_no_spaces&#8221; css=&#8221;.vc_custom_1601561296795{background-image: url(http:\/\/presto.fr\/wp-content\/uploads\/2020\/06\/fond-rayer.png?id=297) !important;}&#8221; el_class=&#8221;bibi&#8221;][vc_column][vc_empty_space][\/vc_column][\/vc_row][vc_row el_class=&#8221;ranger-temoin&#8221;][vc_column][vc_column_text el_class=&#8221;titre-projets title-tem&#8221;]<\/p>\n<h2>LE VOSTRE TESTIMONIANZE<\/h2>\n<p>[\/vc_column_text]    \n\n            <div class=\"row_temoignage\">\n\t\t\t\t                    <div class=\"untemoignage\">\n                        <div class=\"texte_temoignage\">\n                            \" La soci\u00e9t\u00e9 Presto-Sanifirst pr\u00e9sente, de longue date,  une gamme de produits \u00e9volutifs et adapt\u00e9s \u00e0 la plupart de nos besoins (neuf ou r\u00e9habilitation). Tous les projets con\u00e7us par le BATI ont mis en \u00e9vidence le professionnalisme, l'\u00e9coute, la comp\u00e9tence et la disponibilit\u00e9 de toute l'\u00e9quipe Presto-Sanifirst  Bretagne P.D.L. \"                        <\/div>\n                        <div class=\"texte_auteur\">\n                            Michel Le Gohebel, Responsable du BET Climatique en MOe interne du d\u00e9partement BATI de la Direction G\u00e9n\u00e9rale Ressources de Nantes M\u00e9tropole, Nantes (44)                        <\/div>\n                    <\/div>\n                                    <div class=\"untemoignage\">\n                        <div class=\"texte_temoignage\">\n                            \" J\u2019utilise les produits de la marque Presto et en suis pleinement satisfait. Je tiens \u00e0 f\u00e9liciter le service commercial pour leur  r\u00e9activit\u00e9 et leur efficacit\u00e9 dans les probl\u00e8mes rencontr\u00e9s et solutionn\u00e9s. \"                        <\/div>\n                        <div class=\"texte_auteur\">\n                            Olivier Roy, Responsable du Service Plomberie d\u2019\u00c9vry Courcouronnes (91)                        <\/div>\n                    <\/div>\n                            <\/div>\n\n    [\/vc_column][\/vc_row][vc_row full_width=&#8221;stretch_row_content_no_spaces&#8221; css=&#8221;.vc_custom_1591025092595{background-image: url(http:\/\/presto.fr\/wp-content\/uploads\/2020\/06\/fond-rayer.png?id=297) !important;}&#8221;][vc_column][vc_row_inner][vc_column_inner width=&#8221;1\/3&#8243;][\/vc_column_inner][vc_column_inner width=&#8221;1\/3&#8243;][vc_btn title=&#8221;Scarica la nostra brochure aziendale&#8221; link=&#8221;url:https%3A%2F%2Ffr.calameo.com%2Fpresto%2Fread%2F00417690585adc7c66238||target:%20_blank|&#8221; el_class=&#8221;btn-simple btn-vert-simple&#8221;][\/vc_column_inner][vc_column_inner width=&#8221;1\/3&#8243;][\/vc_column_inner][\/vc_row_inner][\/vc_column][\/vc_row][vc_row full_width=&#8221;stretch_row_content_no_spaces&#8221; css=&#8221;.vc_custom_1589827027069{background-color: #008c76 !important;}&#8221;][vc_column][vc_row_inner el_class=&#8221;rangee-info architectes&#8221;][vc_column_inner el_class=&#8221;encart-quatre&#8221; width=&#8221;1\/4&#8243; css=&#8221;.vc_custom_1596722992992{padding-right: 40px !important;}&#8221;][vc_single_image image=&#8221;728&#8243; img_size=&#8221;full&#8221; alignment=&#8221;center&#8221; onclick=&#8221;custom_link&#8221; img_link_target=&#8221;_blank&#8221; link=&#8221;https:\/\/www.polantis.com\/presto&#8221;][vc_column_text]<\/p>\n<p style=\"text-align: center;\"><strong>I nostri strumenti self-service<\/strong><\/p>\n<p style=\"text-align: center;\"><span style=\"color: #ffffff;\"><a style=\"color: #ffffff;\" href=\"http:\/\/www.prestobim.com\">Consulta e scarica tutti i nostri documenti tecnici: schede prodotto, certificazioni, fotografie, disegni <\/a><\/span>ddimensionali, manuali sul nostro portale<span style=\"color: #ffffff;\"><em>\u00a0<\/em><a class=\"text_underline\" style=\"color: #ffffff;\" href=\"http:\/\/www.prestodatashare.com\/centretelechargement\/index.php?lang=IT\" target=\"_blank\" rel=\"noopener noreferrer\">PRESTODATASHARE<\/a> .<\/span><\/p>\n<p>[\/vc_column_text][\/vc_column_inner][vc_column_inner el_class=&#8221;encart-quatre centregauche&#8221; width=&#8221;1\/4&#8243;][vc_single_image image=&#8221;726&#8243; img_size=&#8221;full&#8221; alignment=&#8221;center&#8221; onclick=&#8221;custom_link&#8221; link=&#8221;https:\/\/presto.fr\/fr\/?page_id=509&#8243;][vc_column_text]<\/p>\n<p style=\"text-align: center;\"><strong>Nostra rete commerciale<\/strong><\/p>\n<p style=\"text-align: center;\">Cerca i recapiti della nostra rete agenti sul nostro <a href=\"http:\/\/presto.fr\/fr\/store-locator\/\"><u>locator<\/u><\/a>.<\/p>\n<p>[\/vc_column_text][\/vc_column_inner][vc_column_inner el_class=&#8221;encart-quatre centredroite&#8221; width=&#8221;1\/4&#8243; css=&#8221;.vc_custom_1596723005162{padding-right: 40px !important;padding-left: 40px !important;}&#8221;][vc_single_image image=&#8221;1931&#8243; img_size=&#8221;full&#8221; alignment=&#8221;center&#8221;][vc_column_text]<\/p>\n<p style=\"text-align: center;\"><strong>Le nostre realizzazioni pi\u00f9 prestigiose<\/strong><\/p>\n<p style=\"text-align: center;\">Scopri le nostre realizzazioni per tipologia di edificio: scuole, ospedali, aeroporti, tempo libero&#8230;<br \/>\nIl nostro <span class=\"openprojets text_underline\">elenco di realizzazioni<\/span> ti permette di conoscere meglio la specificit\u00e0 dei nostri prodotti.<\/p>\n<p>[\/vc_column_text][\/vc_column_inner][vc_column_inner el_class=&#8221;encart-quatre&#8221; width=&#8221;1\/4&#8243; css=&#8221;.vc_custom_1596723013870{padding-left: 40px !important;}&#8221;][vc_single_image image=&#8221;729&#8243; img_size=&#8221;full&#8221; alignment=&#8221;center&#8221; onclick=&#8221;custom_link&#8221; link=&#8221;https:\/\/presto.fr\/fr\/?page_id=15&#8243;][vc_column_text]<\/p>\n<p style=\"text-align: center;\"><strong>Contattaci per i tuoi progetti<\/strong><\/p>\n<p style=\"text-align: center;\">Siamo a disposizione per aiutarti nella creazione dei vostri progetti. Chiama al +39 0183 19 72 929 oppure utilizzate la nostra <span style=\"color: #ffffff;\"> <a class=\"text_underline\" style=\"color: #ffffff;\" href=\"https:\/\/presto.fr\/fr\/it\/contact\/\">sezione dedicata<\/a>.<\/span><\/p>\n<p>[\/vc_column_text][\/vc_column_inner][\/vc_row_inner][vc_empty_space height=&#8221;40px&#8221;][\/vc_column][\/vc_row]<\/p>\n<\/div>","protected":false},"excerpt":{"rendered":"<p>[vc_row full_width=&#8221;stretch_row_content_no_spaces&#8221; el_class=&#8221;rangee-slider&#8221;][vc_column][rev_slider_vc alias=&#8221;architectes-it&#8221;][vc_column_text el_class=&#8221;responsivenone responsive496 text-bottom-slide&#8221;]All&#8217;origine dei luoghi, siete il nostro primo partner. Progettare spazi o strutture destinate ad accogliere un gran numero e variet\u00e0 di persone impone spesso i pi\u00f9 elevati requisiti tecnici in materia di risparmio e igiene. Un rubinetto non \u00e8 un dettaglio perch\u00e9 contribuisce ad offrire un&#8217;esperienza di qualit\u00e0 alle<\/p>\n","protected":false},"author":1,"featured_media":0,"parent":5782,"menu_order":1,"comment_status":"closed","ping_status":"closed","template":"","meta":{"_acf_changed":false,"footnotes":""},"class_list":["post-6063","page","type-page","status-publish","hentry"],"acf":[],"yoast_head":"<!-- This site is optimized with the Yoast SEO plugin v27.4 - https:\/\/yoast.com\/product\/yoast-seo-wordpress\/ -->\n<title>Architetti | Produttore di rubinetti elettronici e a chiusura automatica<\/title>\n<meta name=\"description\" content=\"Vi aiuteremo a realizzare i vostri concetti e a selezionare le attrezzature e i sistemi sanitari pi\u00f9 adatti.\" \/>\n<meta name=\"robots\" content=\"index, follow, max-snippet:-1, max-image-preview:large, max-video-preview:-1\" \/>\n<link rel=\"canonical\" href=\"https:\/\/presto.fr\/it\/partner\/architetti\/\" \/>\n<meta property=\"og:locale\" content=\"it_IT\" \/>\n<meta property=\"og:type\" content=\"article\" \/>\n<meta property=\"og:title\" content=\"Architetti | Produttore di rubinetti elettronici e a chiusura automatica\" \/>\n<meta property=\"og:description\" content=\"Vi aiuteremo a realizzare i vostri concetti e a selezionare le attrezzature e i sistemi sanitari pi\u00f9 adatti.\" \/>\n<meta property=\"og:url\" content=\"https:\/\/presto.fr\/it\/partner\/architetti\/\" \/>\n<meta property=\"og:site_name\" content=\"Presto\" \/>\n<meta property=\"article:modified_time\" content=\"2021-10-28T14:38:22+00:00\" \/>\n<meta name=\"twitter:card\" content=\"summary_large_image\" \/>\n<meta name=\"twitter:label1\" content=\"Tempo di lettura stimato\" \/>\n\t<meta name=\"twitter:data1\" content=\"2 minuti\" \/>\n<script type=\"application\/ld+json\" class=\"yoast-schema-graph\">{\"@context\":\"https:\\\/\\\/schema.org\",\"@graph\":[{\"@type\":\"WebPage\",\"@id\":\"https:\\\/\\\/presto.fr\\\/it\\\/partner\\\/architetti\\\/\",\"url\":\"https:\\\/\\\/presto.fr\\\/it\\\/partner\\\/architetti\\\/\",\"name\":\"Architetti | Produttore di rubinetti elettronici e a chiusura automatica\",\"isPartOf\":{\"@id\":\"https:\\\/\\\/presto.fr\\\/it\\\/#website\"},\"datePublished\":\"2020-07-27T14:19:50+00:00\",\"dateModified\":\"2021-10-28T14:38:22+00:00\",\"description\":\"Vi aiuteremo a realizzare i vostri concetti e a selezionare le attrezzature e i sistemi sanitari pi\u00f9 adatti.\",\"breadcrumb\":{\"@id\":\"https:\\\/\\\/presto.fr\\\/it\\\/partner\\\/architetti\\\/#breadcrumb\"},\"inLanguage\":\"it-IT\",\"potentialAction\":[{\"@type\":\"ReadAction\",\"target\":[\"https:\\\/\\\/presto.fr\\\/it\\\/partner\\\/architetti\\\/\"]}]},{\"@type\":\"BreadcrumbList\",\"@id\":\"https:\\\/\\\/presto.fr\\\/it\\\/partner\\\/architetti\\\/#breadcrumb\",\"itemListElement\":[{\"@type\":\"ListItem\",\"position\":1,\"name\":\"Accueil\",\"item\":\"https:\\\/\\\/presto.fr\\\/it\\\/\"},{\"@type\":\"ListItem\",\"position\":2,\"name\":\"Partner\",\"item\":\"https:\\\/\\\/presto.fr\\\/it\\\/partner\\\/\"},{\"@type\":\"ListItem\",\"position\":3,\"name\":\"Architetti\"}]},{\"@type\":\"WebSite\",\"@id\":\"https:\\\/\\\/presto.fr\\\/it\\\/#website\",\"url\":\"https:\\\/\\\/presto.fr\\\/it\\\/\",\"name\":\"Presto\",\"description\":\"Robinetterie\",\"potentialAction\":[{\"@type\":\"SearchAction\",\"target\":{\"@type\":\"EntryPoint\",\"urlTemplate\":\"https:\\\/\\\/presto.fr\\\/it\\\/?s={search_term_string}\"},\"query-input\":{\"@type\":\"PropertyValueSpecification\",\"valueRequired\":true,\"valueName\":\"search_term_string\"}}],\"inLanguage\":\"it-IT\"}]}<\/script>\n<!-- \/ Yoast SEO plugin. -->","yoast_head_json":{"title":"Architetti | Produttore di rubinetti elettronici e a chiusura automatica","description":"Vi aiuteremo a realizzare i vostri concetti e a selezionare le attrezzature e i sistemi sanitari pi\u00f9 adatti.","robots":{"index":"index","follow":"follow","max-snippet":"max-snippet:-1","max-image-preview":"max-image-preview:large","max-video-preview":"max-video-preview:-1"},"canonical":"https:\/\/presto.fr\/it\/partner\/architetti\/","og_locale":"it_IT","og_type":"article","og_title":"Architetti | Produttore di rubinetti elettronici e a chiusura automatica","og_description":"Vi aiuteremo a realizzare i vostri concetti e a selezionare le attrezzature e i sistemi sanitari pi\u00f9 adatti.","og_url":"https:\/\/presto.fr\/it\/partner\/architetti\/","og_site_name":"Presto","article_modified_time":"2021-10-28T14:38:22+00:00","twitter_card":"summary_large_image","twitter_misc":{"Tempo di lettura stimato":"2 minuti"},"schema":{"@context":"https:\/\/schema.org","@graph":[{"@type":"WebPage","@id":"https:\/\/presto.fr\/it\/partner\/architetti\/","url":"https:\/\/presto.fr\/it\/partner\/architetti\/","name":"Architetti | Produttore di rubinetti elettronici e a chiusura automatica","isPartOf":{"@id":"https:\/\/presto.fr\/it\/#website"},"datePublished":"2020-07-27T14:19:50+00:00","dateModified":"2021-10-28T14:38:22+00:00","description":"Vi aiuteremo a realizzare i vostri concetti e a selezionare le attrezzature e i sistemi sanitari pi\u00f9 adatti.","breadcrumb":{"@id":"https:\/\/presto.fr\/it\/partner\/architetti\/#breadcrumb"},"inLanguage":"it-IT","potentialAction":[{"@type":"ReadAction","target":["https:\/\/presto.fr\/it\/partner\/architetti\/"]}]},{"@type":"BreadcrumbList","@id":"https:\/\/presto.fr\/it\/partner\/architetti\/#breadcrumb","itemListElement":[{"@type":"ListItem","position":1,"name":"Accueil","item":"https:\/\/presto.fr\/it\/"},{"@type":"ListItem","position":2,"name":"Partner","item":"https:\/\/presto.fr\/it\/partner\/"},{"@type":"ListItem","position":3,"name":"Architetti"}]},{"@type":"WebSite","@id":"https:\/\/presto.fr\/it\/#website","url":"https:\/\/presto.fr\/it\/","name":"Presto","description":"Robinetterie","potentialAction":[{"@type":"SearchAction","target":{"@type":"EntryPoint","urlTemplate":"https:\/\/presto.fr\/it\/?s={search_term_string}"},"query-input":{"@type":"PropertyValueSpecification","valueRequired":true,"valueName":"search_term_string"}}],"inLanguage":"it-IT"}]}},"_links":{"self":[{"href":"https:\/\/presto.fr\/it\/wp-json\/wp\/v2\/pages\/6063","targetHints":{"allow":["GET"]}}],"collection":[{"href":"https:\/\/presto.fr\/it\/wp-json\/wp\/v2\/pages"}],"about":[{"href":"https:\/\/presto.fr\/it\/wp-json\/wp\/v2\/types\/page"}],"author":[{"embeddable":true,"href":"https:\/\/presto.fr\/it\/wp-json\/wp\/v2\/users\/1"}],"replies":[{"embeddable":true,"href":"https:\/\/presto.fr\/it\/wp-json\/wp\/v2\/comments?post=6063"}],"version-history":[{"count":6,"href":"https:\/\/presto.fr\/it\/wp-json\/wp\/v2\/pages\/6063\/revisions"}],"predecessor-version":[{"id":7227,"href":"https:\/\/presto.fr\/it\/wp-json\/wp\/v2\/pages\/6063\/revisions\/7227"}],"up":[{"embeddable":true,"href":"https:\/\/presto.fr\/it\/wp-json\/wp\/v2\/pages\/5782"}],"wp:attachment":[{"href":"https:\/\/presto.fr\/it\/wp-json\/wp\/v2\/media?parent=6063"}],"curies":[{"name":"wp","href":"https:\/\/api.w.org\/{rel}","templated":true}]}}