{"id":6074,"date":"2020-07-26T18:41:01","date_gmt":"2020-07-26T18:41:01","guid":{"rendered":"https:\/\/presto.fr\/fr\/partner\/distributeurs\/"},"modified":"2021-08-11T15:05:58","modified_gmt":"2021-08-11T15:05:58","slug":"distributori","status":"publish","type":"page","link":"https:\/\/presto.fr\/it\/partner\/distributori\/","title":{"rendered":"Distributori"},"content":{"rendered":"<div class=\"wpb-content-wrapper\"><p>[vc_row full_width=&#8221;stretch_row_content_no_spaces&#8221; el_class=&#8221;rangee-slider&#8221;][vc_column][rev_slider_vc alias=&#8221;distributeurs-it&#8221;][vc_column_text el_class=&#8221;responsivenone responsive496 text-bottom-slide&#8221;]All&#8217;origine dei luoghi, siete il nostro primo partner. Progettare spazi o strutture destinate ad accogliere un gran numero e variet\u00e0 di persone impone spesso i pi\u00f9 elevati requisiti tecnici in materia di risparmio e igiene.<br \/>\nUn rubinetto non \u00e8 un dettaglio perch\u00e9 contribuisce ad offrire un&#8217;esperienza di qualit\u00e0 alle persone di passaggio e\/o a quelle che vivranno e lavoreranno all&#8217;interno delle vostre creazioni.[\/vc_column_text][\/vc_column][\/vc_row][vc_row el_class=&#8221;bot_slide_part&#8221;][vc_column][vc_empty_space height=&#8221;40px&#8221;][vc_row_inner][vc_column_inner el_class=&#8221;pro-distrib&#8221; width=&#8221;1\/2&#8243;][vc_column_text el_class=&#8221;presto-rayonne&#8221;]Per un distributore essere efficiente significa anche rispondere chiaramente, rapidamente e con soluzioni concrete alle richieste di prodotti conformi alle normative e con un ottimo rapporto qualit\u00e0\/prezzo. Il vostro cliente chieder\u00e0 quasi sempre un vostro consiglio.<br \/>\nAnche se pu\u00f2 sembrare semplice, la richiesta di una rubinetteria solleva questioni tecniche ed economiche alle quali bisogna saper rispondere con prontezza.[\/vc_column_text][\/vc_column_inner][vc_column_inner width=&#8221;1\/2&#8243;][vc_column_text el_class=&#8221;presto-rayonne&#8221;]Per aiutarvi ogni giorno, PRESTO si impegna a garantire la disponibilit\u00e0 del suo team commerciale, la qualit\u00e0 e l&#8217;accessibilit\u00e0 delle informazioni da trasmettervi ogni volta che ne avrete bisogno.<\/p>\n<p>Per aiutare i vostri clienti ed i vostri collaboratori, PRESTO propone anche corsi di formazione ed eventi.[\/vc_column_text][\/vc_column_inner][\/vc_row_inner][vc_empty_space height=&#8221;40px&#8221;][\/vc_column][\/vc_row][vc_row full_width=&#8221;stretch_row_content_no_spaces&#8221; css=&#8221;.vc_custom_1601561503152{background-image: url(http:\/\/presto.fr\/wp-content\/uploads\/2020\/06\/fond-rayer.png?id=297) !important;}&#8221;][vc_column][vc_empty_space][\/vc_column][\/vc_row][vc_row el_class=&#8221;ranger-temoin&#8221;][vc_column][vc_column_text el_class=&#8221;titre-projets title-tem&#8221;]<\/p>\n<h2>LE VOSTRE TESTIMONIANZE<\/h2>\n<p>[\/vc_column_text]    \n\n            <div class=\"row_temoignage\">\n\t\t\t\t                    <div class=\"untemoignage\">\n                        <div class=\"texte_temoignage\">\n                            \" En deux mots je suis tr\u00e8s satisfait des produits Presto et Sanifirst dans l\u2019ensemble. Ils sont de qualit\u00e9. De plus les d\u00e9lais de livraison sont corrects. La cellule chiffrage chantier est tr\u00e8s efficace. \"                        <\/div>\n                        <div class=\"texte_auteur\">\n                            Geoffrey Cour, Responsable Commercial \u00e0 Pastor Mougins (06)                        <\/div>\n                    <\/div>\n                                    <div class=\"untemoignage\">\n                        <div class=\"texte_temoignage\">\n                            \" Une pr\u00e9sence terrain r\u00e9guli\u00e8re et efficiente combin\u00e9e \u00e0 des r\u00e9ponses adapt\u00e9es : Voil\u00e0 le v\u00e9ritable partenariat commercial. \"                        <\/div>\n                        <div class=\"texte_auteur\">\n                            Christophe Jasnot, Responsable d'Agence Mabille Tereva, Saint Etienne du Rouvray (76)                          <\/div>\n                    <\/div>\n                                    <div class=\"untemoignage\">\n                        <div class=\"texte_temoignage\">\n                            \" Des produits irr\u00e9prochables, robustes, au juste prix, des \u00e9quipes commerciales et ADV \u00e0 l\u2019\u00e9coute et toujours disponibles,  what else!... \"                        <\/div>\n                        <div class=\"texte_auteur\">\n                            Sandra FILLOD, Responsable du service achat, Ste PLOMBERIUM, TAHITI                        <\/div>\n                    <\/div>\n                            <\/div>\n\n    [\/vc_column][\/vc_row][vc_row full_width=&#8221;stretch_row_content_no_spaces&#8221; css=&#8221;.vc_custom_1591025092595{background-image: url(http:\/\/presto.fr\/wp-content\/uploads\/2020\/06\/fond-rayer.png?id=297) !important;}&#8221;][vc_column][vc_btn title=&#8221;Scarica la nostra brochure aziendale&#8221; link=&#8221;url:https%3A%2F%2Ffr.calameo.com%2Fpresto%2Fread%2F00417690585adc7c66238|||&#8221; el_class=&#8221;btn-simple btn-vert-simple&#8221;][\/vc_column][\/vc_row][vc_row full_width=&#8221;stretch_row_content_no_spaces&#8221; css=&#8221;.vc_custom_1589827027069{background-color: #008c76 !important;}&#8221;][vc_column][vc_row_inner el_class=&#8221;rangee-info architectes&#8221;][vc_column_inner el_class=&#8221;encart-quatre&#8221; width=&#8221;1\/4&#8243; css=&#8221;.vc_custom_1598950535834{padding-right: 40px !important;}&#8221;][vc_single_image image=&#8221;728&#8243; img_size=&#8221;full&#8221; alignment=&#8221;center&#8221; onclick=&#8221;custom_link&#8221; link=&#8221;https:\/\/www.polantis.com\/presto&#8221;][vc_column_text]<\/p>\n<p style=\"text-align: center;\"><strong>I nostri strumenti self-service<\/strong><\/p>\n<p style=\"text-align: center;\"><span style=\"color: #ffffff;\"><a style=\"color: #ffffff;\" href=\"http:\/\/www.prestobim.com\">Consulta e scarica tutti i nostri documenti tecnici: schede prodotto, certificazioni, fotografie, disegni<\/a><\/span>dimensionali, manuali sul nostro portale<span style=\"color: #ffffff;\"><em>\u00a0<\/em><a class=\"text_underline\" style=\"color: #ffffff;\" href=\"http:\/\/www.prestodatashare.com\/centretelechargement\/index.php?lang=IT\" target=\"_blank\" rel=\"noopener noreferrer\">PRESTODATASHARE<\/a><\/span><\/p>\n<p>[\/vc_column_text][\/vc_column_inner][vc_column_inner el_class=&#8221;encart-quatre centregauche&#8221; width=&#8221;1\/4&#8243;][vc_single_image image=&#8221;726&#8243; img_size=&#8221;full&#8221; alignment=&#8221;center&#8221; onclick=&#8221;custom_link&#8221; img_link_target=&#8221;_blank&#8221; link=&#8221;https:\/\/presto.fr\/fr\/?page_id=509&#8243;][vc_column_text]<\/p>\n<p style=\"text-align: center;\"><strong>Nostra rete commerciale<\/strong><\/p>\n<p style=\"text-align: center;\">Cerca i recapiti della nostra rete agenti sul nostro <a href=\"http:\/\/presto.fr\/fr\/store-locator\/\"><u>locator<\/u><\/a>.<\/p>\n<p>[\/vc_column_text][\/vc_column_inner][vc_column_inner el_class=&#8221;encart-quatre centredroite&#8221; width=&#8221;1\/4&#8243;][vc_single_image image=&#8221;1931&#8243; img_size=&#8221;full&#8221; alignment=&#8221;center&#8221;][vc_column_text]<\/p>\n<p style=\"text-align: center;\"><strong>Le nostre realizzazioni pi\u00f9 prestigiose<\/strong><\/p>\n<p style=\"text-align: center;\">Scopri <span class=\"openprojets\">le nostre realizzazioni<\/span>\u00a0per tipologia di edificio: scuole, ospedali, aeroporti, tempo libero&#8230;<br \/>\nIl nostro <span class=\"openprojets text_underline\">elenco di realizzazion<\/span> ti permette di conoscere meglio la specificit\u00e0 dei nostri prodotti.<\/p>\n<p>[\/vc_column_text][\/vc_column_inner][vc_column_inner el_class=&#8221;encart-quatre&#8221; width=&#8221;1\/4&#8243;][vc_single_image image=&#8221;729&#8243; img_size=&#8221;full&#8221; alignment=&#8221;center&#8221; onclick=&#8221;custom_link&#8221; link=&#8221;https:\/\/presto.fr\/fr\/?page_id=15&#8243;][vc_column_text]<\/p>\n<p style=\"text-align: center;\"><strong>Contattaci per i tuoi progetti<\/strong><\/p>\n<p style=\"text-align: center;\">Siamo a disposizione per aiutartil nella creazione dei vostri progetti. Chiama al +39 0183 19 72 929 oppure utilizzate la nostra <span style=\"color: #ffffff;\"> <a class=\"text_underline\" style=\"color: #ffffff;\" href=\"https:\/\/presto.fr\/fr\/it\/contact\/\">sezione dedicata.<\/a><\/span><\/p>\n<p>[\/vc_column_text][\/vc_column_inner][\/vc_row_inner][vc_empty_space height=&#8221;40px&#8221;][\/vc_column][\/vc_row][vc_row full_width=&#8221;stretch_row_content&#8221; el_class=&#8221;galerie-de-photo&#8221;][vc_column][vc_empty_space height=&#8221;40px&#8221;][vc_column_text el_class=&#8221;titre-classique&#8221; css=&#8221;.vc_custom_1626944534427{margin-bottom: 70px !important;}&#8221;]<\/p>\n<p style=\"text-align: center;\">Galleria fotografica<\/p>\n<p>[\/vc_column_text]    \n        <div class=\"campagne_com\">\n            <div class=\"slide_campagne_com\">\n                \n                                    <div class=\"oneimage\">\n                        <img decoding=\"async\" src=\"\"\/>\n                    <\/div>\n                                    <div class=\"oneimage\">\n                        <img decoding=\"async\" src=\"https:\/\/presto.fr\/wp-content\/uploads\/2020\/10\/PRESTO\u00ae_LAVABO_PRESTORIZON-1.jpg\"\/>\n                    <\/div>\n                                    <div class=\"oneimage\">\n                        <img decoding=\"async\" src=\"https:\/\/presto.fr\/wp-content\/uploads\/2020\/10\/PRESTO\u00ae_LAVABO_SOO-1.jpg\"\/>\n                    <\/div>\n                                    <div class=\"oneimage\">\n                        <img decoding=\"async\" src=\"https:\/\/presto.fr\/wp-content\/uploads\/2020\/10\/PRESTO\u00ae_LAVABO_TOUCH-1.jpg\"\/>\n                    <\/div>\n                                    <div class=\"oneimage\">\n                        <img decoding=\"async\" src=\"https:\/\/presto.fr\/wp-content\/uploads\/2020\/10\/PRESTO\u00ae_LAVABO_VOLTA-1.jpg\"\/>\n                    <\/div>\n                                    <div class=\"oneimage\">\n                        <img decoding=\"async\" src=\"https:\/\/presto.fr\/wp-content\/uploads\/2020\/10\/PRESTO\u00ae_NOVA-2-1.jpg\"\/>\n                    <\/div>\n                                    <div class=\"oneimage\">\n                        <img decoding=\"async\" src=\"https:\/\/presto.fr\/wp-content\/uploads\/2020\/10\/PRESTO\u00ae_URINOIR_SENSAO_8100N-1.jpg\"\/>\n                    <\/div>\n                                    <div class=\"oneimage\">\n                        <img decoding=\"async\" src=\"https:\/\/presto.fr\/wp-content\/uploads\/2020\/10\/PRESTO\u00ae_BARRE-SIEGE-PMR-1.jpg\"\/>\n                    <\/div>\n                                    <div class=\"oneimage\">\n                        <img decoding=\"async\" src=\"https:\/\/presto.fr\/wp-content\/uploads\/2020\/10\/PRESTO\u00ae_BARRE-SIEGE-PMR-1.jpg\"\/>\n                    <\/div>\n                                    <div class=\"oneimage\">\n                        <img decoding=\"async\" src=\"https:\/\/presto.fr\/wp-content\/uploads\/2020\/10\/PRESTO\u00ae_CHASSE_P1000XL-1.jpg\"\/>\n                    <\/div>\n                                    <div class=\"oneimage\">\n                        <img decoding=\"async\" src=\"https:\/\/presto.fr\/wp-content\/uploads\/2020\/10\/PRESTO\u00ae_CHASSES_P1000XL_DVA-1.jpg\"\/>\n                    <\/div>\n                                    <div class=\"oneimage\">\n                        <img decoding=\"async\" src=\"https:\/\/presto.fr\/wp-content\/uploads\/2020\/10\/PRESTO\u00ae_CHASSES_P7100XL-1.jpg\"\/>\n                    <\/div>\n                                    <div class=\"oneimage\">\n                        <img decoding=\"async\" src=\"https:\/\/presto.fr\/wp-content\/uploads\/2020\/10\/PRESTO\u00ae_DL-400-E-SENSOR-1.jpg\"\/>\n                    <\/div>\n                                    <div class=\"oneimage\">\n                        <img decoding=\"async\" src=\"https:\/\/presto.fr\/wp-content\/uploads\/2020\/10\/PRESTO\u00ae_DOUCHE_ALPA-1.jpg\"\/>\n                    <\/div>\n                                    <div class=\"oneimage\">\n                        <img decoding=\"async\" src=\"https:\/\/presto.fr\/wp-content\/uploads\/2020\/10\/PRESTO\u00ae_DOUCHE_BOX_Thermostatique_Touch-1.jpg\"\/>\n                    <\/div>\n                                    <div class=\"oneimage\">\n                        <img decoding=\"async\" src=\"https:\/\/presto.fr\/wp-content\/uploads\/2020\/10\/PRESTO\u00ae_DOUCHE_MASTERMIX-1.jpg\"\/>\n                    <\/div>\n                                    <div class=\"oneimage\">\n                        <img decoding=\"async\" src=\"https:\/\/presto.fr\/wp-content\/uploads\/2020\/10\/PRESTO\u00ae_DOUCHE_PRESTOTEM2.jpg\"\/>\n                    <\/div>\n                                    <div class=\"oneimage\">\n                        <img decoding=\"async\" src=\"https:\/\/presto.fr\/wp-content\/uploads\/2020\/10\/PRESTO\u00ae_DOUCHETTE_PRESTOTEM2.jpg\"\/>\n                    <\/div>\n                                    <div class=\"oneimage\">\n                        <img decoding=\"async\" src=\"https:\/\/presto.fr\/wp-content\/uploads\/2020\/10\/PRESTO\u00ae_DRY.jpg\"\/>\n                    <\/div>\n                                    <div class=\"oneimage\">\n                        <img decoding=\"async\" src=\"https:\/\/presto.fr\/wp-content\/uploads\/2020\/10\/PRESTO\u00ae_GRANDE-CUISINE_CHEF.jpg\"\/>\n                    <\/div>\n                                    <div class=\"oneimage\">\n                        <img decoding=\"async\" src=\"https:\/\/presto.fr\/wp-content\/uploads\/2020\/10\/PRESTO\u00ae_LABORATOIRE_FIRST-LABO-2.jpg\"\/>\n                    <\/div>\n                                    <div class=\"oneimage\">\n                        <img decoding=\"async\" src=\"https:\/\/presto.fr\/wp-content\/uploads\/2020\/10\/PRESTO\u00ae_LAVABO_500.jpg\"\/>\n                    <\/div>\n                                    <div class=\"oneimage\">\n                        <img decoding=\"async\" src=\"https:\/\/presto.fr\/wp-content\/uploads\/2020\/10\/PRESTO\u00ae_LAVABO_DETECTION_MODULAIRE.jpg\"\/>\n                    <\/div>\n                                    <div class=\"oneimage\">\n                        <img decoding=\"async\" src=\"https:\/\/presto.fr\/wp-content\/uploads\/2020\/10\/PRESTO\u00ae_LAVABO_HOPTIM.jpg\"\/>\n                    <\/div>\n                                    <div class=\"oneimage\">\n                        <img decoding=\"async\" src=\"https:\/\/presto.fr\/wp-content\/uploads\/2020\/10\/PRESTO\u00ae_LAVABO_MASTERMIX.jpg\"\/>\n                    <\/div>\n                                    <div class=\"oneimage\">\n                        <img decoding=\"async\" src=\"https:\/\/presto.fr\/wp-content\/uploads\/2020\/10\/PRESTO\u00ae_LAVABO_NEO.jpg\"\/>\n                    <\/div>\n                            <\/div>\n        <\/div>\n\n    [\/vc_column][\/vc_row][vc_row][vc_column][\/vc_column][\/vc_row][vc_row full_width=&#8221;stretch_row_content_no_spaces&#8221; css=&#8221;.vc_custom_1591025092595{background-image: url(http:\/\/presto.fr\/wp-content\/uploads\/2020\/06\/fond-rayer.png?id=297) !important;}&#8221;][vc_column][vc_btn title=&#8221;Scarica tutte le foto&#8221; link=&#8221;url:http%3A%2F%2Fpresto.fr%2Fwp-content%2Fuploads%2F2020%2F09%2FGALERIE-DISTRIBUTEURS-JOURNALISTES.zip|||&#8221; el_class=&#8221;btn-simple btn-vert-simple&#8221;][\/vc_column][\/vc_row]<\/p>\n<\/div>","protected":false},"excerpt":{"rendered":"<p>[vc_row full_width=&#8221;stretch_row_content_no_spaces&#8221; el_class=&#8221;rangee-slider&#8221;][vc_column][rev_slider_vc alias=&#8221;distributeurs-it&#8221;][vc_column_text el_class=&#8221;responsivenone responsive496 text-bottom-slide&#8221;]All&#8217;origine dei luoghi, siete il nostro primo partner. Progettare spazi o strutture destinate ad accogliere un gran numero e variet\u00e0 di persone impone spesso i pi\u00f9 elevati requisiti tecnici in materia di risparmio e igiene. Un rubinetto non \u00e8 un dettaglio perch\u00e9 contribuisce ad offrire un&#8217;esperienza di qualit\u00e0 alle<\/p>\n","protected":false},"author":1,"featured_media":0,"parent":5782,"menu_order":2,"comment_status":"closed","ping_status":"closed","template":"","meta":{"_acf_changed":false,"footnotes":""},"class_list":["post-6074","page","type-page","status-publish","hentry"],"acf":[],"yoast_head":"<!-- This site is optimized with the Yoast SEO plugin v27.4 - https:\/\/yoast.com\/product\/yoast-seo-wordpress\/ -->\n<title>Distributori | Scopri i nostri partner | PRESTO<\/title>\n<meta name=\"description\" content=\"Per guidarvi, PRESTO si impegna a garantire la sua disponibilit\u00e0, come l&#039;accessibilit\u00e0 e la qualit\u00e0 delle informazioni trasmesse ai distributori.\" \/>\n<meta name=\"robots\" content=\"index, follow, max-snippet:-1, max-image-preview:large, max-video-preview:-1\" \/>\n<link rel=\"canonical\" href=\"https:\/\/presto.fr\/it\/partner\/distributori\/\" \/>\n<meta property=\"og:locale\" content=\"it_IT\" \/>\n<meta property=\"og:type\" content=\"article\" \/>\n<meta property=\"og:title\" content=\"Distributori | Scopri i nostri partner | PRESTO\" \/>\n<meta property=\"og:description\" content=\"Per guidarvi, PRESTO si impegna a garantire la sua disponibilit\u00e0, come l&#039;accessibilit\u00e0 e la qualit\u00e0 delle informazioni trasmesse ai distributori.\" \/>\n<meta property=\"og:url\" content=\"https:\/\/presto.fr\/it\/partner\/distributori\/\" \/>\n<meta property=\"og:site_name\" content=\"Presto\" \/>\n<meta property=\"article:modified_time\" content=\"2021-08-11T15:05:58+00:00\" \/>\n<meta name=\"twitter:card\" content=\"summary_large_image\" \/>\n<meta name=\"twitter:label1\" content=\"Tempo di lettura stimato\" \/>\n\t<meta name=\"twitter:data1\" content=\"2 minuti\" \/>\n<script type=\"application\/ld+json\" class=\"yoast-schema-graph\">{\"@context\":\"https:\\\/\\\/schema.org\",\"@graph\":[{\"@type\":\"WebPage\",\"@id\":\"https:\\\/\\\/presto.fr\\\/it\\\/partner\\\/distributori\\\/\",\"url\":\"https:\\\/\\\/presto.fr\\\/it\\\/partner\\\/distributori\\\/\",\"name\":\"Distributori | Scopri i nostri partner | PRESTO\",\"isPartOf\":{\"@id\":\"https:\\\/\\\/presto.fr\\\/it\\\/#website\"},\"datePublished\":\"2020-07-26T18:41:01+00:00\",\"dateModified\":\"2021-08-11T15:05:58+00:00\",\"description\":\"Per guidarvi, PRESTO si impegna a garantire la sua disponibilit\u00e0, come l'accessibilit\u00e0 e la qualit\u00e0 delle informazioni trasmesse ai distributori.\",\"breadcrumb\":{\"@id\":\"https:\\\/\\\/presto.fr\\\/it\\\/partner\\\/distributori\\\/#breadcrumb\"},\"inLanguage\":\"it-IT\",\"potentialAction\":[{\"@type\":\"ReadAction\",\"target\":[\"https:\\\/\\\/presto.fr\\\/it\\\/partner\\\/distributori\\\/\"]}]},{\"@type\":\"BreadcrumbList\",\"@id\":\"https:\\\/\\\/presto.fr\\\/it\\\/partner\\\/distributori\\\/#breadcrumb\",\"itemListElement\":[{\"@type\":\"ListItem\",\"position\":1,\"name\":\"Accueil\",\"item\":\"https:\\\/\\\/presto.fr\\\/it\\\/\"},{\"@type\":\"ListItem\",\"position\":2,\"name\":\"Partner\",\"item\":\"https:\\\/\\\/presto.fr\\\/it\\\/partner\\\/\"},{\"@type\":\"ListItem\",\"position\":3,\"name\":\"Distributori\"}]},{\"@type\":\"WebSite\",\"@id\":\"https:\\\/\\\/presto.fr\\\/it\\\/#website\",\"url\":\"https:\\\/\\\/presto.fr\\\/it\\\/\",\"name\":\"Presto\",\"description\":\"Robinetterie\",\"potentialAction\":[{\"@type\":\"SearchAction\",\"target\":{\"@type\":\"EntryPoint\",\"urlTemplate\":\"https:\\\/\\\/presto.fr\\\/it\\\/?s={search_term_string}\"},\"query-input\":{\"@type\":\"PropertyValueSpecification\",\"valueRequired\":true,\"valueName\":\"search_term_string\"}}],\"inLanguage\":\"it-IT\"}]}<\/script>\n<!-- \/ Yoast SEO plugin. -->","yoast_head_json":{"title":"Distributori | Scopri i nostri partner | PRESTO","description":"Per guidarvi, PRESTO si impegna a garantire la sua disponibilit\u00e0, come l'accessibilit\u00e0 e la qualit\u00e0 delle informazioni trasmesse ai distributori.","robots":{"index":"index","follow":"follow","max-snippet":"max-snippet:-1","max-image-preview":"max-image-preview:large","max-video-preview":"max-video-preview:-1"},"canonical":"https:\/\/presto.fr\/it\/partner\/distributori\/","og_locale":"it_IT","og_type":"article","og_title":"Distributori | Scopri i nostri partner | PRESTO","og_description":"Per guidarvi, PRESTO si impegna a garantire la sua disponibilit\u00e0, come l'accessibilit\u00e0 e la qualit\u00e0 delle informazioni trasmesse ai distributori.","og_url":"https:\/\/presto.fr\/it\/partner\/distributori\/","og_site_name":"Presto","article_modified_time":"2021-08-11T15:05:58+00:00","twitter_card":"summary_large_image","twitter_misc":{"Tempo di lettura stimato":"2 minuti"},"schema":{"@context":"https:\/\/schema.org","@graph":[{"@type":"WebPage","@id":"https:\/\/presto.fr\/it\/partner\/distributori\/","url":"https:\/\/presto.fr\/it\/partner\/distributori\/","name":"Distributori | Scopri i nostri partner | PRESTO","isPartOf":{"@id":"https:\/\/presto.fr\/it\/#website"},"datePublished":"2020-07-26T18:41:01+00:00","dateModified":"2021-08-11T15:05:58+00:00","description":"Per guidarvi, PRESTO si impegna a garantire la sua disponibilit\u00e0, come l'accessibilit\u00e0 e la qualit\u00e0 delle informazioni trasmesse ai distributori.","breadcrumb":{"@id":"https:\/\/presto.fr\/it\/partner\/distributori\/#breadcrumb"},"inLanguage":"it-IT","potentialAction":[{"@type":"ReadAction","target":["https:\/\/presto.fr\/it\/partner\/distributori\/"]}]},{"@type":"BreadcrumbList","@id":"https:\/\/presto.fr\/it\/partner\/distributori\/#breadcrumb","itemListElement":[{"@type":"ListItem","position":1,"name":"Accueil","item":"https:\/\/presto.fr\/it\/"},{"@type":"ListItem","position":2,"name":"Partner","item":"https:\/\/presto.fr\/it\/partner\/"},{"@type":"ListItem","position":3,"name":"Distributori"}]},{"@type":"WebSite","@id":"https:\/\/presto.fr\/it\/#website","url":"https:\/\/presto.fr\/it\/","name":"Presto","description":"Robinetterie","potentialAction":[{"@type":"SearchAction","target":{"@type":"EntryPoint","urlTemplate":"https:\/\/presto.fr\/it\/?s={search_term_string}"},"query-input":{"@type":"PropertyValueSpecification","valueRequired":true,"valueName":"search_term_string"}}],"inLanguage":"it-IT"}]}},"_links":{"self":[{"href":"https:\/\/presto.fr\/it\/wp-json\/wp\/v2\/pages\/6074","targetHints":{"allow":["GET"]}}],"collection":[{"href":"https:\/\/presto.fr\/it\/wp-json\/wp\/v2\/pages"}],"about":[{"href":"https:\/\/presto.fr\/it\/wp-json\/wp\/v2\/types\/page"}],"author":[{"embeddable":true,"href":"https:\/\/presto.fr\/it\/wp-json\/wp\/v2\/users\/1"}],"replies":[{"embeddable":true,"href":"https:\/\/presto.fr\/it\/wp-json\/wp\/v2\/comments?post=6074"}],"version-history":[{"count":7,"href":"https:\/\/presto.fr\/it\/wp-json\/wp\/v2\/pages\/6074\/revisions"}],"predecessor-version":[{"id":7095,"href":"https:\/\/presto.fr\/it\/wp-json\/wp\/v2\/pages\/6074\/revisions\/7095"}],"up":[{"embeddable":true,"href":"https:\/\/presto.fr\/it\/wp-json\/wp\/v2\/pages\/5782"}],"wp:attachment":[{"href":"https:\/\/presto.fr\/it\/wp-json\/wp\/v2\/media?parent=6074"}],"curies":[{"name":"wp","href":"https:\/\/api.w.org\/{rel}","templated":true}]}}