{"id":7201,"date":"2021-09-06T07:00:10","date_gmt":"2021-09-06T07:00:10","guid":{"rendered":"https:\/\/presto.fr\/fr\/azienda\/showroom\/"},"modified":"2022-08-29T14:18:36","modified_gmt":"2022-08-29T12:18:36","slug":"showroom","status":"publish","type":"page","link":"https:\/\/presto.fr\/it\/azienda\/showroom\/","title":{"rendered":"Showroom"},"content":{"rendered":"<div class=\"wpb-content-wrapper\"><p>[vc_row full_width=&#8221;stretch_row_content_no_spaces&#8221; el_class=&#8221;rangee-slider&#8221;][vc_column][rev_slider_vc alias=&#8221;showroom-it&#8221;][vc_column_text el_class=&#8221;responsivenone responsive496 text-bottom-slide&#8221;]<strong>Tuffati nell\u2019universo PRESTO aprendo le porte del nostro salone virtuale<\/strong>[\/vc_column_text][\/vc_column][\/vc_row][vc_row el_class=&#8221;row_text_emploi&#8221;][vc_column][vc_empty_space height=&#8221;70px&#8221;][vc_row_inner el_class=&#8221;col_with_empreinte&#8221;][vc_column_inner el_class=&#8221;marques&#8221; width=&#8221;1\/2&#8243;][vc_column_text el_class=&#8221;texte-simple&#8221; css=&#8221;.vc_custom_1634796263255{margin-bottom: 0px !important;}&#8221;]Specialista della rubinetteria per collettivit\u00e0 dal 1927, PRESTO offre un\u2019ampia gamma di rubinetteria per lavabo, doccia, orinatoi e wc appositamente studiate per tutte le strutture aperte al pubblico. Inoltre, oltre ad essere pioniere della rubinetteria temporizzata per collettivit\u00e0, ha una linea professionale di rubinetteria per bar e cucine industriali ed un marchio specifico per le strutture sanitarie.[\/vc_column_text][vc_empty_space height=&#8221;35px&#8221;][vc_column_text el_class=&#8221;texte-simple&#8221; css=&#8221;.vc_custom_1634796350940{margin-bottom: 0px !important;}&#8221;]Attento al <strong>consumo d&#8217;acqua nelle strutture per collettivit\u00e0<\/strong>, il nostro marchio progetta e innova continuamente per proporre rubinetti facili da usare, robusti e affidabili. Offriamo un&#8217;ampia scelta di <strong>rubinetteria temporizzata elettronica<\/strong> e <strong>meccanica<\/strong> per ottimizzare i consumi d&#8217;acqua nelle strutture aperte al pubblico.[\/vc_column_text][vc_empty_space height=&#8221;35px&#8221;][\/vc_column_inner][vc_column_inner el_class=&#8221;etat-esprit&#8221; width=&#8221;1\/2&#8243;][vc_column_text el_class=&#8221;texte-simple&#8221; css=&#8221;.vc_custom_1634796445840{margin-bottom: 0px !important;}&#8221;]Di solito i nostri rubinetti si possono trovare in <strong>ristoranti, bar, aeroporti, autogrill, scuole, stadi, centri sportivi, alberghi, ecc<\/strong>. Senza dimenticare le <strong>strutture sanitarie<\/strong> per le <strong>quali abbiamo<\/strong> il marchio dedicato <strong>SANIFIRST\u00ae.<\/strong>[\/vc_column_text][vc_empty_space height=&#8221;25px&#8221;][vc_column_text el_class=&#8221;texte-simple&#8221; css=&#8221;.vc_custom_1634796403850{margin-bottom: 0px !important;}&#8221;]Aujourd\u2019hui, laissez-vous porter au fil de l\u2019eau dans ces diff\u00e9rents univers pour partir \u00e0 la d\u00e9couverte de nos robinets dans leurs environnements respectifs. En totale immersion, explorez <strong>toutes les caract\u00e9ristiques d\u2019une s\u00e9lection de produits installable dans les \u00e9tablissements recevant du public<\/strong>.<\/p>\n<p>Oggi, lasciati trasportare dalla corrente in questi diversi ambienti per scoprire i nostri rubinetti nei loro \u201chabitat\u201d. Sar\u00e0 un\u2019immersione totale, durante la quale potrai esplorare tutte le <strong>caratteristiche di una selezione di prodotti installabili nelle strutture aperte al pubblico<\/strong>.[\/vc_column_text][vc_empty_space height=&#8221;60px&#8221;][vc_column_text el_class=&#8221;texte-simple&#8221; css=&#8221;.vc_custom_1634796461034{margin-bottom: 0px !important;}&#8221;]Progetti di ristrutturazione? Guarda tutte le nostre soluzioni, adatte ad ogni ambiente, per trovare l\u2019ispirazione! Ora che hai tutto ci\u00f2 che serve, apri le porte della nostra showroom virtuale![\/vc_column_text][\/vc_column_inner][\/vc_row_inner][vc_empty_space height=&#8221;35px&#8221;][vc_btn title=&#8221;Visita la nostra showroom!&#8221; link=&#8221;url:http%3A%2F%2Fwww.prestodatashare.com%2Fshowroom%2F||target:%20_blank|&#8221; el_class=&#8221;btn-vert&#8221;][vc_single_image image=&#8221;7204&#8243; img_size=&#8221;full&#8221; alignment=&#8221;center&#8221; onclick=&#8221;custom_link&#8221; link=&#8221;http:\/\/www.prestodatashare.com\/showroom\/&#8221;][vc_row_inner el_class=&#8221;col_with_empreinte&#8221;][vc_column_inner el_class=&#8221;marques&#8221; width=&#8221;1\/2&#8243;][vc_column_text]<\/p>\n<h2>Come funziona?<\/h2>\n<p>Niente di pi\u00f9 semplice! Clicca sui vari punti per entrare nelle sezioni di tuo interesse.<\/p>\n<p>Cliccando su un prodotto, potrai vedere una <strong>breve presentazione<\/strong> da parte dei nostri Product Manager e avrai un link per <strong>visitare la pagina del nostro sito web<\/strong>. Usando la rotellina del mouse puoi zoomare avanti o indietro.[\/vc_column_text][vc_empty_space height=&#8221;35px&#8221;][vc_column_text]Stai cercando una categoria particolare? Sfoglia l&#8217;elenco nel menu a sinistra.<\/p>\n<p>Per tornare all\u2019ingresso della showroom clicca sul logo PRESTO.[\/vc_column_text][vc_empty_space height=&#8221;35px&#8221;][vc_column_text]Clicca sulle pubblicit\u00e0 nella showroom per consultare le nostre brochure e i nostri video, potrai conoscere cosa ci anima dal 1927![\/vc_column_text][vc_column_text]<\/p>\n<h2>\u00a0+ altri servizi<\/h2>\n<p>[\/vc_column_text][vc_column_text]<\/p>\n<h3><strong>Contatti<\/strong><\/h3>\n<p>Per ulteriori informazioni, \u00e8 sempre possibile contattare il <strong>nostro team<\/strong> che sar\u00e0 lieto di rispondere alle richieste di offerta, assistenza tecnica e chiarimenti amministrativi.[\/vc_column_text][vc_column_text css=&#8221;.vc_custom_1634796727160{margin-bottom: 0px !important;}&#8221;]<\/p>\n<h3><strong>Servizi <\/strong><\/h3>\n<p>Trova l\u2019agenzia di zona pi\u00f9 vicina a te grazie allo store locator inserendo la tua citt\u00e0 o codice postale.<\/p>\n<p>Consulta Prestodatashare per accedere a tutte le <strong>schede tecniche<\/strong> dei prodotti, ai manuali di installazione e manutenzione, fotografie e voci di capitolato.<\/p>\n<p>Per saperne di pi\u00f9 sui nostri prodotti, i loro utilizzi e le loro caratteristiche, consulta i nostri cataloghi dal nostro sito web.<\/p>\n<p><strong>Presto App<\/strong>, l&#8217;app per trovare i codici dei pezzi di ricambio in caso di sostituzione di cartucce o parti interne dei rubinetti. Questa applicazione consente anche l&#8217;accesso a Prestodatashare e ai nostri cataloghi dal tuo smartphone.[\/vc_column_text][vc_raw_html css=&#8221;.vc_custom_1627999093186{margin-bottom: 0px !important;}&#8221;]JTNDYSUyMGhyZWYlM0QlMjdodHRwcyUzQSUyRiUyRnBsYXkuZ29vZ2xlLmNvbSUyRnN0b3JlJTJGYXBwcyUyRmRldGFpbHMlM0ZpZCUzRGNvbS5wcmVzdG8uYXBwJTI2aGwlM0RmciUyNyUyMHRhcmdldCUzRCUyMl9ibGFuayUyMiUyMCUzRSUzQ2ltZyUyMGFsdCUzRCUyN0Rpc3BvbmlibGUlMjBzdXIlMjBHb29nbGUlMjBQbGF5JTI3JTIwc3JjJTNEJTI3aHR0cHMlM0ElMkYlMkZwbGF5Lmdvb2dsZS5jb20lMkZpbnRsJTJGZW5fdXMlMkZiYWRnZXMlMkZzdGF0aWMlMkZpbWFnZXMlMkZiYWRnZXMlMkZmcl9iYWRnZV93ZWJfZ2VuZXJpYy5wbmclMjclMjBoZWlnaHQlM0QlMjIzMCUyNSUyMiUyMHdpZHRoJTNEJTIyMzAlMjUlMjIlMjAlMkYlM0UlM0MlMkZhJTNF[\/vc_raw_html][vc_raw_html]JTNDYSUyMGhyZWYlM0QlMjdodHRwcyUzQSUyRiUyRmFwcHMuYXBwbGUuY29tJTJGZnIlMkZhcHAlMkZwcmVzdG8lMkZpZDE0Nzg5MDY4NTQlMjclMjB0YXJnZXQlM0QlMjJfYmxhbmslMjIlMjAlM0UlM0NpbWclMjBhbHQlM0QlMjdEaXNwb25pYmxlJTIwc3VyJTIwQXBwJTIwc3RvcmUlMjclMjBzcmMlM0QlMjclMkZ3cC1jb250ZW50JTJGdXBsb2FkcyUyRjIwMjAlMkYwOCUyRmFwcC1zdG9yZS1iYWRnZS5wbmclMjclMjBoZWlnaHQlM0QlMjIzMCUyNSUyMiUyMHdpZHRoJTNEJTIyMzAlMjUlMjIlMjAlMkYlM0UlM0MlMkZhJTNF[\/vc_raw_html][\/vc_column_inner][vc_column_inner el_class=&#8221;etat-esprit&#8221; width=&#8221;1\/2&#8243;][vc_single_image image=&#8221;6501&#8243; img_size=&#8221;451&#215;824&#8243;][\/vc_column_inner][\/vc_row_inner][vc_row_inner el_class=&#8221;col_with_empreinte&#8221;][vc_column_inner el_class=&#8221;marques&#8221; width=&#8221;1\/2&#8243;][\/vc_column_inner][vc_column_inner el_class=&#8221;etat-esprit&#8221; width=&#8221;1\/2&#8243;][\/vc_column_inner][\/vc_row_inner][\/vc_column][\/vc_row]<\/p>\n<\/div>","protected":false},"excerpt":{"rendered":"<p>[vc_row full_width=&#8221;stretch_row_content_no_spaces&#8221; el_class=&#8221;rangee-slider&#8221;][vc_column][rev_slider_vc alias=&#8221;showroom-it&#8221;][vc_column_text el_class=&#8221;responsivenone responsive496 text-bottom-slide&#8221;]Tuffati nell\u2019universo PRESTO aprendo le porte del nostro salone virtuale[\/vc_column_text][\/vc_column][\/vc_row][vc_row el_class=&#8221;row_text_emploi&#8221;][vc_column][vc_empty_space height=&#8221;70px&#8221;][vc_row_inner el_class=&#8221;col_with_empreinte&#8221;][vc_column_inner el_class=&#8221;marques&#8221; width=&#8221;1\/2&#8243;][vc_column_text el_class=&#8221;texte-simple&#8221; css=&#8221;.vc_custom_1634796263255{margin-bottom: 0px !important;}&#8221;]Specialista della rubinetteria per collettivit\u00e0 dal 1927, PRESTO offre un\u2019ampia gamma di rubinetteria per lavabo, doccia, orinatoi e wc appositamente studiate per tutte le strutture aperte al pubblico. Inoltre, oltre ad<\/p>\n","protected":false},"author":2,"featured_media":0,"parent":5771,"menu_order":47,"comment_status":"closed","ping_status":"closed","template":"","meta":{"_acf_changed":false,"footnotes":""},"class_list":["post-7201","page","type-page","status-publish","hentry"],"acf":[],"yoast_head":"<!-- This site is optimized with the Yoast SEO plugin v27.4 - https:\/\/yoast.com\/product\/yoast-seo-wordpress\/ -->\n<title>Showroom | D\u00e9couvrez la maison PRESTO | PRESTO<\/title>\n<meta name=\"description\" content=\"Rejoindre PRESTO c\u2019est contribuer \u00e0 permettre aux lieux qui ont un besoin de consommer beaucoup d\u2019eau, de l\u2019\u00e9conomiser et de s\u00e9curiser...\" \/>\n<meta name=\"robots\" content=\"index, follow, max-snippet:-1, max-image-preview:large, max-video-preview:-1\" \/>\n<link rel=\"canonical\" href=\"https:\/\/presto.fr\/it\/azienda\/showroom\/\" \/>\n<meta property=\"og:locale\" content=\"it_IT\" \/>\n<meta property=\"og:type\" content=\"article\" \/>\n<meta property=\"og:title\" content=\"Showroom | D\u00e9couvrez la maison PRESTO | PRESTO\" \/>\n<meta property=\"og:description\" content=\"Rejoindre PRESTO c\u2019est contribuer \u00e0 permettre aux lieux qui ont un besoin de consommer beaucoup d\u2019eau, de l\u2019\u00e9conomiser et de s\u00e9curiser...\" \/>\n<meta property=\"og:url\" content=\"https:\/\/presto.fr\/it\/azienda\/showroom\/\" \/>\n<meta property=\"og:site_name\" content=\"Presto\" \/>\n<meta property=\"article:modified_time\" content=\"2022-08-29T12:18:36+00:00\" \/>\n<meta name=\"twitter:card\" content=\"summary_large_image\" \/>\n<meta name=\"twitter:label1\" content=\"Tempo di lettura stimato\" \/>\n\t<meta name=\"twitter:data1\" content=\"3 minuti\" \/>\n<script type=\"application\/ld+json\" class=\"yoast-schema-graph\">{\"@context\":\"https:\\\/\\\/schema.org\",\"@graph\":[{\"@type\":\"WebPage\",\"@id\":\"https:\\\/\\\/presto.fr\\\/it\\\/azienda\\\/showroom\\\/\",\"url\":\"https:\\\/\\\/presto.fr\\\/it\\\/azienda\\\/showroom\\\/\",\"name\":\"Showroom | D\u00e9couvrez la maison PRESTO | PRESTO\",\"isPartOf\":{\"@id\":\"https:\\\/\\\/presto.fr\\\/it\\\/#website\"},\"datePublished\":\"2021-09-06T07:00:10+00:00\",\"dateModified\":\"2022-08-29T12:18:36+00:00\",\"description\":\"Rejoindre PRESTO c\u2019est contribuer \u00e0 permettre aux lieux qui ont un besoin de consommer beaucoup d\u2019eau, de l\u2019\u00e9conomiser et de s\u00e9curiser...\",\"breadcrumb\":{\"@id\":\"https:\\\/\\\/presto.fr\\\/it\\\/azienda\\\/showroom\\\/#breadcrumb\"},\"inLanguage\":\"it-IT\",\"potentialAction\":[{\"@type\":\"ReadAction\",\"target\":[\"https:\\\/\\\/presto.fr\\\/it\\\/azienda\\\/showroom\\\/\"]}]},{\"@type\":\"BreadcrumbList\",\"@id\":\"https:\\\/\\\/presto.fr\\\/it\\\/azienda\\\/showroom\\\/#breadcrumb\",\"itemListElement\":[{\"@type\":\"ListItem\",\"position\":1,\"name\":\"Accueil\",\"item\":\"https:\\\/\\\/presto.fr\\\/it\\\/\"},{\"@type\":\"ListItem\",\"position\":2,\"name\":\"Azienda\",\"item\":\"https:\\\/\\\/presto.fr\\\/it\\\/azienda\\\/\"},{\"@type\":\"ListItem\",\"position\":3,\"name\":\"Showroom\"}]},{\"@type\":\"WebSite\",\"@id\":\"https:\\\/\\\/presto.fr\\\/it\\\/#website\",\"url\":\"https:\\\/\\\/presto.fr\\\/it\\\/\",\"name\":\"Presto\",\"description\":\"Robinetterie\",\"potentialAction\":[{\"@type\":\"SearchAction\",\"target\":{\"@type\":\"EntryPoint\",\"urlTemplate\":\"https:\\\/\\\/presto.fr\\\/it\\\/?s={search_term_string}\"},\"query-input\":{\"@type\":\"PropertyValueSpecification\",\"valueRequired\":true,\"valueName\":\"search_term_string\"}}],\"inLanguage\":\"it-IT\"}]}<\/script>\n<!-- \/ Yoast SEO plugin. -->","yoast_head_json":{"title":"Showroom | D\u00e9couvrez la maison PRESTO | PRESTO","description":"Rejoindre PRESTO c\u2019est contribuer \u00e0 permettre aux lieux qui ont un besoin de consommer beaucoup d\u2019eau, de l\u2019\u00e9conomiser et de s\u00e9curiser...","robots":{"index":"index","follow":"follow","max-snippet":"max-snippet:-1","max-image-preview":"max-image-preview:large","max-video-preview":"max-video-preview:-1"},"canonical":"https:\/\/presto.fr\/it\/azienda\/showroom\/","og_locale":"it_IT","og_type":"article","og_title":"Showroom | D\u00e9couvrez la maison PRESTO | PRESTO","og_description":"Rejoindre PRESTO c\u2019est contribuer \u00e0 permettre aux lieux qui ont un besoin de consommer beaucoup d\u2019eau, de l\u2019\u00e9conomiser et de s\u00e9curiser...","og_url":"https:\/\/presto.fr\/it\/azienda\/showroom\/","og_site_name":"Presto","article_modified_time":"2022-08-29T12:18:36+00:00","twitter_card":"summary_large_image","twitter_misc":{"Tempo di lettura stimato":"3 minuti"},"schema":{"@context":"https:\/\/schema.org","@graph":[{"@type":"WebPage","@id":"https:\/\/presto.fr\/it\/azienda\/showroom\/","url":"https:\/\/presto.fr\/it\/azienda\/showroom\/","name":"Showroom | D\u00e9couvrez la maison PRESTO | PRESTO","isPartOf":{"@id":"https:\/\/presto.fr\/it\/#website"},"datePublished":"2021-09-06T07:00:10+00:00","dateModified":"2022-08-29T12:18:36+00:00","description":"Rejoindre PRESTO c\u2019est contribuer \u00e0 permettre aux lieux qui ont un besoin de consommer beaucoup d\u2019eau, de l\u2019\u00e9conomiser et de s\u00e9curiser...","breadcrumb":{"@id":"https:\/\/presto.fr\/it\/azienda\/showroom\/#breadcrumb"},"inLanguage":"it-IT","potentialAction":[{"@type":"ReadAction","target":["https:\/\/presto.fr\/it\/azienda\/showroom\/"]}]},{"@type":"BreadcrumbList","@id":"https:\/\/presto.fr\/it\/azienda\/showroom\/#breadcrumb","itemListElement":[{"@type":"ListItem","position":1,"name":"Accueil","item":"https:\/\/presto.fr\/it\/"},{"@type":"ListItem","position":2,"name":"Azienda","item":"https:\/\/presto.fr\/it\/azienda\/"},{"@type":"ListItem","position":3,"name":"Showroom"}]},{"@type":"WebSite","@id":"https:\/\/presto.fr\/it\/#website","url":"https:\/\/presto.fr\/it\/","name":"Presto","description":"Robinetterie","potentialAction":[{"@type":"SearchAction","target":{"@type":"EntryPoint","urlTemplate":"https:\/\/presto.fr\/it\/?s={search_term_string}"},"query-input":{"@type":"PropertyValueSpecification","valueRequired":true,"valueName":"search_term_string"}}],"inLanguage":"it-IT"}]}},"_links":{"self":[{"href":"https:\/\/presto.fr\/it\/wp-json\/wp\/v2\/pages\/7201","targetHints":{"allow":["GET"]}}],"collection":[{"href":"https:\/\/presto.fr\/it\/wp-json\/wp\/v2\/pages"}],"about":[{"href":"https:\/\/presto.fr\/it\/wp-json\/wp\/v2\/types\/page"}],"author":[{"embeddable":true,"href":"https:\/\/presto.fr\/it\/wp-json\/wp\/v2\/users\/2"}],"replies":[{"embeddable":true,"href":"https:\/\/presto.fr\/it\/wp-json\/wp\/v2\/comments?post=7201"}],"version-history":[{"count":6,"href":"https:\/\/presto.fr\/it\/wp-json\/wp\/v2\/pages\/7201\/revisions"}],"predecessor-version":[{"id":8012,"href":"https:\/\/presto.fr\/it\/wp-json\/wp\/v2\/pages\/7201\/revisions\/8012"}],"up":[{"embeddable":true,"href":"https:\/\/presto.fr\/it\/wp-json\/wp\/v2\/pages\/5771"}],"wp:attachment":[{"href":"https:\/\/presto.fr\/it\/wp-json\/wp\/v2\/media?parent=7201"}],"curies":[{"name":"wp","href":"https:\/\/api.w.org\/{rel}","templated":true}]}}